{"id":109,"date":"2025-11-15T10:56:07","date_gmt":"2025-11-15T10:56:07","guid":{"rendered":"http:\/\/localhost\/sofecap\/?page_id=109"},"modified":"2025-12-09T11:11:31","modified_gmt":"2025-12-09T11:11:31","slug":"produits","status":"publish","type":"page","link":"https:\/\/sofepac.bi\/?page_id=109","title":{"rendered":"Produits"},"content":{"rendered":"\t\t<div data-elementor-type=\"wp-page\" data-elementor-id=\"109\" class=\"elementor elementor-109\">\n\t\t\t\t<div class=\"elementor-element elementor-element-bb77f1d e-flex e-con-boxed e-con e-parent\" data-id=\"bb77f1d\" data-element_type=\"container\" data-settings=\"{&quot;background_background&quot;:&quot;classic&quot;,&quot;shape_divider_bottom&quot;:&quot;tilt&quot;}\">\n\t\t\t\t\t<div class=\"e-con-inner\">\n\t\t\t\t<div class=\"elementor-shape elementor-shape-bottom\" aria-hidden=\"true\" data-negative=\"false\">\n\t\t\t<svg xmlns=\"http:\/\/www.w3.org\/2000\/svg\" viewBox=\"0 0 1000 100\" preserveAspectRatio=\"none\">\n\t<path class=\"elementor-shape-fill\" d=\"M0,6V0h1000v100L0,6z\"\/>\n<\/svg>\t\t<\/div>\n\t\t\t\t<div class=\"elementor-element elementor-element-c741828 elementor-widget elementor-widget-heading\" data-id=\"c741828\" data-element_type=\"widget\" data-widget_type=\"heading.default\">\n\t\t\t\t\t<h1 class=\"elementor-heading-title elementor-size-default\"><br>Produits<br><br><\/h1>\t\t\t\t<\/div>\n\t\t\t\t\t<\/div>\n\t\t\t\t<\/div>\n\t\t<div class=\"elementor-element elementor-element-0930070 e-flex e-con-boxed e-con e-parent\" data-id=\"0930070\" data-element_type=\"container\" data-settings=\"{&quot;background_background&quot;:&quot;classic&quot;}\">\n\t\t\t\t\t<div class=\"e-con-inner\">\n\t\t<div class=\"elementor-element elementor-element-1b5b5ab e-con-full e-flex e-con e-child\" data-id=\"1b5b5ab\" data-element_type=\"container\">\n\t\t\t\t<div class=\"elementor-element elementor-element-e98fbff elementor-widget elementor-widget-heading\" data-id=\"e98fbff\" data-element_type=\"widget\" data-widget_type=\"heading.default\">\n\t\t\t\t\t<h2 class=\"elementor-heading-title elementor-size-default\">Pourquoi les clients choisissent  la SOFEPAC S.A MICROFINANCES.A. ?<\/h2>\t\t\t\t<\/div>\n\t\t\t\t<div class=\"elementor-element elementor-element-ca090b9 elementor-widget elementor-widget-text-editor\" data-id=\"ca090b9\" data-element_type=\"widget\" data-widget_type=\"text-editor.default\">\n\t\t\t\t\t\t\t\t\t<ul><li>Des produits adapt\u00e9s \u00e0 tous les profils<\/li><li>Des proc\u00e9dures rapides et humaines<\/li><li>Une \u00e9quipe proche de vous<\/li><li>Des solutions qui donnent vraiment un coup de pouce<\/li><li>Une institution qui comprend les r\u00e9alit\u00e9s du terrain<\/li><\/ul><p>Chez <strong>SOFEPAC s.a Microfinance<\/strong>, nous ne donnons pas seulement des cr\u00e9dits :<br \/><strong>Nous donnons de l\u2019espoir, de la confiance et des opportunit\u00e9s.<\/strong><br \/>Votre projet m\u00e9rite d\u2019avancer, et nous sommes l\u00e0 pour le porter avec vous.<\/p>\t\t\t\t\t\t\t\t<\/div>\n\t\t\t\t<\/div>\n\t\t<div class=\"elementor-element elementor-element-5ab6384 e-con-full e-flex e-con e-child\" data-id=\"5ab6384\" data-element_type=\"container\">\n\t\t\t\t<div class=\"elementor-element elementor-element-510d78f elementor-widget elementor-widget-image\" data-id=\"510d78f\" data-element_type=\"widget\" data-widget_type=\"image.default\">\n\t\t\t\t\t\t\t\t\t\t\t\t\t\t\t<img fetchpriority=\"high\" decoding=\"async\" width=\"1024\" height=\"682\" src=\"https:\/\/sofepac.bi\/wp-content\/uploads\/2025\/11\/WhatsApp-Image-2025-11-15-at-13.32.52.jpeg\" class=\"attachment-large size-large wp-image-124\" alt=\"\" \/>\t\t\t\t\t\t\t\t\t\t\t\t\t\t\t<\/div>\n\t\t\t\t<\/div>\n\t\t\t\t\t<\/div>\n\t\t\t\t<\/div>\n\t\t<div class=\"elementor-element elementor-element-98a3624 e-con-full e-flex e-con e-parent\" data-id=\"98a3624\" data-element_type=\"container\">\n\t\t<div class=\"elementor-element elementor-element-b73d676 e-con-full e-flex e-con e-child\" data-id=\"b73d676\" data-element_type=\"container\" data-settings=\"{&quot;background_background&quot;:&quot;classic&quot;}\">\n\t\t<div class=\"elementor-element elementor-element-d1d5cdf e-con-full e-flex e-con e-child\" data-id=\"d1d5cdf\" data-element_type=\"container\" data-settings=\"{&quot;background_background&quot;:&quot;classic&quot;}\">\n\t\t\t\t<div class=\"elementor-element elementor-element-3daa66d elementor-widget elementor-widget-text-editor\" data-id=\"3daa66d\" data-element_type=\"widget\" data-widget_type=\"text-editor.default\">\n\t\t\t\t\t\t\t\t\t<p>C<strong>r\u00e9dit de tr\u00e9sorerie (d\u00e9couvert)<\/strong><\/p>\t\t\t\t\t\t\t\t<\/div>\n\t\t\t\t<\/div>\n\t\t\t\t<\/div>\n\t\t<div class=\"elementor-element elementor-element-802d9c7 e-con-full e-flex e-con e-child\" data-id=\"802d9c7\" data-element_type=\"container\">\n\t\t\t\t<div class=\"elementor-element elementor-element-e3e2a41 elementor-widget elementor-widget-text-editor\" data-id=\"e3e2a41\" data-element_type=\"widget\" data-widget_type=\"text-editor.default\">\n\t\t\t\t\t\t\t\t\t<p><strong>G\u00e9rez vos impr\u00e9vus et stabilisez votre budget<\/strong>, gr\u00e2ce au Cr\u00e9dit de Tr\u00e9sorerie propos\u00e9 par la <strong>SOFEPAC s.a Microfinance<\/strong>. Ce produit vous permet de continuer vos activit\u00e9s sans interruption et d\u2019aborder les urgences avec s\u00e9r\u00e9nit\u00e9.<\/p>\t\t\t\t\t\t\t\t<\/div>\n\t\t\t\t<div class=\"elementor-element elementor-element-cc27929 elementor-widget elementor-widget-button\" data-id=\"cc27929\" data-element_type=\"widget\" data-widget_type=\"button.default\">\n\t\t\t\t\t\t\t\t\t\t<a class=\"elementor-button elementor-button-link elementor-size-sm\" href=\"https:\/\/sofepac.bi\/?page_id=746\">\n\t\t\t\t\t\t<span class=\"elementor-button-content-wrapper\">\n\t\t\t\t\t\t\t\t\t<span class=\"elementor-button-text\">Voir plus \u2192<\/span>\n\t\t\t\t\t<\/span>\n\t\t\t\t\t<\/a>\n\t\t\t\t\t\t\t\t<\/div>\n\t\t\t\t<\/div>\n\t\t\t\t<\/div>\n\t\t<div class=\"elementor-element elementor-element-119138b e-con-full e-flex e-con e-parent\" data-id=\"119138b\" data-element_type=\"container\">\n\t\t<div class=\"elementor-element elementor-element-fc78408 e-con-full e-flex e-con e-child\" data-id=\"fc78408\" data-element_type=\"container\" data-settings=\"{&quot;background_background&quot;:&quot;classic&quot;}\">\n\t\t<div class=\"elementor-element elementor-element-1d8a25e e-con-full e-flex e-con e-child\" data-id=\"1d8a25e\" data-element_type=\"container\" data-settings=\"{&quot;background_background&quot;:&quot;classic&quot;}\">\n\t\t\t\t<div class=\"elementor-element elementor-element-e572ae0 elementor-widget elementor-widget-text-editor\" data-id=\"e572ae0\" data-element_type=\"widget\" data-widget_type=\"text-editor.default\">\n\t\t\t\t\t\t\t\t\t<p><strong>Cr\u00e9dit scolaire &amp; groupes commer\u00e7ants<\/strong><\/p>\t\t\t\t\t\t\t\t<\/div>\n\t\t\t\t<\/div>\n\t\t\t\t<\/div>\n\t\t<div class=\"elementor-element elementor-element-118d59d e-con-full e-flex e-con e-child\" data-id=\"118d59d\" data-element_type=\"container\">\n\t\t\t\t<div class=\"elementor-element elementor-element-4614db6 elementor-widget elementor-widget-text-editor\" data-id=\"4614db6\" data-element_type=\"widget\" data-widget_type=\"text-editor.default\">\n\t\t\t\t\t\t\t\t\t<p><strong>Un cr\u00e9dit pens\u00e9 pour l\u2019\u00e9ducation et le d\u00e9veloppement des petits groupes de commer\u00e7ants<\/strong>, propos\u00e9 par la <strong>SOFEPAC s.a Microfinance<\/strong>. Ce produit facilite la scolarit\u00e9 des enfants tout en soutenant les activit\u00e9s des groupes commerciaux, avec un accompagnement adapt\u00e9 \u00e0 vos besoins.<\/p>\t\t\t\t\t\t\t\t<\/div>\n\t\t\t\t<div class=\"elementor-element elementor-element-a67610d elementor-widget elementor-widget-button\" data-id=\"a67610d\" data-element_type=\"widget\" data-widget_type=\"button.default\">\n\t\t\t\t\t\t\t\t\t\t<a class=\"elementor-button elementor-button-link elementor-size-sm\" href=\"https:\/\/sofepac.bi\/?page_id=752\">\n\t\t\t\t\t\t<span class=\"elementor-button-content-wrapper\">\n\t\t\t\t\t\t\t\t\t<span class=\"elementor-button-text\">Voir plus \u2192<\/span>\n\t\t\t\t\t<\/span>\n\t\t\t\t\t<\/a>\n\t\t\t\t\t\t\t\t<\/div>\n\t\t\t\t<\/div>\n\t\t\t\t<\/div>\n\t\t<div class=\"elementor-element elementor-element-7151a8c e-con-full e-flex e-con e-parent\" data-id=\"7151a8c\" data-element_type=\"container\">\n\t\t<div class=\"elementor-element elementor-element-f0df26a e-con-full e-flex e-con e-child\" data-id=\"f0df26a\" data-element_type=\"container\" data-settings=\"{&quot;background_background&quot;:&quot;classic&quot;}\">\n\t\t<div class=\"elementor-element elementor-element-525a25a e-con-full e-flex e-con e-child\" data-id=\"525a25a\" data-element_type=\"container\" data-settings=\"{&quot;background_background&quot;:&quot;classic&quot;}\">\n\t\t\t\t<div class=\"elementor-element elementor-element-5d1999f elementor-widget elementor-widget-text-editor\" data-id=\"5d1999f\" data-element_type=\"widget\" data-widget_type=\"text-editor.default\">\n\t\t\t\t\t\t\t\t\t<p><strong>cr\u00e9dit microentrepreneur (MT)<\/strong><\/p>\t\t\t\t\t\t\t\t<\/div>\n\t\t\t\t<\/div>\n\t\t\t\t<\/div>\n\t\t<div class=\"elementor-element elementor-element-eaf353c e-con-full e-flex e-con e-child\" data-id=\"eaf353c\" data-element_type=\"container\">\n\t\t\t\t<div class=\"elementor-element elementor-element-c3fde6e elementor-widget elementor-widget-text-editor\" data-id=\"c3fde6e\" data-element_type=\"widget\" data-widget_type=\"text-editor.default\">\n\t\t\t\t\t\t\t\t\t<p><strong>Pour les entrepreneurs qui souhaitent avancer \u00e9tape par \u00e9tape<\/strong>, ce cr\u00e9dit de la <strong>SOFEPAC s.a Microfinance<\/strong> offre un appui structur\u00e9 et durable, id\u00e9al pour les projets \u00e0 moyen terme. Il permet de financer vos ambitions tout en maintenant un rythme de remboursement confortable et r\u00e9gulier.<\/p>\t\t\t\t\t\t\t\t<\/div>\n\t\t\t\t<div class=\"elementor-element elementor-element-9596636 elementor-widget elementor-widget-button\" data-id=\"9596636\" data-element_type=\"widget\" data-widget_type=\"button.default\">\n\t\t\t\t\t\t\t\t\t\t<a class=\"elementor-button elementor-button-link elementor-size-sm\" href=\"https:\/\/sofepac.bi\/?page_id=765\">\n\t\t\t\t\t\t<span class=\"elementor-button-content-wrapper\">\n\t\t\t\t\t\t\t\t\t<span class=\"elementor-button-text\">Voir plus \u2192<\/span>\n\t\t\t\t\t<\/span>\n\t\t\t\t\t<\/a>\n\t\t\t\t\t\t\t\t<\/div>\n\t\t\t\t<\/div>\n\t\t\t\t<\/div>\n\t\t<div class=\"elementor-element elementor-element-30aaff6 e-con-full e-flex e-con e-parent\" data-id=\"30aaff6\" data-element_type=\"container\">\n\t\t<div class=\"elementor-element elementor-element-186a525 e-con-full e-flex e-con e-child\" data-id=\"186a525\" data-element_type=\"container\" data-settings=\"{&quot;background_background&quot;:&quot;classic&quot;}\">\n\t\t<div class=\"elementor-element elementor-element-cf9983c e-con-full e-flex e-con e-child\" data-id=\"cf9983c\" data-element_type=\"container\" data-settings=\"{&quot;background_background&quot;:&quot;classic&quot;}\">\n\t\t\t\t<div class=\"elementor-element elementor-element-aed416f elementor-widget elementor-widget-text-editor\" data-id=\"aed416f\" data-element_type=\"widget\" data-widget_type=\"text-editor.default\">\n\t\t\t\t\t\t\t\t\t<p><strong>Cr\u00e9dit agricole, \u00e9levage &amp; artisanat<\/strong><\/p>\t\t\t\t\t\t\t\t<\/div>\n\t\t\t\t<\/div>\n\t\t\t\t<\/div>\n\t\t<div class=\"elementor-element elementor-element-f975dd3 e-con-full e-flex e-con e-child\" data-id=\"f975dd3\" data-element_type=\"container\">\n\t\t\t\t<div class=\"elementor-element elementor-element-1232848 elementor-widget elementor-widget-text-editor\" data-id=\"1232848\" data-element_type=\"widget\" data-widget_type=\"text-editor.default\">\n\t\t\t\t\t\t\t\t\t<p><strong>Un soutien financier pens\u00e9 pour les producteurs, \u00e9leveurs et artisans<\/strong>, propos\u00e9 par la <strong>SOFEPAC s.a Microfinance<\/strong>. Ce cr\u00e9dit alimente vos efforts, renforce votre production et vous permet de d\u00e9velopper vos projets ruraux avec s\u00e9r\u00e9nit\u00e9.<\/p>\t\t\t\t\t\t\t\t<\/div>\n\t\t\t\t<div class=\"elementor-element elementor-element-74f83e7 elementor-widget elementor-widget-button\" data-id=\"74f83e7\" data-element_type=\"widget\" data-widget_type=\"button.default\">\n\t\t\t\t\t\t\t\t\t\t<a class=\"elementor-button elementor-button-link elementor-size-sm\" href=\"https:\/\/sofepac.bi\/?page_id=777\">\n\t\t\t\t\t\t<span class=\"elementor-button-content-wrapper\">\n\t\t\t\t\t\t\t\t\t<span class=\"elementor-button-text\">Voir plus \u2192<\/span>\n\t\t\t\t\t<\/span>\n\t\t\t\t\t<\/a>\n\t\t\t\t\t\t\t\t<\/div>\n\t\t\t\t<\/div>\n\t\t\t\t<\/div>\n\t\t<div class=\"elementor-element elementor-element-0582264 e-con-full e-flex e-con e-parent\" data-id=\"0582264\" data-element_type=\"container\">\n\t\t<div class=\"elementor-element elementor-element-f762e38 e-con-full e-flex e-con e-child\" data-id=\"f762e38\" data-element_type=\"container\" data-settings=\"{&quot;background_background&quot;:&quot;classic&quot;}\">\n\t\t<div class=\"elementor-element elementor-element-076cade e-con-full e-flex e-con e-child\" data-id=\"076cade\" data-element_type=\"container\" data-settings=\"{&quot;background_background&quot;:&quot;classic&quot;}\">\n\t\t\t\t<div class=\"elementor-element elementor-element-f1b4d00 elementor-widget elementor-widget-text-editor\" data-id=\"f1b4d00\" data-element_type=\"widget\" data-widget_type=\"text-editor.default\">\n\t\t\t\t\t\t\t\t\t<p><strong>Cr\u00e9dit scolaire individuel<\/strong><\/p>\t\t\t\t\t\t\t\t<\/div>\n\t\t\t\t<\/div>\n\t\t\t\t<\/div>\n\t\t<div class=\"elementor-element elementor-element-2e5985b e-con-full e-flex e-con e-child\" data-id=\"2e5985b\" data-element_type=\"container\">\n\t\t\t\t<div class=\"elementor-element elementor-element-faaafc4 elementor-widget elementor-widget-text-editor\" data-id=\"faaafc4\" data-element_type=\"widget\" data-widget_type=\"text-editor.default\">\n\t\t\t\t\t\t\t\t\t<p><strong>Investissez dans l\u2019\u00e9ducation de vos enfants et assurez leur r\u00e9ussite<\/strong>, gr\u00e2ce au cr\u00e9dit sp\u00e9cialement con\u00e7u par la <strong>SOFEPAC s.a Microfinance<\/strong>. Ce produit permet de <strong>financer calmement la scolarit\u00e9<\/strong> sans pression financi\u00e8re, tout en offrant un accompagnement rassurant pour chaque parent.<\/p>\t\t\t\t\t\t\t\t<\/div>\n\t\t\t\t<div class=\"elementor-element elementor-element-47dfd29 elementor-widget elementor-widget-button\" data-id=\"47dfd29\" data-element_type=\"widget\" data-widget_type=\"button.default\">\n\t\t\t\t\t\t\t\t\t\t<a class=\"elementor-button elementor-button-link elementor-size-sm\" href=\"https:\/\/sofepac.bi\/?page_id=785\">\n\t\t\t\t\t\t<span class=\"elementor-button-content-wrapper\">\n\t\t\t\t\t\t\t\t\t<span class=\"elementor-button-text\">Voir plus \u2192<\/span>\n\t\t\t\t\t<\/span>\n\t\t\t\t\t<\/a>\n\t\t\t\t\t\t\t\t<\/div>\n\t\t\t\t<\/div>\n\t\t\t\t<\/div>\n\t\t<div class=\"elementor-element elementor-element-4358eb7 e-con-full e-flex e-con e-parent\" data-id=\"4358eb7\" data-element_type=\"container\">\n\t\t<div class=\"elementor-element elementor-element-247face e-con-full e-flex e-con e-child\" data-id=\"247face\" data-element_type=\"container\" data-settings=\"{&quot;background_background&quot;:&quot;classic&quot;}\">\n\t\t<div class=\"elementor-element elementor-element-6828f21 e-con-full e-flex e-con e-child\" data-id=\"6828f21\" data-element_type=\"container\" data-settings=\"{&quot;background_background&quot;:&quot;classic&quot;}\">\n\t\t\t\t<div class=\"elementor-element elementor-element-0412d49 elementor-widget elementor-widget-text-editor\" data-id=\"0412d49\" data-element_type=\"widget\" data-widget_type=\"text-editor.default\">\n\t\t\t\t\t\t\t\t\t<p><strong>Cr\u00e9dit commercial (individuel &amp; collectif)<\/strong><\/p>\t\t\t\t\t\t\t\t<\/div>\n\t\t\t\t<\/div>\n\t\t\t\t<\/div>\n\t\t<div class=\"elementor-element elementor-element-1e6b84e e-con-full e-flex e-con e-child\" data-id=\"1e6b84e\" data-element_type=\"container\">\n\t\t\t\t<div class=\"elementor-element elementor-element-06e1c63 elementor-widget elementor-widget-text-editor\" data-id=\"06e1c63\" data-element_type=\"widget\" data-widget_type=\"text-editor.default\">\n\t\t\t\t\t\t\t\t\t<p><strong>Boostez votre commerce et transformez chaque opportunit\u00e9 en succ\u00e8s<\/strong>, gr\u00e2ce au cr\u00e9dit sp\u00e9cialement con\u00e7u par la <strong>SOFEPAC s.a Microfinance<\/strong>. Que vous soyez un petit commer\u00e7ant ou une entreprise en croissance, ce produit vous offre <strong>la flexibilit\u00e9 et le soutien n\u00e9cessaires pour dynamiser vos ventes et \u00e9largir votre activit\u00e9<\/strong>.<\/p>\t\t\t\t\t\t\t\t<\/div>\n\t\t\t\t<div class=\"elementor-element elementor-element-6ae62a1 elementor-widget elementor-widget-button\" data-id=\"6ae62a1\" data-element_type=\"widget\" data-widget_type=\"button.default\">\n\t\t\t\t\t\t\t\t\t\t<a class=\"elementor-button elementor-button-link elementor-size-sm\" href=\"https:\/\/sofepac.bi\/?page_id=792\">\n\t\t\t\t\t\t<span class=\"elementor-button-content-wrapper\">\n\t\t\t\t\t\t\t\t\t<span class=\"elementor-button-text\">Voir plus \u2192<\/span>\n\t\t\t\t\t<\/span>\n\t\t\t\t\t<\/a>\n\t\t\t\t\t\t\t\t<\/div>\n\t\t\t\t<\/div>\n\t\t\t\t<\/div>\n\t\t<div class=\"elementor-element elementor-element-cdff818 e-con-full e-flex e-con e-parent\" data-id=\"cdff818\" data-element_type=\"container\">\n\t\t<div class=\"elementor-element elementor-element-0cc11fd e-con-full e-flex e-con e-child\" data-id=\"0cc11fd\" data-element_type=\"container\" data-settings=\"{&quot;background_background&quot;:&quot;classic&quot;}\">\n\t\t<div class=\"elementor-element elementor-element-6d5f035 e-con-full e-flex e-con e-child\" data-id=\"6d5f035\" data-element_type=\"container\" data-settings=\"{&quot;background_background&quot;:&quot;classic&quot;}\">\n\t\t\t\t<div class=\"elementor-element elementor-element-ad04ef9 elementor-widget elementor-widget-text-editor\" data-id=\"ad04ef9\" data-element_type=\"widget\" data-widget_type=\"text-editor.default\">\n\t\t\t\t\t\t\t\t\t<p><strong>Cr\u00e9dit d\u2019investissement &amp; sante<\/strong><\/p>\t\t\t\t\t\t\t\t<\/div>\n\t\t\t\t<\/div>\n\t\t\t\t<\/div>\n\t\t<div class=\"elementor-element elementor-element-9e029eb e-con-full e-flex e-con e-child\" data-id=\"9e029eb\" data-element_type=\"container\">\n\t\t\t\t<div class=\"elementor-element elementor-element-66cdcaa elementor-widget elementor-widget-text-editor\" data-id=\"66cdcaa\" data-element_type=\"widget\" data-widget_type=\"text-editor.default\">\n\t\t\t\t\t\t\t\t\t<p><strong>Un cr\u00e9dit pens\u00e9 pour vous et vos projets essentiels<\/strong>, propos\u00e9 par la <strong>SOFEPAC s.a Microfinance<\/strong>. Que vous souhaitiez acqu\u00e9rir des \u00e9quipements professionnels ou couvrir des besoins m\u00e9dicaux importants, ce cr\u00e9dit est con\u00e7u pour <strong>vous donner la libert\u00e9 d\u2019avancer sereinement<\/strong>.<\/p>\t\t\t\t\t\t\t\t<\/div>\n\t\t\t\t<div class=\"elementor-element elementor-element-437b27e elementor-widget elementor-widget-button\" data-id=\"437b27e\" data-element_type=\"widget\" data-widget_type=\"button.default\">\n\t\t\t\t\t\t\t\t\t\t<a class=\"elementor-button elementor-button-link elementor-size-sm\" href=\"https:\/\/sofepac.bi\/?page_id=798\">\n\t\t\t\t\t\t<span class=\"elementor-button-content-wrapper\">\n\t\t\t\t\t\t\t\t\t<span class=\"elementor-button-text\">Voir plus \u2192<\/span>\n\t\t\t\t\t<\/span>\n\t\t\t\t\t<\/a>\n\t\t\t\t\t\t\t\t<\/div>\n\t\t\t\t<\/div>\n\t\t\t\t<\/div>\n\t\t<div class=\"elementor-element elementor-element-98a4a55 e-con-full e-flex e-con e-parent\" data-id=\"98a4a55\" data-element_type=\"container\">\n\t\t<div class=\"elementor-element elementor-element-357bafb e-con-full e-flex e-con e-child\" data-id=\"357bafb\" data-element_type=\"container\" data-settings=\"{&quot;background_background&quot;:&quot;classic&quot;}\">\n\t\t<div class=\"elementor-element elementor-element-96890a7 e-con-full e-flex e-con e-child\" data-id=\"96890a7\" data-element_type=\"container\" data-settings=\"{&quot;background_background&quot;:&quot;classic&quot;}\">\n\t\t\t\t<div class=\"elementor-element elementor-element-29f32f1 elementor-widget elementor-widget-text-editor\" data-id=\"29f32f1\" data-element_type=\"widget\" data-widget_type=\"text-editor.default\">\n\t\t\t\t\t\t\t\t\t<p><strong>Cr\u00e9dit UMUKENYEZI URISANZE<\/strong><\/p>\t\t\t\t\t\t\t\t<\/div>\n\t\t\t\t<\/div>\n\t\t\t\t<\/div>\n\t\t<div class=\"elementor-element elementor-element-2022e73 e-con-full e-flex e-con e-child\" data-id=\"2022e73\" data-element_type=\"container\">\n\t\t\t\t<div class=\"elementor-element elementor-element-248d245 elementor-widget elementor-widget-text-editor\" data-id=\"248d245\" data-element_type=\"widget\" data-widget_type=\"text-editor.default\">\n\t\t\t\t\t\t\t\t\t<p><strong>Un cr\u00e9dit unique et pens\u00e9 pour vous, femmes et jeunes filles ambitieuses<\/strong>, propos\u00e9 par la <strong>SOFEPAC s.a Microfinance<\/strong>. Ce produit a \u00e9t\u00e9 sp\u00e9cialement con\u00e7u pour <strong>favoriser votre autonomie, soutenir vos projets et vous donner le pouvoir de r\u00e9ussir<\/strong>.<\/p>\t\t\t\t\t\t\t\t<\/div>\n\t\t\t\t<div class=\"elementor-element elementor-element-04cc914 elementor-widget elementor-widget-button\" data-id=\"04cc914\" data-element_type=\"widget\" data-widget_type=\"button.default\">\n\t\t\t\t\t\t\t\t\t\t<a class=\"elementor-button elementor-button-link elementor-size-sm\" href=\"https:\/\/sofepac.bi\/?page_id=803\">\n\t\t\t\t\t\t<span class=\"elementor-button-content-wrapper\">\n\t\t\t\t\t\t\t\t\t<span class=\"elementor-button-text\">Voir plus \u2192<\/span>\n\t\t\t\t\t<\/span>\n\t\t\t\t\t<\/a>\n\t\t\t\t\t\t\t\t<\/div>\n\t\t\t\t<\/div>\n\t\t\t\t<\/div>\n\t\t\t\t<\/div>\n\t\t","protected":false},"excerpt":{"rendered":"<p>Produits Pourquoi les clients choisissent la SOFEPAC S.A MICROFINANCES.A. ? Des produits adapt\u00e9s \u00e0 tous les profils Des proc\u00e9dures rapides et humaines Une \u00e9quipe proche de vous Des solutions qui donnent vraiment un coup de pouce Une institution qui comprend les r\u00e9alit\u00e9s du terrain Chez SOFEPAC s.a Microfinance, nous ne donnons pas seulement des cr\u00e9dits [&hellip;]<\/p>\n","protected":false},"author":1,"featured_media":0,"parent":0,"menu_order":0,"comment_status":"closed","ping_status":"closed","template":"","meta":{"ocean_post_layout":"","ocean_both_sidebars_style":"","ocean_both_sidebars_content_width":0,"ocean_both_sidebars_sidebars_width":0,"ocean_sidebar":"","ocean_second_sidebar":"","ocean_disable_margins":"enable","ocean_add_body_class":"","ocean_shortcode_before_top_bar":"","ocean_shortcode_after_top_bar":"","ocean_shortcode_before_header":"","ocean_shortcode_after_header":"","ocean_has_shortcode":"","ocean_shortcode_after_title":"","ocean_shortcode_before_footer_widgets":"","ocean_shortcode_after_footer_widgets":"","ocean_shortcode_before_footer_bottom":"","ocean_shortcode_after_footer_bottom":"","ocean_display_top_bar":"default","ocean_display_header":"default","ocean_header_style":"","ocean_center_header_left_menu":"","ocean_custom_header_template":"","ocean_custom_logo":0,"ocean_custom_retina_logo":0,"ocean_custom_logo_max_width":0,"ocean_custom_logo_tablet_max_width":0,"ocean_custom_logo_mobile_max_width":0,"ocean_custom_logo_max_height":0,"ocean_custom_logo_tablet_max_height":0,"ocean_custom_logo_mobile_max_height":0,"ocean_header_custom_menu":"","ocean_menu_typo_font_family":"","ocean_menu_typo_font_subset":"","ocean_menu_typo_font_size":0,"ocean_menu_typo_font_size_tablet":0,"ocean_menu_typo_font_size_mobile":0,"ocean_menu_typo_font_size_unit":"px","ocean_menu_typo_font_weight":"","ocean_menu_typo_font_weight_tablet":"","ocean_menu_typo_font_weight_mobile":"","ocean_menu_typo_transform":"","ocean_menu_typo_transform_tablet":"","ocean_menu_typo_transform_mobile":"","ocean_menu_typo_line_height":0,"ocean_menu_typo_line_height_tablet":0,"ocean_menu_typo_line_height_mobile":0,"ocean_menu_typo_line_height_unit":"","ocean_menu_typo_spacing":0,"ocean_menu_typo_spacing_tablet":0,"ocean_menu_typo_spacing_mobile":0,"ocean_menu_typo_spacing_unit":"","ocean_menu_link_color":"","ocean_menu_link_color_hover":"","ocean_menu_link_color_active":"","ocean_menu_link_background":"","ocean_menu_link_hover_background":"","ocean_menu_link_active_background":"","ocean_menu_social_links_bg":"","ocean_menu_social_hover_links_bg":"","ocean_menu_social_links_color":"","ocean_menu_social_hover_links_color":"","ocean_disable_title":"default","ocean_disable_heading":"default","ocean_post_title":"","ocean_post_subheading":"","ocean_post_title_style":"","ocean_post_title_background_color":"","ocean_post_title_background":0,"ocean_post_title_bg_image_position":"","ocean_post_title_bg_image_attachment":"","ocean_post_title_bg_image_repeat":"","ocean_post_title_bg_image_size":"","ocean_post_title_height":0,"ocean_post_title_bg_overlay":0.5,"ocean_post_title_bg_overlay_color":"","ocean_disable_breadcrumbs":"default","ocean_breadcrumbs_color":"","ocean_breadcrumbs_separator_color":"","ocean_breadcrumbs_links_color":"","ocean_breadcrumbs_links_hover_color":"","ocean_display_footer_widgets":"default","ocean_display_footer_bottom":"default","ocean_custom_footer_template":"","footnotes":""},"class_list":["post-109","page","type-page","status-publish","hentry","entry"],"_links":{"self":[{"href":"https:\/\/sofepac.bi\/index.php?rest_route=\/wp\/v2\/pages\/109","targetHints":{"allow":["GET"]}}],"collection":[{"href":"https:\/\/sofepac.bi\/index.php?rest_route=\/wp\/v2\/pages"}],"about":[{"href":"https:\/\/sofepac.bi\/index.php?rest_route=\/wp\/v2\/types\/page"}],"author":[{"embeddable":true,"href":"https:\/\/sofepac.bi\/index.php?rest_route=\/wp\/v2\/users\/1"}],"replies":[{"embeddable":true,"href":"https:\/\/sofepac.bi\/index.php?rest_route=%2Fwp%2Fv2%2Fcomments&post=109"}],"version-history":[{"count":67,"href":"https:\/\/sofepac.bi\/index.php?rest_route=\/wp\/v2\/pages\/109\/revisions"}],"predecessor-version":[{"id":1528,"href":"https:\/\/sofepac.bi\/index.php?rest_route=\/wp\/v2\/pages\/109\/revisions\/1528"}],"wp:attachment":[{"href":"https:\/\/sofepac.bi\/index.php?rest_route=%2Fwp%2Fv2%2Fmedia&parent=109"}],"curies":[{"name":"wp","href":"https:\/\/api.w.org\/{rel}","templated":true}]}}