{"id":266,"date":"2025-11-16T17:30:58","date_gmt":"2025-11-16T17:30:58","guid":{"rendered":"http:\/\/localhost\/sofepac\/?page_id=266"},"modified":"2025-12-08T11:46:17","modified_gmt":"2025-12-08T11:46:17","slug":"a-propos-de-nous","status":"publish","type":"page","link":"https:\/\/sofepac.bi\/?page_id=266","title":{"rendered":"A propos de nous"},"content":{"rendered":"\t\t<div data-elementor-type=\"wp-page\" data-elementor-id=\"266\" class=\"elementor elementor-266\">\n\t\t\t\t<div class=\"elementor-element elementor-element-383fb1e e-flex e-con-boxed e-con e-parent\" data-id=\"383fb1e\" data-element_type=\"container\" data-settings=\"{&quot;background_background&quot;:&quot;classic&quot;,&quot;shape_divider_bottom&quot;:&quot;tilt&quot;}\">\n\t\t\t\t\t<div class=\"e-con-inner\">\n\t\t\t\t<div class=\"elementor-shape elementor-shape-bottom\" aria-hidden=\"true\" data-negative=\"false\">\n\t\t\t<svg xmlns=\"http:\/\/www.w3.org\/2000\/svg\" viewBox=\"0 0 1000 100\" preserveAspectRatio=\"none\">\n\t<path class=\"elementor-shape-fill\" d=\"M0,6V0h1000v100L0,6z\"\/>\n<\/svg>\t\t<\/div>\n\t\t\t\t<div class=\"elementor-element elementor-element-a286ff2 elementor-widget elementor-widget-heading\" data-id=\"a286ff2\" data-element_type=\"widget\" data-widget_type=\"heading.default\">\n\t\t\t\t\t<h2 class=\"elementor-heading-title elementor-size-default\">A propos de nous<\/h2>\t\t\t\t<\/div>\n\t\t\t\t\t<\/div>\n\t\t\t\t<\/div>\n\t\t<div class=\"elementor-element elementor-element-5fb44e8 e-con-full e-flex e-con e-parent\" data-id=\"5fb44e8\" data-element_type=\"container\">\n\t\t<div class=\"elementor-element elementor-element-d6733c8 e-con-full e-flex e-con e-child\" data-id=\"d6733c8\" data-element_type=\"container\" data-settings=\"{&quot;background_background&quot;:&quot;classic&quot;}\">\n\t\t<div class=\"elementor-element elementor-element-9d87574 e-con-full e-flex e-con e-child\" data-id=\"9d87574\" data-element_type=\"container\" data-settings=\"{&quot;background_background&quot;:&quot;classic&quot;}\">\n\t\t\t\t<div class=\"elementor-element elementor-element-d45c623 elementor-widget elementor-widget-heading\" data-id=\"d45c623\" data-element_type=\"widget\" data-widget_type=\"heading.default\">\n\t\t\t\t\t<h2 class=\"elementor-heading-title elementor-size-default\">HISTORIQUE<\/h2>\t\t\t\t<\/div>\n\t\t\t\t<\/div>\n\t\t\t\t<\/div>\n\t\t<div class=\"elementor-element elementor-element-4f3ed18 e-con-full e-flex e-con e-child\" data-id=\"4f3ed18\" data-element_type=\"container\">\n\t\t\t\t<div class=\"elementor-element elementor-element-d3f2e8e elementor-widget elementor-widget-text-editor\" data-id=\"d3f2e8e\" data-element_type=\"widget\" data-widget_type=\"text-editor.default\">\n\t\t\t\t\t\t\t\t\t<p>La SOFEPAC s.a Microfinance trouve son origine dans l\u2019Association F\u00e9minine d\u2019\u00c9pargne et de Cr\u00e9dit \u00ab AFEPAC \u00bb, cr\u00e9\u00e9e en 1990. Cette initiative pionni\u00e8re, port\u00e9e par des femmes engag\u00e9es, avait pour objectif de faciliter l\u2019acc\u00e8s aux services financiers pour une grande partie de la population exclue du syst\u00e8me bancaire traditionnel.<\/p><p>L\u2019institution a obtenu son agr\u00e9ment officiel d\u00e9livr\u00e9 par la Banque de la R\u00e9publique du Burundi le 19 ao\u00fbt 2013, sous l\u2019acte N\u00b0 D1\/1253\/2013, puis a ouvert ses portes au public le 18 octobre 2013. Son agr\u00e9ment a \u00e9t\u00e9 actualis\u00e9 le 23 septembre 2019 sous le num\u00e9ro D1\/1709\/2019. Aujourd\u2019hui, la SOFEPAC s.a est install\u00e9e \u00e0 Bujumbura, dans la commune urbaine de Mukaza, zone Rohero, au Boulevard de l\u2019Uprona N\u00b020.<\/p>\t\t\t\t\t\t\t\t<\/div>\n\t\t\t\t<\/div>\n\t\t\t\t<\/div>\n\t\t<div class=\"elementor-element elementor-element-8a5ee3f e-con-full e-flex e-con e-parent\" data-id=\"8a5ee3f\" data-element_type=\"container\">\n\t\t<div class=\"elementor-element elementor-element-958c1f7 e-con-full e-flex e-con e-child\" data-id=\"958c1f7\" data-element_type=\"container\" data-settings=\"{&quot;background_background&quot;:&quot;classic&quot;}\">\n\t\t<div class=\"elementor-element elementor-element-2b68848 e-con-full e-flex e-con e-child\" data-id=\"2b68848\" data-element_type=\"container\" data-settings=\"{&quot;background_background&quot;:&quot;classic&quot;}\">\n\t\t\t\t<div class=\"elementor-element elementor-element-a7ebd6e elementor-widget elementor-widget-heading\" data-id=\"a7ebd6e\" data-element_type=\"widget\" data-widget_type=\"heading.default\">\n\t\t\t\t\t<h2 class=\"elementor-heading-title elementor-size-default\">MISSION<\/h2>\t\t\t\t<\/div>\n\t\t\t\t<\/div>\n\t\t\t\t<\/div>\n\t\t<div class=\"elementor-element elementor-element-a3cf94d e-con-full e-flex e-con e-child\" data-id=\"a3cf94d\" data-element_type=\"container\">\n\t\t\t\t<div class=\"elementor-element elementor-element-212e43c elementor-widget elementor-widget-text-editor\" data-id=\"212e43c\" data-element_type=\"widget\" data-widget_type=\"text-editor.default\">\n\t\t\t\t\t\t\t\t\t<p>La mission de la SOFEPAC s\u2019articule autour de plusieurs axes essentiels. L\u2019institution mobilise et collecte l\u2019\u00e9pargne du public, en mettant un accent particulier sur l\u2019autonomisation financi\u00e8re des femmes. Elle encourage l\u2019entrepreneuriat, lutte activement contre la pauvret\u00e9 en offrant un acc\u00e8s facilit\u00e9 aux cr\u00e9dits, et assure un accompagnement rigoureux des b\u00e9n\u00e9ficiaires, notamment les groupements et associations. Elle contribue \u00e9galement \u00e0 la formation et \u00e0 la cr\u00e9ation d\u2019emplois g\u00e9n\u00e9rateurs de revenus permettant aux communaut\u00e9s d\u2019acc\u00e9der durablement \u00e0 des ressources financi\u00e8res fiables.<\/p>\t\t\t\t\t\t\t\t<\/div>\n\t\t\t\t<\/div>\n\t\t\t\t<\/div>\n\t\t<div class=\"elementor-element elementor-element-3992927 e-con-full e-flex e-con e-parent\" data-id=\"3992927\" data-element_type=\"container\">\n\t\t<div class=\"elementor-element elementor-element-78999e1 e-con-full e-flex e-con e-child\" data-id=\"78999e1\" data-element_type=\"container\" data-settings=\"{&quot;background_background&quot;:&quot;classic&quot;}\">\n\t\t<div class=\"elementor-element elementor-element-a431e66 e-con-full e-flex e-con e-child\" data-id=\"a431e66\" data-element_type=\"container\" data-settings=\"{&quot;background_background&quot;:&quot;classic&quot;}\">\n\t\t\t\t<div class=\"elementor-element elementor-element-ba27261 elementor-widget elementor-widget-heading\" data-id=\"ba27261\" data-element_type=\"widget\" data-widget_type=\"heading.default\">\n\t\t\t\t\t<h2 class=\"elementor-heading-title elementor-size-default\">VISION<\/h2>\t\t\t\t<\/div>\n\t\t\t\t<\/div>\n\t\t\t\t<\/div>\n\t\t<div class=\"elementor-element elementor-element-c759670 e-con-full e-flex e-con e-child\" data-id=\"c759670\" data-element_type=\"container\">\n\t\t\t\t<div class=\"elementor-element elementor-element-8f5c4fb elementor-widget elementor-widget-text-editor\" data-id=\"8f5c4fb\" data-element_type=\"widget\" data-widget_type=\"text-editor.default\">\n\t\t\t\t\t\t\t\t\t<p>La vision de la SOFEPAC est d\u2019\u00eatre le meilleur choix pour les gens d\u2019affaires et un partenaire privil\u00e9gi\u00e9 des femmes dans la cr\u00e9ation de leurs richesses. L\u2019institution aspire \u00e0 devenir une r\u00e9f\u00e9rence en mati\u00e8re d\u2019inclusion financi\u00e8re au Burundi, gr\u00e2ce \u00e0 un service professionnel et une approche centr\u00e9e sur l\u2019humain.<\/p>\t\t\t\t\t\t\t\t<\/div>\n\t\t\t\t<\/div>\n\t\t\t\t<\/div>\n\t\t<div class=\"elementor-element elementor-element-1d01812 e-con-full e-flex e-con e-parent\" data-id=\"1d01812\" data-element_type=\"container\">\n\t\t<div class=\"elementor-element elementor-element-e0a898b e-con-full e-flex e-con e-child\" data-id=\"e0a898b\" data-element_type=\"container\" data-settings=\"{&quot;background_background&quot;:&quot;classic&quot;}\">\n\t\t<div class=\"elementor-element elementor-element-acf116a e-con-full e-flex e-con e-child\" data-id=\"acf116a\" data-element_type=\"container\" data-settings=\"{&quot;background_background&quot;:&quot;classic&quot;}\">\n\t\t\t\t<div class=\"elementor-element elementor-element-39f386e elementor-widget elementor-widget-heading\" data-id=\"39f386e\" data-element_type=\"widget\" data-widget_type=\"heading.default\">\n\t\t\t\t\t<h2 class=\"elementor-heading-title elementor-size-default\">VALEURS<\/h2>\t\t\t\t<\/div>\n\t\t\t\t<\/div>\n\t\t\t\t<\/div>\n\t\t<div class=\"elementor-element elementor-element-d3c1848 e-con-full e-flex e-con e-child\" data-id=\"d3c1848\" data-element_type=\"container\">\n\t\t\t\t<div class=\"elementor-element elementor-element-3876e5a elementor-widget elementor-widget-text-editor\" data-id=\"3876e5a\" data-element_type=\"widget\" data-widget_type=\"text-editor.default\">\n\t\t\t\t\t\t\t\t\t<p>La SOFEPAC fonde son travail sur un ensemble de valeurs solides :<\/p><ul><li>Le principe que <strong>le client est roi<\/strong>,<\/li><li>Le <strong>travail en \u00e9quipe<\/strong>,<\/li><li>La <strong>fiert\u00e9 d\u2019un travail bien fait<\/strong>,<\/li><li>L\u2019<strong>int\u00e9grit\u00e9<\/strong> et la <strong>fid\u00e9lisation<\/strong>,<\/li><li>Le <strong>respect de la dignit\u00e9 de la femme<\/strong>,<\/li><li>La <strong>diversit\u00e9<\/strong>,<\/li><li>L\u2019<strong>apprentissage continu<\/strong>,<\/li><li>Et l\u2019<strong>innovation<\/strong>.<\/li><\/ul><p>Ces valeurs constituent la base de sa culture institutionnelle et guident toutes les actions men\u00e9es au service de ses clients.<\/p>\t\t\t\t\t\t\t\t<\/div>\n\t\t\t\t<\/div>\n\t\t\t\t<\/div>\n\t\t<div class=\"elementor-element elementor-element-c6987c3 e-con-full e-flex e-con e-parent\" data-id=\"c6987c3\" data-element_type=\"container\">\n\t\t<div class=\"elementor-element elementor-element-665f345 e-con-full e-flex e-con e-child\" data-id=\"665f345\" data-element_type=\"container\" data-settings=\"{&quot;background_background&quot;:&quot;classic&quot;}\">\n\t\t<div class=\"elementor-element elementor-element-c4cb1ac e-con-full e-flex e-con e-child\" data-id=\"c4cb1ac\" data-element_type=\"container\" data-settings=\"{&quot;background_background&quot;:&quot;classic&quot;}\">\n\t\t\t\t<div class=\"elementor-element elementor-element-fe7572b elementor-widget elementor-widget-heading\" data-id=\"fe7572b\" data-element_type=\"widget\" data-widget_type=\"heading.default\">\n\t\t\t\t\t<h2 class=\"elementor-heading-title elementor-size-default\">DOMAINES D\u2019INTERVENTION<\/h2>\t\t\t\t<\/div>\n\t\t\t\t<\/div>\n\t\t\t\t<\/div>\n\t\t<div class=\"elementor-element elementor-element-752a909 e-con-full e-flex e-con e-child\" data-id=\"752a909\" data-element_type=\"container\">\n\t\t\t\t<div class=\"elementor-element elementor-element-ac23784 elementor-widget elementor-widget-text-editor\" data-id=\"ac23784\" data-element_type=\"widget\" data-widget_type=\"text-editor.default\">\n\t\t\t\t\t\t\t\t\t<p>La SOFEPAC soutient et finance des projets dans plusieurs secteurs cl\u00e9s, notamment :<\/p><ul><li>Le commerce,<\/li><li>L\u2019agriculture,<\/li><li>La sant\u00e9 et les actions sociales,<\/li><li>L\u2019\u00e9ducation,<\/li><li>Les services,<\/li><\/ul><p>et de mani\u00e8re g\u00e9n\u00e9rale, tout micro-projet contribuant \u00e0 l\u2019augmentation de la production et \u00e0 la lutte contre la pauvret\u00e9.<\/p>\t\t\t\t\t\t\t\t<\/div>\n\t\t\t\t<\/div>\n\t\t\t\t<\/div>\n\t\t\t\t<\/div>\n\t\t","protected":false},"excerpt":{"rendered":"<p>A propos de nous HISTORIQUE La SOFEPAC s.a Microfinance trouve son origine dans l\u2019Association F\u00e9minine d\u2019\u00c9pargne et de Cr\u00e9dit \u00ab AFEPAC \u00bb, cr\u00e9\u00e9e en 1990. Cette initiative pionni\u00e8re, port\u00e9e par des femmes engag\u00e9es, avait pour objectif de faciliter l\u2019acc\u00e8s aux services financiers pour une grande partie de la population exclue du syst\u00e8me bancaire traditionnel. L\u2019institution [&hellip;]<\/p>\n","protected":false},"author":1,"featured_media":0,"parent":0,"menu_order":0,"comment_status":"closed","ping_status":"closed","template":"","meta":{"ocean_post_layout":"","ocean_both_sidebars_style":"","ocean_both_sidebars_content_width":0,"ocean_both_sidebars_sidebars_width":0,"ocean_sidebar":"","ocean_second_sidebar":"","ocean_disable_margins":"enable","ocean_add_body_class":"","ocean_shortcode_before_top_bar":"","ocean_shortcode_after_top_bar":"","ocean_shortcode_before_header":"","ocean_shortcode_after_header":"","ocean_has_shortcode":"","ocean_shortcode_after_title":"","ocean_shortcode_before_footer_widgets":"","ocean_shortcode_after_footer_widgets":"","ocean_shortcode_before_footer_bottom":"","ocean_shortcode_after_footer_bottom":"","ocean_display_top_bar":"default","ocean_display_header":"default","ocean_header_style":"","ocean_center_header_left_menu":"","ocean_custom_header_template":"","ocean_custom_logo":0,"ocean_custom_retina_logo":0,"ocean_custom_logo_max_width":0,"ocean_custom_logo_tablet_max_width":0,"ocean_custom_logo_mobile_max_width":0,"ocean_custom_logo_max_height":0,"ocean_custom_logo_tablet_max_height":0,"ocean_custom_logo_mobile_max_height":0,"ocean_header_custom_menu":"","ocean_menu_typo_font_family":"","ocean_menu_typo_font_subset":"","ocean_menu_typo_font_size":0,"ocean_menu_typo_font_size_tablet":0,"ocean_menu_typo_font_size_mobile":0,"ocean_menu_typo_font_size_unit":"px","ocean_menu_typo_font_weight":"","ocean_menu_typo_font_weight_tablet":"","ocean_menu_typo_font_weight_mobile":"","ocean_menu_typo_transform":"","ocean_menu_typo_transform_tablet":"","ocean_menu_typo_transform_mobile":"","ocean_menu_typo_line_height":0,"ocean_menu_typo_line_height_tablet":0,"ocean_menu_typo_line_height_mobile":0,"ocean_menu_typo_line_height_unit":"","ocean_menu_typo_spacing":0,"ocean_menu_typo_spacing_tablet":0,"ocean_menu_typo_spacing_mobile":0,"ocean_menu_typo_spacing_unit":"","ocean_menu_link_color":"","ocean_menu_link_color_hover":"","ocean_menu_link_color_active":"","ocean_menu_link_background":"","ocean_menu_link_hover_background":"","ocean_menu_link_active_background":"","ocean_menu_social_links_bg":"","ocean_menu_social_hover_links_bg":"","ocean_menu_social_links_color":"","ocean_menu_social_hover_links_color":"","ocean_disable_title":"default","ocean_disable_heading":"default","ocean_post_title":"","ocean_post_subheading":"","ocean_post_title_style":"","ocean_post_title_background_color":"","ocean_post_title_background":0,"ocean_post_title_bg_image_position":"","ocean_post_title_bg_image_attachment":"","ocean_post_title_bg_image_repeat":"","ocean_post_title_bg_image_size":"","ocean_post_title_height":0,"ocean_post_title_bg_overlay":0.5,"ocean_post_title_bg_overlay_color":"","ocean_disable_breadcrumbs":"default","ocean_breadcrumbs_color":"","ocean_breadcrumbs_separator_color":"","ocean_breadcrumbs_links_color":"","ocean_breadcrumbs_links_hover_color":"","ocean_display_footer_widgets":"default","ocean_display_footer_bottom":"default","ocean_custom_footer_template":"","footnotes":""},"class_list":["post-266","page","type-page","status-publish","hentry","entry"],"_links":{"self":[{"href":"https:\/\/sofepac.bi\/index.php?rest_route=\/wp\/v2\/pages\/266","targetHints":{"allow":["GET"]}}],"collection":[{"href":"https:\/\/sofepac.bi\/index.php?rest_route=\/wp\/v2\/pages"}],"about":[{"href":"https:\/\/sofepac.bi\/index.php?rest_route=\/wp\/v2\/types\/page"}],"author":[{"embeddable":true,"href":"https:\/\/sofepac.bi\/index.php?rest_route=\/wp\/v2\/users\/1"}],"replies":[{"embeddable":true,"href":"https:\/\/sofepac.bi\/index.php?rest_route=%2Fwp%2Fv2%2Fcomments&post=266"}],"version-history":[{"count":148,"href":"https:\/\/sofepac.bi\/index.php?rest_route=\/wp\/v2\/pages\/266\/revisions"}],"predecessor-version":[{"id":1342,"href":"https:\/\/sofepac.bi\/index.php?rest_route=\/wp\/v2\/pages\/266\/revisions\/1342"}],"wp:attachment":[{"href":"https:\/\/sofepac.bi\/index.php?rest_route=%2Fwp%2Fv2%2Fmedia&parent=266"}],"curies":[{"name":"wp","href":"https:\/\/api.w.org\/{rel}","templated":true}]}}