{"id":315,"date":"2025-11-16T21:28:19","date_gmt":"2025-11-16T21:28:19","guid":{"rendered":"http:\/\/localhost\/sofepac\/?page_id=315"},"modified":"2025-12-09T11:05:36","modified_gmt":"2025-12-09T11:05:36","slug":"services","status":"publish","type":"page","link":"https:\/\/sofepac.bi\/?page_id=315","title":{"rendered":"Services"},"content":{"rendered":"\t\t<div data-elementor-type=\"wp-page\" data-elementor-id=\"315\" class=\"elementor elementor-315\">\n\t\t\t\t<div class=\"elementor-element elementor-element-e90a102 e-flex e-con-boxed e-con e-parent\" data-id=\"e90a102\" data-element_type=\"container\" data-settings=\"{&quot;background_background&quot;:&quot;classic&quot;,&quot;shape_divider_bottom&quot;:&quot;tilt&quot;}\">\n\t\t\t\t\t<div class=\"e-con-inner\">\n\t\t\t\t<div class=\"elementor-shape elementor-shape-bottom\" aria-hidden=\"true\" data-negative=\"false\">\n\t\t\t<svg xmlns=\"http:\/\/www.w3.org\/2000\/svg\" viewBox=\"0 0 1000 100\" preserveAspectRatio=\"none\">\n\t<path class=\"elementor-shape-fill\" d=\"M0,6V0h1000v100L0,6z\"\/>\n<\/svg>\t\t<\/div>\n\t\t\t\t<div class=\"elementor-element elementor-element-4706513 elementor-widget elementor-widget-heading\" data-id=\"4706513\" data-element_type=\"widget\" data-widget_type=\"heading.default\">\n\t\t\t\t\t<h1 class=\"elementor-heading-title elementor-size-default\"><br>Services<br><br><\/h1>\t\t\t\t<\/div>\n\t\t\t\t\t<\/div>\n\t\t\t\t<\/div>\n\t\t<div class=\"elementor-element elementor-element-c7f7e65 e-flex e-con-boxed e-con e-parent\" data-id=\"c7f7e65\" data-element_type=\"container\" data-settings=\"{&quot;background_background&quot;:&quot;classic&quot;}\">\n\t\t\t\t\t<div class=\"e-con-inner\">\n\t\t<div class=\"elementor-element elementor-element-57b51ea e-con-full e-flex e-con e-child\" data-id=\"57b51ea\" data-element_type=\"container\">\n\t\t\t\t<div class=\"elementor-element elementor-element-8195082 elementor-widget elementor-widget-heading\" data-id=\"8195082\" data-element_type=\"widget\" data-widget_type=\"heading.default\">\n\t\t\t\t\t<h2 class=\"elementor-heading-title elementor-size-default\">Chez SOFEPAC s.a Microfinance, nous ne nous contentons pas de g\u00e9rer vos finances<\/h2>\t\t\t\t<\/div>\n\t\t\t\t<div class=\"elementor-element elementor-element-828f5ca elementor-widget elementor-widget-text-editor\" data-id=\"828f5ca\" data-element_type=\"widget\" data-widget_type=\"text-editor.default\">\n\t\t\t\t\t\t\t\t\t<p>Nous <strong>vous formons, vous accompagnons et vous guidons<\/strong> pour construire un avenir solide et prosp\u00e8re.<br>Nous sommes <strong>votre partenaire de confiance<\/strong>, pr\u00e9sent \u00e0 chaque \u00e9tape, dans la r\u00e9ussite comme dans l\u2019urgence.<\/p>\n<p><strong>Avec<\/strong> la&nbsp;<strong>SOFEPAC s.a Microfinance, chaque comp\u00e9tence acquise, chaque conseil re\u00e7u et chaque assistance fournie vous rapproche de vos objectifs et de votre libert\u00e9 financi\u00e8re.<\/strong><\/p>\t\t\t\t\t\t\t\t<\/div>\n\t\t\t\t<\/div>\n\t\t<div class=\"elementor-element elementor-element-4b23ee9 e-con-full e-flex e-con e-child\" data-id=\"4b23ee9\" data-element_type=\"container\">\n\t\t\t\t<div class=\"elementor-element elementor-element-bdbb8ee elementor-widget elementor-widget-image\" data-id=\"bdbb8ee\" data-element_type=\"widget\" data-widget_type=\"image.default\">\n\t\t\t\t\t\t\t\t\t\t\t\t\t\t\t<img fetchpriority=\"high\" decoding=\"async\" width=\"1024\" height=\"682\" src=\"https:\/\/sofepac.bi\/wp-content\/uploads\/2025\/11\/WhatsApp-Image-2025-11-15-at-13.32.52.jpeg\" class=\"attachment-large size-large wp-image-124\" alt=\"\" \/>\t\t\t\t\t\t\t\t\t\t\t\t\t\t\t<\/div>\n\t\t\t\t<\/div>\n\t\t\t\t\t<\/div>\n\t\t\t\t<\/div>\n\t\t<div class=\"elementor-element elementor-element-d6d391c e-con-full e-flex e-con e-parent\" data-id=\"d6d391c\" data-element_type=\"container\">\n\t\t<div class=\"elementor-element elementor-element-06a0516 e-con-full e-flex e-con e-child\" data-id=\"06a0516\" data-element_type=\"container\" data-settings=\"{&quot;background_background&quot;:&quot;classic&quot;}\">\n\t\t<div class=\"elementor-element elementor-element-7f744b5 e-con-full e-flex e-con e-child\" data-id=\"7f744b5\" data-element_type=\"container\" data-settings=\"{&quot;background_background&quot;:&quot;classic&quot;}\">\n\t\t\t\t<div class=\"elementor-element elementor-element-291fe8a elementor-widget elementor-widget-text-editor\" data-id=\"291fe8a\" data-element_type=\"widget\" data-widget_type=\"text-editor.default\">\n\t\t\t\t\t\t\t\t\t<p><strong>Services de transfert &amp; transactions quotidiennes<\/strong><\/p>\t\t\t\t\t\t\t\t<\/div>\n\t\t\t\t<\/div>\n\t\t\t\t<\/div>\n\t\t<div class=\"elementor-element elementor-element-6ea5687 e-con-full e-flex e-con e-child\" data-id=\"6ea5687\" data-element_type=\"container\">\n\t\t\t\t<div class=\"elementor-element elementor-element-f9bda57 elementor-widget elementor-widget-text-editor\" data-id=\"f9bda57\" data-element_type=\"widget\" data-widget_type=\"text-editor.default\">\n\t\t\t\t\t\t\t\t\t<p>Chez <strong>SOFEPAC s.a Microfinance<\/strong>, nous comprenons que votre argent n\u2019est pas seulement un moyen de paiement : c\u2019est votre s\u00e9curit\u00e9, vos projets et votre s\u00e9r\u00e9nit\u00e9.<br \/>Nos services de transfert et de transactions quotidiennes sont con\u00e7us pour vous <strong>simplifier la vie, s\u00e9curiser vos op\u00e9rations et vous donner le contr\u00f4le total sur vos finances<\/strong>. Avec nous, chaque mouvement d\u2019argent devient fluide, rapide et s\u00fbr.<\/p>\t\t\t\t\t\t\t\t<\/div>\n\t\t\t\t<div class=\"elementor-element elementor-element-0545bb2 elementor-widget elementor-widget-button\" data-id=\"0545bb2\" data-element_type=\"widget\" data-widget_type=\"button.default\">\n\t\t\t\t\t\t\t\t\t\t<a class=\"elementor-button elementor-button-link elementor-size-sm\" href=\"https:\/\/sofepac.bi\/?page_id=886\">\n\t\t\t\t\t\t<span class=\"elementor-button-content-wrapper\">\n\t\t\t\t\t\t\t\t\t<span class=\"elementor-button-text\">Voir plus \u2192<\/span>\n\t\t\t\t\t<\/span>\n\t\t\t\t\t<\/a>\n\t\t\t\t\t\t\t\t<\/div>\n\t\t\t\t<\/div>\n\t\t\t\t<\/div>\n\t\t<div class=\"elementor-element elementor-element-10c0ee1 e-con-full e-flex e-con e-parent\" data-id=\"10c0ee1\" data-element_type=\"container\">\n\t\t<div class=\"elementor-element elementor-element-70f244f e-con-full e-flex e-con e-child\" data-id=\"70f244f\" data-element_type=\"container\" data-settings=\"{&quot;background_background&quot;:&quot;classic&quot;}\">\n\t\t<div class=\"elementor-element elementor-element-17de9ce e-con-full e-flex e-con e-child\" data-id=\"17de9ce\" data-element_type=\"container\" data-settings=\"{&quot;background_background&quot;:&quot;classic&quot;}\">\n\t\t\t\t<div class=\"elementor-element elementor-element-4ba6165 elementor-widget elementor-widget-text-editor\" data-id=\"4ba6165\" data-element_type=\"widget\" data-widget_type=\"text-editor.default\">\n\t\t\t\t\t\t\t\t\t<p><strong>Services de Gestion de Comptes &amp; \u00c9pargne<\/strong><\/p>\t\t\t\t\t\t\t\t<\/div>\n\t\t\t\t<\/div>\n\t\t\t\t<\/div>\n\t\t<div class=\"elementor-element elementor-element-9767fb9 e-con-full e-flex e-con e-child\" data-id=\"9767fb9\" data-element_type=\"container\">\n\t\t\t\t<div class=\"elementor-element elementor-element-8d61bca elementor-widget elementor-widget-text-editor\" data-id=\"8d61bca\" data-element_type=\"widget\" data-widget_type=\"text-editor.default\">\n\t\t\t\t\t\t\t\t\t<p>Chez <strong>SOFEPAC s.a Microfinance<\/strong>, nous savons que <strong>bien g\u00e9rer son argent est la cl\u00e9 pour atteindre ses r\u00eaves et s\u00e9curiser son avenir<\/strong>. Nos services de gestion de comptes et d\u2019\u00e9pargne vous permettent de suivre, prot\u00e9ger et faire cro\u00eetre vos \u00e9conomies avec confiance.<\/p>\t\t\t\t\t\t\t\t<\/div>\n\t\t\t\t<div class=\"elementor-element elementor-element-695ad8e elementor-widget elementor-widget-button\" data-id=\"695ad8e\" data-element_type=\"widget\" data-widget_type=\"button.default\">\n\t\t\t\t\t\t\t\t\t\t<a class=\"elementor-button elementor-button-link elementor-size-sm\" href=\"https:\/\/sofepac.bi\/?page_id=893\">\n\t\t\t\t\t\t<span class=\"elementor-button-content-wrapper\">\n\t\t\t\t\t\t\t\t\t<span class=\"elementor-button-text\">Voir plus \u2192<\/span>\n\t\t\t\t\t<\/span>\n\t\t\t\t\t<\/a>\n\t\t\t\t\t\t\t\t<\/div>\n\t\t\t\t<\/div>\n\t\t\t\t<\/div>\n\t\t<div class=\"elementor-element elementor-element-749827f e-con-full e-flex e-con e-parent\" data-id=\"749827f\" data-element_type=\"container\">\n\t\t<div class=\"elementor-element elementor-element-781f4bd e-con-full e-flex e-con e-child\" data-id=\"781f4bd\" data-element_type=\"container\" data-settings=\"{&quot;background_background&quot;:&quot;classic&quot;}\">\n\t\t<div class=\"elementor-element elementor-element-96fac13 e-con-full e-flex e-con e-child\" data-id=\"96fac13\" data-element_type=\"container\" data-settings=\"{&quot;background_background&quot;:&quot;classic&quot;}\">\n\t\t\t\t<div class=\"elementor-element elementor-element-ee49f60 elementor-widget elementor-widget-text-editor\" data-id=\"ee49f60\" data-element_type=\"widget\" data-widget_type=\"text-editor.default\">\n\t\t\t\t\t\t\t\t\t<p><strong>Services d\u2019Accompagnement aux Cr\u00e9dits<\/strong><\/p>\t\t\t\t\t\t\t\t<\/div>\n\t\t\t\t<\/div>\n\t\t\t\t<\/div>\n\t\t<div class=\"elementor-element elementor-element-3f46408 e-con-full e-flex e-con e-child\" data-id=\"3f46408\" data-element_type=\"container\">\n\t\t\t\t<div class=\"elementor-element elementor-element-385317d elementor-widget elementor-widget-text-editor\" data-id=\"385317d\" data-element_type=\"widget\" data-widget_type=\"text-editor.default\">\n\t\t\t\t\t\t\t\t\t<p>Chez <strong>SOFEPAC s.a Microfinance<\/strong>, nous croyons que <strong>chaque projet m\u00e9rite un financement adapt\u00e9 et un suivi personnalis\u00e9<\/strong>. Nous sommes \u00e0 vos c\u00f4t\u00e9s \u00e0 chaque \u00e9tape pour vous aider \u00e0 r\u00e9ussir.<\/p>\t\t\t\t\t\t\t\t<\/div>\n\t\t\t\t<div class=\"elementor-element elementor-element-2d48425 elementor-widget elementor-widget-button\" data-id=\"2d48425\" data-element_type=\"widget\" data-widget_type=\"button.default\">\n\t\t\t\t\t\t\t\t\t\t<a class=\"elementor-button elementor-button-link elementor-size-sm\" href=\"https:\/\/sofepac.bi\/?page_id=898\">\n\t\t\t\t\t\t<span class=\"elementor-button-content-wrapper\">\n\t\t\t\t\t\t\t\t\t<span class=\"elementor-button-text\">Voir plus \u2192<\/span>\n\t\t\t\t\t<\/span>\n\t\t\t\t\t<\/a>\n\t\t\t\t\t\t\t\t<\/div>\n\t\t\t\t<\/div>\n\t\t\t\t<\/div>\n\t\t<div class=\"elementor-element elementor-element-ecb1a18 e-con-full e-flex e-con e-parent\" data-id=\"ecb1a18\" data-element_type=\"container\">\n\t\t<div class=\"elementor-element elementor-element-d880d86 e-con-full e-flex e-con e-child\" data-id=\"d880d86\" data-element_type=\"container\" data-settings=\"{&quot;background_background&quot;:&quot;classic&quot;}\">\n\t\t<div class=\"elementor-element elementor-element-9f6c811 e-con-full e-flex e-con e-child\" data-id=\"9f6c811\" data-element_type=\"container\" data-settings=\"{&quot;background_background&quot;:&quot;classic&quot;}\">\n\t\t\t\t<div class=\"elementor-element elementor-element-20479a4 elementor-widget elementor-widget-text-editor\" data-id=\"20479a4\" data-element_type=\"widget\" data-widget_type=\"text-editor.default\">\n\t\t\t\t\t\t\t\t\t<p><strong>Services de formation &amp; d\u00e9veloppement<\/strong><\/p>\t\t\t\t\t\t\t\t<\/div>\n\t\t\t\t<\/div>\n\t\t\t\t<\/div>\n\t\t<div class=\"elementor-element elementor-element-f6c2069 e-con-full e-flex e-con e-child\" data-id=\"f6c2069\" data-element_type=\"container\">\n\t\t\t\t<div class=\"elementor-element elementor-element-78c58d5 elementor-widget elementor-widget-text-editor\" data-id=\"78c58d5\" data-element_type=\"widget\" data-widget_type=\"text-editor.default\">\n\t\t\t\t\t\t\t\t\t<p>Chez <strong>SOFEPAC s.a Microfinance<\/strong>, nous croyons fermement que <strong>la connaissance et les comp\u00e9tences sont des cl\u00e9s essentielles pour r\u00e9ussir<\/strong>. Nos services de formation et de d\u00e9veloppement vous permettent de renforcer vos capacit\u00e9s, am\u00e9liorer vos projets et mieux g\u00e9rer vos finances.<\/p>\t\t\t\t\t\t\t\t<\/div>\n\t\t\t\t<div class=\"elementor-element elementor-element-33eb717 elementor-widget elementor-widget-button\" data-id=\"33eb717\" data-element_type=\"widget\" data-widget_type=\"button.default\">\n\t\t\t\t\t\t\t\t\t\t<a class=\"elementor-button elementor-button-link elementor-size-sm\" href=\"https:\/\/sofepac.bi\/?page_id=904\">\n\t\t\t\t\t\t<span class=\"elementor-button-content-wrapper\">\n\t\t\t\t\t\t\t\t\t<span class=\"elementor-button-text\">Voir plus \u2192<\/span>\n\t\t\t\t\t<\/span>\n\t\t\t\t\t<\/a>\n\t\t\t\t\t\t\t\t<\/div>\n\t\t\t\t<\/div>\n\t\t\t\t<\/div>\n\t\t<div class=\"elementor-element elementor-element-1252472 e-con-full e-flex e-con e-parent\" data-id=\"1252472\" data-element_type=\"container\">\n\t\t<div class=\"elementor-element elementor-element-a514d40 e-con-full e-flex e-con e-child\" data-id=\"a514d40\" data-element_type=\"container\" data-settings=\"{&quot;background_background&quot;:&quot;classic&quot;}\">\n\t\t<div class=\"elementor-element elementor-element-99010e5 e-con-full e-flex e-con e-child\" data-id=\"99010e5\" data-element_type=\"container\" data-settings=\"{&quot;background_background&quot;:&quot;classic&quot;}\">\n\t\t\t\t<div class=\"elementor-element elementor-element-b435211 elementor-widget elementor-widget-text-editor\" data-id=\"b435211\" data-element_type=\"widget\" data-widget_type=\"text-editor.default\">\n\t\t\t\t\t\t\t\t\t<p><strong>Services d\u2019Assistance &amp; Accompagnement Social<\/strong><\/p>\t\t\t\t\t\t\t\t<\/div>\n\t\t\t\t<\/div>\n\t\t\t\t<\/div>\n\t\t<div class=\"elementor-element elementor-element-76d180b e-con-full e-flex e-con e-child\" data-id=\"76d180b\" data-element_type=\"container\">\n\t\t\t\t<div class=\"elementor-element elementor-element-b1321ee elementor-widget elementor-widget-text-editor\" data-id=\"b1321ee\" data-element_type=\"widget\" data-widget_type=\"text-editor.default\">\n\t\t\t\t\t\t\t\t\t<p>La vie r\u00e9serve parfois des impr\u00e9vus. Chez <strong>SOFEPAC s.a Microfinance<\/strong>, nous sommes \u00e0 vos c\u00f4t\u00e9s pour vous soutenir dans toutes les situations, financi\u00e8res ou personnelles.<\/p>\t\t\t\t\t\t\t\t<\/div>\n\t\t\t\t<div class=\"elementor-element elementor-element-e4117a4 elementor-widget elementor-widget-button\" data-id=\"e4117a4\" data-element_type=\"widget\" data-widget_type=\"button.default\">\n\t\t\t\t\t\t\t\t\t\t<a class=\"elementor-button elementor-button-link elementor-size-sm\" href=\"https:\/\/sofepac.bi\/?page_id=909\">\n\t\t\t\t\t\t<span class=\"elementor-button-content-wrapper\">\n\t\t\t\t\t\t\t\t\t<span class=\"elementor-button-text\">Voir plus \u2192<\/span>\n\t\t\t\t\t<\/span>\n\t\t\t\t\t<\/a>\n\t\t\t\t\t\t\t\t<\/div>\n\t\t\t\t<\/div>\n\t\t\t\t<\/div>\n\t\t\t\t<\/div>\n\t\t","protected":false},"excerpt":{"rendered":"<p>Services Chez SOFEPAC s.a Microfinance, nous ne nous contentons pas de g\u00e9rer vos finances Nous vous formons, vous accompagnons et vous guidons pour construire un avenir solide et prosp\u00e8re.Nous sommes votre partenaire de confiance, pr\u00e9sent \u00e0 chaque \u00e9tape, dans la r\u00e9ussite comme dans l\u2019urgence. Avec la&nbsp;SOFEPAC s.a Microfinance, chaque comp\u00e9tence acquise, chaque conseil re\u00e7u et [&hellip;]<\/p>\n","protected":false},"author":1,"featured_media":0,"parent":0,"menu_order":0,"comment_status":"closed","ping_status":"closed","template":"","meta":{"ocean_post_layout":"","ocean_both_sidebars_style":"","ocean_both_sidebars_content_width":0,"ocean_both_sidebars_sidebars_width":0,"ocean_sidebar":"","ocean_second_sidebar":"","ocean_disable_margins":"enable","ocean_add_body_class":"","ocean_shortcode_before_top_bar":"","ocean_shortcode_after_top_bar":"","ocean_shortcode_before_header":"","ocean_shortcode_after_header":"","ocean_has_shortcode":"","ocean_shortcode_after_title":"","ocean_shortcode_before_footer_widgets":"","ocean_shortcode_after_footer_widgets":"","ocean_shortcode_before_footer_bottom":"","ocean_shortcode_after_footer_bottom":"","ocean_display_top_bar":"default","ocean_display_header":"default","ocean_header_style":"","ocean_center_header_left_menu":"","ocean_custom_header_template":"","ocean_custom_logo":0,"ocean_custom_retina_logo":0,"ocean_custom_logo_max_width":0,"ocean_custom_logo_tablet_max_width":0,"ocean_custom_logo_mobile_max_width":0,"ocean_custom_logo_max_height":0,"ocean_custom_logo_tablet_max_height":0,"ocean_custom_logo_mobile_max_height":0,"ocean_header_custom_menu":"","ocean_menu_typo_font_family":"","ocean_menu_typo_font_subset":"","ocean_menu_typo_font_size":0,"ocean_menu_typo_font_size_tablet":0,"ocean_menu_typo_font_size_mobile":0,"ocean_menu_typo_font_size_unit":"px","ocean_menu_typo_font_weight":"","ocean_menu_typo_font_weight_tablet":"","ocean_menu_typo_font_weight_mobile":"","ocean_menu_typo_transform":"","ocean_menu_typo_transform_tablet":"","ocean_menu_typo_transform_mobile":"","ocean_menu_typo_line_height":0,"ocean_menu_typo_line_height_tablet":0,"ocean_menu_typo_line_height_mobile":0,"ocean_menu_typo_line_height_unit":"","ocean_menu_typo_spacing":0,"ocean_menu_typo_spacing_tablet":0,"ocean_menu_typo_spacing_mobile":0,"ocean_menu_typo_spacing_unit":"","ocean_menu_link_color":"","ocean_menu_link_color_hover":"","ocean_menu_link_color_active":"","ocean_menu_link_background":"","ocean_menu_link_hover_background":"","ocean_menu_link_active_background":"","ocean_menu_social_links_bg":"","ocean_menu_social_hover_links_bg":"","ocean_menu_social_links_color":"","ocean_menu_social_hover_links_color":"","ocean_disable_title":"default","ocean_disable_heading":"default","ocean_post_title":"","ocean_post_subheading":"","ocean_post_title_style":"","ocean_post_title_background_color":"","ocean_post_title_background":0,"ocean_post_title_bg_image_position":"","ocean_post_title_bg_image_attachment":"","ocean_post_title_bg_image_repeat":"","ocean_post_title_bg_image_size":"","ocean_post_title_height":0,"ocean_post_title_bg_overlay":0.5,"ocean_post_title_bg_overlay_color":"","ocean_disable_breadcrumbs":"default","ocean_breadcrumbs_color":"","ocean_breadcrumbs_separator_color":"","ocean_breadcrumbs_links_color":"","ocean_breadcrumbs_links_hover_color":"","ocean_display_footer_widgets":"default","ocean_display_footer_bottom":"default","ocean_custom_footer_template":"","footnotes":""},"class_list":["post-315","page","type-page","status-publish","hentry","entry"],"_links":{"self":[{"href":"https:\/\/sofepac.bi\/index.php?rest_route=\/wp\/v2\/pages\/315","targetHints":{"allow":["GET"]}}],"collection":[{"href":"https:\/\/sofepac.bi\/index.php?rest_route=\/wp\/v2\/pages"}],"about":[{"href":"https:\/\/sofepac.bi\/index.php?rest_route=\/wp\/v2\/types\/page"}],"author":[{"embeddable":true,"href":"https:\/\/sofepac.bi\/index.php?rest_route=\/wp\/v2\/users\/1"}],"replies":[{"embeddable":true,"href":"https:\/\/sofepac.bi\/index.php?rest_route=%2Fwp%2Fv2%2Fcomments&post=315"}],"version-history":[{"count":28,"href":"https:\/\/sofepac.bi\/index.php?rest_route=\/wp\/v2\/pages\/315\/revisions"}],"predecessor-version":[{"id":1510,"href":"https:\/\/sofepac.bi\/index.php?rest_route=\/wp\/v2\/pages\/315\/revisions\/1510"}],"wp:attachment":[{"href":"https:\/\/sofepac.bi\/index.php?rest_route=%2Fwp%2Fv2%2Fmedia&parent=315"}],"curies":[{"name":"wp","href":"https:\/\/api.w.org\/{rel}","templated":true}]}}