{"id":327,"date":"2025-11-16T21:44:51","date_gmt":"2025-11-16T21:44:51","guid":{"rendered":"http:\/\/localhost\/sofepac\/?page_id=327"},"modified":"2025-12-09T10:55:05","modified_gmt":"2025-12-09T10:55:05","slug":"comptes","status":"publish","type":"page","link":"https:\/\/sofepac.bi\/?page_id=327","title":{"rendered":"Comptes"},"content":{"rendered":"\t\t<div data-elementor-type=\"wp-page\" data-elementor-id=\"327\" class=\"elementor elementor-327\">\n\t\t\t\t<div class=\"elementor-element elementor-element-3acbe64 e-flex e-con-boxed e-con e-parent\" data-id=\"3acbe64\" data-element_type=\"container\" data-settings=\"{&quot;background_background&quot;:&quot;classic&quot;,&quot;shape_divider_bottom&quot;:&quot;tilt&quot;}\">\n\t\t\t\t\t<div class=\"e-con-inner\">\n\t\t\t\t<div class=\"elementor-shape elementor-shape-bottom\" aria-hidden=\"true\" data-negative=\"false\">\n\t\t\t<svg xmlns=\"http:\/\/www.w3.org\/2000\/svg\" viewBox=\"0 0 1000 100\" preserveAspectRatio=\"none\">\n\t<path class=\"elementor-shape-fill\" d=\"M0,6V0h1000v100L0,6z\"\/>\n<\/svg>\t\t<\/div>\n\t\t\t\t<div class=\"elementor-element elementor-element-e8e951e elementor-widget elementor-widget-heading\" data-id=\"e8e951e\" data-element_type=\"widget\" data-widget_type=\"heading.default\">\n\t\t\t\t\t<h1 class=\"elementor-heading-title elementor-size-default\"><br>Comptes<br><br><\/h1>\t\t\t\t<\/div>\n\t\t\t\t\t<\/div>\n\t\t\t\t<\/div>\n\t\t<div class=\"elementor-element elementor-element-86e2647 e-flex e-con-boxed e-con e-parent\" data-id=\"86e2647\" data-element_type=\"container\" data-settings=\"{&quot;background_background&quot;:&quot;classic&quot;}\">\n\t\t\t\t\t<div class=\"e-con-inner\">\n\t\t<div class=\"elementor-element elementor-element-973c604 e-con-full e-flex e-con e-child\" data-id=\"973c604\" data-element_type=\"container\">\n\t\t\t\t<div class=\"elementor-element elementor-element-6b43e0f elementor-widget elementor-widget-heading\" data-id=\"6b43e0f\" data-element_type=\"widget\" data-widget_type=\"heading.default\">\n\t\t\t\t\t<h2 class=\"elementor-heading-title elementor-size-default\">Donnez plus de puissance \u00e0 votre avenir financier avec la SOFEPAC s.a Microfinance<\/h2>\t\t\t\t<\/div>\n\t\t\t\t<div class=\"elementor-element elementor-element-66d72b3 elementor-widget elementor-widget-text-editor\" data-id=\"66d72b3\" data-element_type=\"widget\" data-widget_type=\"text-editor.default\">\n\t\t\t\t\t\t\t\t\t<p>Chez <strong>SOFEPAC s.a Microfinance<\/strong>, chaque produit financier est pens\u00e9 pour vous accompagner dans la r\u00e9alisation de vos objectifs, petits ou grands.<br>Que vous cherchiez \u00e0 g\u00e9rer vos d\u00e9penses quotidiennes, faire fructifier vos \u00e9conomies, pr\u00e9parer un projet important ou assurer l\u2019avenir de vos enfants, nous vous offrons des solutions simples, s\u00e9curis\u00e9es et adapt\u00e9es \u00e0 votre r\u00e9alit\u00e9.<\/p>\n<p>Avec nos <strong>comptes courants<\/strong>, <strong>d\u00e9p\u00f4ts \u00e0 terme<\/strong>, <strong>comptes \u00e9pargne<\/strong> et <strong>\u00e9pargne JUNIOR<\/strong>, vous d\u00e9tenez entre vos mains les outils n\u00e9cessaires pour b\u00e2tir une stabilit\u00e9 financi\u00e8re durable.<\/p>\n<p><strong>Votre avenir commence par un simple geste : ouvrir un compte.<\/strong><br>Nous sommes l\u00e0 pour marcher avec vous, pas \u00e0 pas, vers plus de s\u00e9curit\u00e9, plus d\u2019opportunit\u00e9s et plus de r\u00e9ussite.<\/p>\t\t\t\t\t\t\t\t<\/div>\n\t\t\t\t<\/div>\n\t\t<div class=\"elementor-element elementor-element-9211153 e-con-full e-flex e-con e-child\" data-id=\"9211153\" data-element_type=\"container\">\n\t\t\t\t<div class=\"elementor-element elementor-element-f849781 elementor-widget elementor-widget-image\" data-id=\"f849781\" data-element_type=\"widget\" data-widget_type=\"image.default\">\n\t\t\t\t\t\t\t\t\t\t\t\t\t\t\t<img fetchpriority=\"high\" decoding=\"async\" width=\"1024\" height=\"682\" src=\"https:\/\/sofepac.bi\/wp-content\/uploads\/2025\/11\/WhatsApp-Image-2025-11-15-at-13.32.52.jpeg\" class=\"attachment-large size-large wp-image-124\" alt=\"\" \/>\t\t\t\t\t\t\t\t\t\t\t\t\t\t\t<\/div>\n\t\t\t\t<\/div>\n\t\t\t\t\t<\/div>\n\t\t\t\t<\/div>\n\t\t<div class=\"elementor-element elementor-element-49333df e-con-full e-flex e-con e-parent\" data-id=\"49333df\" data-element_type=\"container\">\n\t\t<div class=\"elementor-element elementor-element-5f409eb e-con-full e-flex e-con e-child\" data-id=\"5f409eb\" data-element_type=\"container\" data-settings=\"{&quot;background_background&quot;:&quot;classic&quot;}\">\n\t\t<div class=\"elementor-element elementor-element-484cb48 e-con-full e-flex e-con e-child\" data-id=\"484cb48\" data-element_type=\"container\" data-settings=\"{&quot;background_background&quot;:&quot;classic&quot;}\">\n\t\t\t\t<div class=\"elementor-element elementor-element-c98ea2e elementor-widget elementor-widget-text-editor\" data-id=\"c98ea2e\" data-element_type=\"widget\" data-widget_type=\"text-editor.default\">\n\t\t\t\t\t\t\t\t\t<p><strong>Courant<\/strong><\/p>\t\t\t\t\t\t\t\t<\/div>\n\t\t\t\t<\/div>\n\t\t\t\t<\/div>\n\t\t<div class=\"elementor-element elementor-element-a6768c4 e-con-full e-flex e-con e-child\" data-id=\"a6768c4\" data-element_type=\"container\">\n\t\t\t\t<div class=\"elementor-element elementor-element-4ff48c4 elementor-widget elementor-widget-text-editor\" data-id=\"4ff48c4\" data-element_type=\"widget\" data-widget_type=\"text-editor.default\">\n\t\t\t\t\t\t\t\t\t<p><strong>Le Compte Courant<\/strong> de la\u00a0<strong>SOFEPAC s.a Microfinance<\/strong> est <strong>la solution id\u00e9ale pour g\u00e9rer vos finances quotidiennes avec libert\u00e9 et s\u00e9curit\u00e9<\/strong>. Il est pens\u00e9 pour r\u00e9pondre \u00e0 tous vos besoins financiers, en toute simplicit\u00e9.<\/p>\t\t\t\t\t\t\t\t<\/div>\n\t\t\t\t<div class=\"elementor-element elementor-element-16aaddf elementor-widget elementor-widget-button\" data-id=\"16aaddf\" data-element_type=\"widget\" data-widget_type=\"button.default\">\n\t\t\t\t\t\t\t\t\t\t<a class=\"elementor-button elementor-button-link elementor-size-sm\" href=\"https:\/\/sofepac.bi\/?page_id=843\">\n\t\t\t\t\t\t<span class=\"elementor-button-content-wrapper\">\n\t\t\t\t\t\t\t\t\t<span class=\"elementor-button-text\">Voir plus \u2192<\/span>\n\t\t\t\t\t<\/span>\n\t\t\t\t\t<\/a>\n\t\t\t\t\t\t\t\t<\/div>\n\t\t\t\t<\/div>\n\t\t\t\t<\/div>\n\t\t<div class=\"elementor-element elementor-element-e03502d e-con-full e-flex e-con e-parent\" data-id=\"e03502d\" data-element_type=\"container\">\n\t\t<div class=\"elementor-element elementor-element-fafc970 e-con-full e-flex e-con e-child\" data-id=\"fafc970\" data-element_type=\"container\" data-settings=\"{&quot;background_background&quot;:&quot;classic&quot;}\">\n\t\t<div class=\"elementor-element elementor-element-a0705b7 e-con-full e-flex e-con e-child\" data-id=\"a0705b7\" data-element_type=\"container\" data-settings=\"{&quot;background_background&quot;:&quot;classic&quot;}\">\n\t\t\t\t<div class=\"elementor-element elementor-element-7483d85 elementor-widget elementor-widget-text-editor\" data-id=\"7483d85\" data-element_type=\"widget\" data-widget_type=\"text-editor.default\">\n\t\t\t\t\t\t\t\t\t<p><strong>D\u00e9p\u00f4t \u00e0 Terme<\/strong><\/p>\t\t\t\t\t\t\t\t<\/div>\n\t\t\t\t<\/div>\n\t\t\t\t<\/div>\n\t\t<div class=\"elementor-element elementor-element-1f243b9 e-con-full e-flex e-con e-child\" data-id=\"1f243b9\" data-element_type=\"container\">\n\t\t\t\t<div class=\"elementor-element elementor-element-e64d3d1 elementor-widget elementor-widget-text-editor\" data-id=\"e64d3d1\" data-element_type=\"widget\" data-widget_type=\"text-editor.default\">\n\t\t\t\t\t\t\t\t\t<p>Le <strong>D\u00e9p\u00f4t \u00e0 Terme<\/strong> de la <strong>SOFEPAC s.a Microfinance<\/strong> est <strong>la solution id\u00e9ale pour s\u00e9curiser votre capital tout en le faisant cro\u00eetre<\/strong>. Avec ce produit, vous placez un montant fixe d\u2019argent pour une p\u00e9riode d\u00e9termin\u00e9e, et profitez d\u2019une croissance stable et garantie.<\/p>\t\t\t\t\t\t\t\t<\/div>\n\t\t\t\t<div class=\"elementor-element elementor-element-edd1a42 elementor-widget elementor-widget-button\" data-id=\"edd1a42\" data-element_type=\"widget\" data-widget_type=\"button.default\">\n\t\t\t\t\t\t\t\t\t\t<a class=\"elementor-button elementor-button-link elementor-size-sm\" href=\"https:\/\/sofepac.bi\/?page_id=850\">\n\t\t\t\t\t\t<span class=\"elementor-button-content-wrapper\">\n\t\t\t\t\t\t\t\t\t<span class=\"elementor-button-text\">Voir plus \u2192<\/span>\n\t\t\t\t\t<\/span>\n\t\t\t\t\t<\/a>\n\t\t\t\t\t\t\t\t<\/div>\n\t\t\t\t<\/div>\n\t\t\t\t<\/div>\n\t\t<div class=\"elementor-element elementor-element-2265210 e-con-full e-flex e-con e-parent\" data-id=\"2265210\" data-element_type=\"container\">\n\t\t<div class=\"elementor-element elementor-element-a612a1a e-con-full e-flex e-con e-child\" data-id=\"a612a1a\" data-element_type=\"container\" data-settings=\"{&quot;background_background&quot;:&quot;classic&quot;}\">\n\t\t<div class=\"elementor-element elementor-element-ae40585 e-con-full e-flex e-con e-child\" data-id=\"ae40585\" data-element_type=\"container\" data-settings=\"{&quot;background_background&quot;:&quot;classic&quot;}\">\n\t\t\t\t<div class=\"elementor-element elementor-element-68272ec elementor-widget elementor-widget-text-editor\" data-id=\"68272ec\" data-element_type=\"widget\" data-widget_type=\"text-editor.default\">\n\t\t\t\t\t\t\t\t\t<p><strong>Compte \u00c9pargne<\/strong><\/p>\t\t\t\t\t\t\t\t<\/div>\n\t\t\t\t<\/div>\n\t\t\t\t<\/div>\n\t\t<div class=\"elementor-element elementor-element-be9b56f e-con-full e-flex e-con e-child\" data-id=\"be9b56f\" data-element_type=\"container\">\n\t\t\t\t<div class=\"elementor-element elementor-element-310039c elementor-widget elementor-widget-text-editor\" data-id=\"310039c\" data-element_type=\"widget\" data-widget_type=\"text-editor.default\">\n\t\t\t\t\t\t\t\t\t<p>Le <strong>Compte \u00c9pargne<\/strong> de la <strong>SOFEPAC s.a Microfinance<\/strong> est la solution id\u00e9ale pour ceux qui veulent <strong>mettre de l\u2019argent de c\u00f4t\u00e9 tout en le faisant fructifier<\/strong>, mois apr\u00e8s mois.<br \/>C\u2019est un compte simple, s\u00e9curis\u00e9 et accessible \u00e0 tout moment, qui transforme chaque d\u00e9p\u00f4t en une v\u00e9ritable opportunit\u00e9 de croissance.<\/p>\t\t\t\t\t\t\t\t<\/div>\n\t\t\t\t<div class=\"elementor-element elementor-element-67cf39d elementor-widget elementor-widget-button\" data-id=\"67cf39d\" data-element_type=\"widget\" data-widget_type=\"button.default\">\n\t\t\t\t\t\t\t\t\t\t<a class=\"elementor-button elementor-button-link elementor-size-sm\" href=\"https:\/\/sofepac.bi\/?page_id=859\">\n\t\t\t\t\t\t<span class=\"elementor-button-content-wrapper\">\n\t\t\t\t\t\t\t\t\t<span class=\"elementor-button-text\">Voir plus \u2192<\/span>\n\t\t\t\t\t<\/span>\n\t\t\t\t\t<\/a>\n\t\t\t\t\t\t\t\t<\/div>\n\t\t\t\t<\/div>\n\t\t\t\t<\/div>\n\t\t<div class=\"elementor-element elementor-element-ae129aa e-con-full e-flex e-con e-parent\" data-id=\"ae129aa\" data-element_type=\"container\">\n\t\t<div class=\"elementor-element elementor-element-d93cf5d e-con-full e-flex e-con e-child\" data-id=\"d93cf5d\" data-element_type=\"container\" data-settings=\"{&quot;background_background&quot;:&quot;classic&quot;}\">\n\t\t<div class=\"elementor-element elementor-element-a7c0d5a e-con-full e-flex e-con e-child\" data-id=\"a7c0d5a\" data-element_type=\"container\" data-settings=\"{&quot;background_background&quot;:&quot;classic&quot;}\">\n\t\t\t\t<div class=\"elementor-element elementor-element-e0e6153 elementor-widget elementor-widget-text-editor\" data-id=\"e0e6153\" data-element_type=\"widget\" data-widget_type=\"text-editor.default\">\n\t\t\t\t\t\t\t\t\t<p><strong>Compte \u00e9pargne JUNIOR<\/strong><\/p>\t\t\t\t\t\t\t\t<\/div>\n\t\t\t\t<\/div>\n\t\t\t\t<\/div>\n\t\t<div class=\"elementor-element elementor-element-eadd675 e-con-full e-flex e-con e-child\" data-id=\"eadd675\" data-element_type=\"container\">\n\t\t\t\t<div class=\"elementor-element elementor-element-ff5285e elementor-widget elementor-widget-text-editor\" data-id=\"ff5285e\" data-element_type=\"widget\" data-widget_type=\"text-editor.default\">\n\t\t\t\t\t\t\t\t\t<p>Le <strong>Compte \u00c9pargne JUNIOR<\/strong> de la <strong>SOFEPAC s.a Microfinance<\/strong> est sp\u00e9cialement con\u00e7u pour aider les parents \u00e0 pr\u00e9parer l\u2019avenir financier de leurs enfants.<br \/>C\u2019est une mani\u00e8re simple, s\u00fbre et intelligente de b\u00e2tir un capital qui accompagnera votre enfant dans ses projets futurs.<\/p>\t\t\t\t\t\t\t\t<\/div>\n\t\t\t\t<div class=\"elementor-element elementor-element-2c88dc7 elementor-widget elementor-widget-button\" data-id=\"2c88dc7\" data-element_type=\"widget\" data-widget_type=\"button.default\">\n\t\t\t\t\t\t\t\t\t\t<a class=\"elementor-button elementor-button-link elementor-size-sm\" href=\"https:\/\/sofepac.bi\/?page_id=866\">\n\t\t\t\t\t\t<span class=\"elementor-button-content-wrapper\">\n\t\t\t\t\t\t\t\t\t<span class=\"elementor-button-text\">Voir plus \u2192<\/span>\n\t\t\t\t\t<\/span>\n\t\t\t\t\t<\/a>\n\t\t\t\t\t\t\t\t<\/div>\n\t\t\t\t<\/div>\n\t\t\t\t<\/div>\n\t\t\t\t<\/div>\n\t\t","protected":false},"excerpt":{"rendered":"<p>Comptes Donnez plus de puissance \u00e0 votre avenir financier avec la SOFEPAC s.a Microfinance Chez SOFEPAC s.a Microfinance, chaque produit financier est pens\u00e9 pour vous accompagner dans la r\u00e9alisation de vos objectifs, petits ou grands.Que vous cherchiez \u00e0 g\u00e9rer vos d\u00e9penses quotidiennes, faire fructifier vos \u00e9conomies, pr\u00e9parer un projet important ou assurer l\u2019avenir de vos [&hellip;]<\/p>\n","protected":false},"author":1,"featured_media":0,"parent":0,"menu_order":0,"comment_status":"closed","ping_status":"closed","template":"","meta":{"ocean_post_layout":"","ocean_both_sidebars_style":"","ocean_both_sidebars_content_width":0,"ocean_both_sidebars_sidebars_width":0,"ocean_sidebar":"","ocean_second_sidebar":"","ocean_disable_margins":"enable","ocean_add_body_class":"","ocean_shortcode_before_top_bar":"","ocean_shortcode_after_top_bar":"","ocean_shortcode_before_header":"","ocean_shortcode_after_header":"","ocean_has_shortcode":"","ocean_shortcode_after_title":"","ocean_shortcode_before_footer_widgets":"","ocean_shortcode_after_footer_widgets":"","ocean_shortcode_before_footer_bottom":"","ocean_shortcode_after_footer_bottom":"","ocean_display_top_bar":"default","ocean_display_header":"default","ocean_header_style":"","ocean_center_header_left_menu":"","ocean_custom_header_template":"","ocean_custom_logo":0,"ocean_custom_retina_logo":0,"ocean_custom_logo_max_width":0,"ocean_custom_logo_tablet_max_width":0,"ocean_custom_logo_mobile_max_width":0,"ocean_custom_logo_max_height":0,"ocean_custom_logo_tablet_max_height":0,"ocean_custom_logo_mobile_max_height":0,"ocean_header_custom_menu":"","ocean_menu_typo_font_family":"","ocean_menu_typo_font_subset":"","ocean_menu_typo_font_size":0,"ocean_menu_typo_font_size_tablet":0,"ocean_menu_typo_font_size_mobile":0,"ocean_menu_typo_font_size_unit":"px","ocean_menu_typo_font_weight":"","ocean_menu_typo_font_weight_tablet":"","ocean_menu_typo_font_weight_mobile":"","ocean_menu_typo_transform":"","ocean_menu_typo_transform_tablet":"","ocean_menu_typo_transform_mobile":"","ocean_menu_typo_line_height":0,"ocean_menu_typo_line_height_tablet":0,"ocean_menu_typo_line_height_mobile":0,"ocean_menu_typo_line_height_unit":"","ocean_menu_typo_spacing":0,"ocean_menu_typo_spacing_tablet":0,"ocean_menu_typo_spacing_mobile":0,"ocean_menu_typo_spacing_unit":"","ocean_menu_link_color":"","ocean_menu_link_color_hover":"","ocean_menu_link_color_active":"","ocean_menu_link_background":"","ocean_menu_link_hover_background":"","ocean_menu_link_active_background":"","ocean_menu_social_links_bg":"","ocean_menu_social_hover_links_bg":"","ocean_menu_social_links_color":"","ocean_menu_social_hover_links_color":"","ocean_disable_title":"default","ocean_disable_heading":"default","ocean_post_title":"","ocean_post_subheading":"","ocean_post_title_style":"","ocean_post_title_background_color":"","ocean_post_title_background":0,"ocean_post_title_bg_image_position":"","ocean_post_title_bg_image_attachment":"","ocean_post_title_bg_image_repeat":"","ocean_post_title_bg_image_size":"","ocean_post_title_height":0,"ocean_post_title_bg_overlay":0.5,"ocean_post_title_bg_overlay_color":"","ocean_disable_breadcrumbs":"default","ocean_breadcrumbs_color":"","ocean_breadcrumbs_separator_color":"","ocean_breadcrumbs_links_color":"","ocean_breadcrumbs_links_hover_color":"","ocean_display_footer_widgets":"default","ocean_display_footer_bottom":"default","ocean_custom_footer_template":"","footnotes":""},"class_list":["post-327","page","type-page","status-publish","hentry","entry"],"_links":{"self":[{"href":"https:\/\/sofepac.bi\/index.php?rest_route=\/wp\/v2\/pages\/327","targetHints":{"allow":["GET"]}}],"collection":[{"href":"https:\/\/sofepac.bi\/index.php?rest_route=\/wp\/v2\/pages"}],"about":[{"href":"https:\/\/sofepac.bi\/index.php?rest_route=\/wp\/v2\/types\/page"}],"author":[{"embeddable":true,"href":"https:\/\/sofepac.bi\/index.php?rest_route=\/wp\/v2\/users\/1"}],"replies":[{"embeddable":true,"href":"https:\/\/sofepac.bi\/index.php?rest_route=%2Fwp%2Fv2%2Fcomments&post=327"}],"version-history":[{"count":28,"href":"https:\/\/sofepac.bi\/index.php?rest_route=\/wp\/v2\/pages\/327\/revisions"}],"predecessor-version":[{"id":1498,"href":"https:\/\/sofepac.bi\/index.php?rest_route=\/wp\/v2\/pages\/327\/revisions\/1498"}],"wp:attachment":[{"href":"https:\/\/sofepac.bi\/index.php?rest_route=%2Fwp%2Fv2%2Fmedia&parent=327"}],"curies":[{"name":"wp","href":"https:\/\/api.w.org\/{rel}","templated":true}]}}