{"id":746,"date":"2025-11-28T22:00:37","date_gmt":"2025-11-28T22:00:37","guid":{"rendered":"http:\/\/localhost\/sofepac\/?page_id=746"},"modified":"2025-12-09T11:19:25","modified_gmt":"2025-12-09T11:19:25","slug":"credit-de-tresorerie","status":"publish","type":"page","link":"https:\/\/sofepac.bi\/?page_id=746","title":{"rendered":"Cr\u00e9dit de Tr\u00e9sorerie"},"content":{"rendered":"\t\t<div data-elementor-type=\"wp-page\" data-elementor-id=\"746\" class=\"elementor elementor-746\">\n\t\t\t\t<div class=\"elementor-element elementor-element-56f70ea e-flex e-con-boxed e-con e-parent\" data-id=\"56f70ea\" data-element_type=\"container\" data-settings=\"{&quot;background_background&quot;:&quot;classic&quot;,&quot;shape_divider_bottom&quot;:&quot;tilt&quot;}\">\n\t\t\t\t\t<div class=\"e-con-inner\">\n\t\t\t\t<div class=\"elementor-shape elementor-shape-bottom\" aria-hidden=\"true\" data-negative=\"false\">\n\t\t\t<svg xmlns=\"http:\/\/www.w3.org\/2000\/svg\" viewBox=\"0 0 1000 100\" preserveAspectRatio=\"none\">\n\t<path class=\"elementor-shape-fill\" d=\"M0,6V0h1000v100L0,6z\"\/>\n<\/svg>\t\t<\/div>\n\t\t\t\t<div class=\"elementor-element elementor-element-689f18a elementor-widget elementor-widget-heading\" data-id=\"689f18a\" data-element_type=\"widget\" data-widget_type=\"heading.default\">\n\t\t\t\t\t<h1 class=\"elementor-heading-title elementor-size-default\"><br>Cr\u00e9dit de tr\u00e9sorerie (d\u00e9couvert)<br><br><\/h1>\t\t\t\t<\/div>\n\t\t\t\t\t<\/div>\n\t\t\t\t<\/div>\n\t\t<div class=\"elementor-element elementor-element-a1f5279 e-flex e-con-boxed e-con e-parent\" data-id=\"a1f5279\" data-element_type=\"container\">\n\t\t\t\t\t<div class=\"e-con-inner\">\n\t\t<div class=\"elementor-element elementor-element-7ff00d1 e-con-full e-flex e-con e-child\" data-id=\"7ff00d1\" data-element_type=\"container\">\n\t\t\t\t<div class=\"elementor-element elementor-element-e6e44e7 elementor-widget elementor-widget-image\" data-id=\"e6e44e7\" data-element_type=\"widget\" data-widget_type=\"image.default\">\n\t\t\t\t\t\t\t\t\t\t\t\t\t\t\t<img fetchpriority=\"high\" decoding=\"async\" width=\"1024\" height=\"683\" src=\"https:\/\/sofepac.bi\/wp-content\/uploads\/2025\/11\/land-o-lakes-inc-A5xiXjyxmAU-unsplash.jpg\" class=\"attachment-large size-large wp-image-748\" alt=\"\" \/>\t\t\t\t\t\t\t\t\t\t\t\t\t\t\t<\/div>\n\t\t\t\t<\/div>\n\t\t<div class=\"elementor-element elementor-element-16786f1 e-con-full e-flex e-con e-child\" data-id=\"16786f1\" data-element_type=\"container\">\n\t\t\t\t<div class=\"elementor-element elementor-element-970fb6c elementor-widget elementor-widget-heading\" data-id=\"970fb6c\" data-element_type=\"widget\" data-widget_type=\"heading.default\">\n\t\t\t\t\t<h2 class=\"elementor-heading-title elementor-size-default\">CREDIT DE TRESORERIE (DECOUVERT)<\/h2>\t\t\t\t<\/div>\n\t\t\t\t<div class=\"elementor-element elementor-element-245cf34 elementor-widget elementor-widget-text-editor\" data-id=\"245cf34\" data-element_type=\"widget\" data-widget_type=\"text-editor.default\">\n\t\t\t\t\t\t\t\t\t<p><strong>G\u00e9rez vos impr\u00e9vus et stabilisez votre budget<\/strong>, gr\u00e2ce au Cr\u00e9dit de Tr\u00e9sorerie propos\u00e9 par la <strong>SOFEPAC s.a Microfinance<\/strong>. Ce produit vous permet de continuer vos activit\u00e9s sans interruption et d\u2019aborder les urgences avec s\u00e9r\u00e9nit\u00e9.<\/p>\t\t\t\t\t\t\t\t<\/div>\n\t\t\t\t<div class=\"elementor-element elementor-element-8e868b5 elementor-widget elementor-widget-text-editor\" data-id=\"8e868b5\" data-element_type=\"widget\" data-widget_type=\"text-editor.default\">\n\t\t\t\t\t\t\t\t\t<p><em>Avec le Cr\u00e9dit de Tr\u00e9sorerie de la SOFEPAC s.a Microfinance, vous ne faites jamais face aux impr\u00e9vus seul. Nous sommes votre s\u00e9curit\u00e9 au quotidien, pour avancer sereinement et r\u00e9ussir chaque jour.<\/em><\/p>\t\t\t\t\t\t\t\t<\/div>\n\t\t\t\t<\/div>\n\t\t\t\t\t<\/div>\n\t\t\t\t<\/div>\n\t\t<div class=\"elementor-element elementor-element-7f62d33 e-flex e-con-boxed e-con e-parent\" data-id=\"7f62d33\" data-element_type=\"container\">\n\t\t\t\t\t<div class=\"e-con-inner\">\n\t\t\t\t<div class=\"elementor-element elementor-element-55d4c01 elementor-widget elementor-widget-text-editor\" data-id=\"55d4c01\" data-element_type=\"widget\" data-widget_type=\"text-editor.default\">\n\t\t\t\t\t\t\t\t\t<p><strong>Pourquoi ce cr\u00e9dit est une opportunit\u00e9 \u00e0 saisir :<\/strong><\/p>\n<ul>\n<li><strong>Rapidit\u00e9 de mise \u00e0 disposition<\/strong> : acc\u00e9dez rapidement aux fonds dont vous avez besoin.<\/li>\n<li><strong>Id\u00e9al pour les besoins urgents<\/strong> : faites face aux impr\u00e9vus sans stress.<\/li>\n<li><strong>Stabilit\u00e9 financi\u00e8re garantie<\/strong> : maintenez votre budget \u00e9quilibr\u00e9 et vos activit\u00e9s en marche.<\/li>\n<li><strong>Soutien discret mais puissant<\/strong> : un accompagnement fiable, toujours l\u00e0 pour vous.<\/li>\n<li><strong>S\u00e9curit\u00e9 et confiance<\/strong> : chaque \u00e9tape est encadr\u00e9e par la <strong>SOFEPAC s.a Microfinance<\/strong>, partenaire solide et exp\u00e9riment\u00e9.<\/li>\n<\/ul>\n<p><strong>Ce qui rend ce cr\u00e9dit irr\u00e9sistible :<\/strong><\/p>\n<ul>\n<li><strong>Flexibilit\u00e9 et accessibilit\u00e9<\/strong> : adapt\u00e9 \u00e0 vos besoins imm\u00e9diats.<\/li>\n<li><strong>Confiance et accompagnement<\/strong> : votre s\u00e9curit\u00e9 financi\u00e8re est prot\u00e9g\u00e9e par la <strong>SOFEPAC s.a Microfinance<\/strong>.<\/li>\n<li><strong>Solution efficace pour avancer<\/strong> : chaque impr\u00e9vu devient une opportunit\u00e9 de croissance et de r\u00e9ussite.<\/li>\n<\/ul>\t\t\t\t\t\t\t\t<\/div>\n\t\t\t\t\t<\/div>\n\t\t\t\t<\/div>\n\t\t\t\t<\/div>\n\t\t","protected":false},"excerpt":{"rendered":"<p>Cr\u00e9dit de tr\u00e9sorerie (d\u00e9couvert) CREDIT DE TRESORERIE (DECOUVERT) G\u00e9rez vos impr\u00e9vus et stabilisez votre budget, gr\u00e2ce au Cr\u00e9dit de Tr\u00e9sorerie propos\u00e9 par la SOFEPAC s.a Microfinance. Ce produit vous permet de continuer vos activit\u00e9s sans interruption et d\u2019aborder les urgences avec s\u00e9r\u00e9nit\u00e9. Avec le Cr\u00e9dit de Tr\u00e9sorerie de la SOFEPAC s.a Microfinance, vous ne faites [&hellip;]<\/p>\n","protected":false},"author":1,"featured_media":0,"parent":109,"menu_order":0,"comment_status":"closed","ping_status":"closed","template":"","meta":{"ocean_post_layout":"","ocean_both_sidebars_style":"","ocean_both_sidebars_content_width":0,"ocean_both_sidebars_sidebars_width":0,"ocean_sidebar":"","ocean_second_sidebar":"","ocean_disable_margins":"enable","ocean_add_body_class":"","ocean_shortcode_before_top_bar":"","ocean_shortcode_after_top_bar":"","ocean_shortcode_before_header":"","ocean_shortcode_after_header":"","ocean_has_shortcode":"","ocean_shortcode_after_title":"","ocean_shortcode_before_footer_widgets":"","ocean_shortcode_after_footer_widgets":"","ocean_shortcode_before_footer_bottom":"","ocean_shortcode_after_footer_bottom":"","ocean_display_top_bar":"default","ocean_display_header":"default","ocean_header_style":"","ocean_center_header_left_menu":"","ocean_custom_header_template":"","ocean_custom_logo":0,"ocean_custom_retina_logo":0,"ocean_custom_logo_max_width":0,"ocean_custom_logo_tablet_max_width":0,"ocean_custom_logo_mobile_max_width":0,"ocean_custom_logo_max_height":0,"ocean_custom_logo_tablet_max_height":0,"ocean_custom_logo_mobile_max_height":0,"ocean_header_custom_menu":"","ocean_menu_typo_font_family":"","ocean_menu_typo_font_subset":"","ocean_menu_typo_font_size":0,"ocean_menu_typo_font_size_tablet":0,"ocean_menu_typo_font_size_mobile":0,"ocean_menu_typo_font_size_unit":"px","ocean_menu_typo_font_weight":"","ocean_menu_typo_font_weight_tablet":"","ocean_menu_typo_font_weight_mobile":"","ocean_menu_typo_transform":"","ocean_menu_typo_transform_tablet":"","ocean_menu_typo_transform_mobile":"","ocean_menu_typo_line_height":0,"ocean_menu_typo_line_height_tablet":0,"ocean_menu_typo_line_height_mobile":0,"ocean_menu_typo_line_height_unit":"","ocean_menu_typo_spacing":0,"ocean_menu_typo_spacing_tablet":0,"ocean_menu_typo_spacing_mobile":0,"ocean_menu_typo_spacing_unit":"","ocean_menu_link_color":"","ocean_menu_link_color_hover":"","ocean_menu_link_color_active":"","ocean_menu_link_background":"","ocean_menu_link_hover_background":"","ocean_menu_link_active_background":"","ocean_menu_social_links_bg":"","ocean_menu_social_hover_links_bg":"","ocean_menu_social_links_color":"","ocean_menu_social_hover_links_color":"","ocean_disable_title":"default","ocean_disable_heading":"default","ocean_post_title":"","ocean_post_subheading":"","ocean_post_title_style":"","ocean_post_title_background_color":"","ocean_post_title_background":0,"ocean_post_title_bg_image_position":"","ocean_post_title_bg_image_attachment":"","ocean_post_title_bg_image_repeat":"","ocean_post_title_bg_image_size":"","ocean_post_title_height":0,"ocean_post_title_bg_overlay":0.5,"ocean_post_title_bg_overlay_color":"","ocean_disable_breadcrumbs":"default","ocean_breadcrumbs_color":"","ocean_breadcrumbs_separator_color":"","ocean_breadcrumbs_links_color":"","ocean_breadcrumbs_links_hover_color":"","ocean_display_footer_widgets":"default","ocean_display_footer_bottom":"default","ocean_custom_footer_template":"","footnotes":""},"class_list":["post-746","page","type-page","status-publish","hentry","entry"],"_links":{"self":[{"href":"https:\/\/sofepac.bi\/index.php?rest_route=\/wp\/v2\/pages\/746","targetHints":{"allow":["GET"]}}],"collection":[{"href":"https:\/\/sofepac.bi\/index.php?rest_route=\/wp\/v2\/pages"}],"about":[{"href":"https:\/\/sofepac.bi\/index.php?rest_route=\/wp\/v2\/types\/page"}],"author":[{"embeddable":true,"href":"https:\/\/sofepac.bi\/index.php?rest_route=\/wp\/v2\/users\/1"}],"replies":[{"embeddable":true,"href":"https:\/\/sofepac.bi\/index.php?rest_route=%2Fwp%2Fv2%2Fcomments&post=746"}],"version-history":[{"count":19,"href":"https:\/\/sofepac.bi\/index.php?rest_route=\/wp\/v2\/pages\/746\/revisions"}],"predecessor-version":[{"id":1549,"href":"https:\/\/sofepac.bi\/index.php?rest_route=\/wp\/v2\/pages\/746\/revisions\/1549"}],"up":[{"embeddable":true,"href":"https:\/\/sofepac.bi\/index.php?rest_route=\/wp\/v2\/pages\/109"}],"wp:attachment":[{"href":"https:\/\/sofepac.bi\/index.php?rest_route=%2Fwp%2Fv2%2Fmedia&parent=746"}],"curies":[{"name":"wp","href":"https:\/\/api.w.org\/{rel}","templated":true}]}}