{"id":752,"date":"2025-11-28T22:24:37","date_gmt":"2025-11-28T22:24:37","guid":{"rendered":"http:\/\/localhost\/sofepac\/?page_id=752"},"modified":"2025-12-09T11:12:17","modified_gmt":"2025-12-09T11:12:17","slug":"credit-scolaire-groupes-commercants","status":"publish","type":"page","link":"https:\/\/sofepac.bi\/?page_id=752","title":{"rendered":"Cr\u00e9dit Scolaire &amp; Groupes Commer\u00e7ants"},"content":{"rendered":"\t\t<div data-elementor-type=\"wp-page\" data-elementor-id=\"752\" class=\"elementor elementor-752\">\n\t\t\t\t<div class=\"elementor-element elementor-element-ab5cfa8 e-flex e-con-boxed e-con e-parent\" data-id=\"ab5cfa8\" data-element_type=\"container\" data-settings=\"{&quot;background_background&quot;:&quot;classic&quot;,&quot;shape_divider_bottom&quot;:&quot;tilt&quot;}\">\n\t\t\t\t\t<div class=\"e-con-inner\">\n\t\t\t\t<div class=\"elementor-shape elementor-shape-bottom\" aria-hidden=\"true\" data-negative=\"false\">\n\t\t\t<svg xmlns=\"http:\/\/www.w3.org\/2000\/svg\" viewBox=\"0 0 1000 100\" preserveAspectRatio=\"none\">\n\t<path class=\"elementor-shape-fill\" d=\"M0,6V0h1000v100L0,6z\"\/>\n<\/svg>\t\t<\/div>\n\t\t\t\t<div class=\"elementor-element elementor-element-9caf6c4 elementor-widget elementor-widget-heading\" data-id=\"9caf6c4\" data-element_type=\"widget\" data-widget_type=\"heading.default\">\n\t\t\t\t\t<h1 class=\"elementor-heading-title elementor-size-default\"><br>Cr\u00e9dit scolaire &amp; groupes commer\u00e7ants<br><br><\/h1>\t\t\t\t<\/div>\n\t\t\t\t\t<\/div>\n\t\t\t\t<\/div>\n\t\t<div class=\"elementor-element elementor-element-0d324a5 e-flex e-con-boxed e-con e-parent\" data-id=\"0d324a5\" data-element_type=\"container\">\n\t\t\t\t\t<div class=\"e-con-inner\">\n\t\t<div class=\"elementor-element elementor-element-c74d88e e-con-full e-flex e-con e-child\" data-id=\"c74d88e\" data-element_type=\"container\">\n\t\t\t\t<div class=\"elementor-element elementor-element-8567149 elementor-widget elementor-widget-image\" data-id=\"8567149\" data-element_type=\"widget\" data-widget_type=\"image.default\">\n\t\t\t\t\t\t\t\t\t\t\t\t\t\t\t<img fetchpriority=\"high\" decoding=\"async\" width=\"1024\" height=\"730\" src=\"https:\/\/sofepac.bi\/wp-content\/uploads\/2025\/11\/Image11.jpeg\" class=\"attachment-large size-large wp-image-754\" alt=\"\" \/>\t\t\t\t\t\t\t\t\t\t\t\t\t\t\t<\/div>\n\t\t\t\t<\/div>\n\t\t<div class=\"elementor-element elementor-element-7f425a7 e-con-full e-flex e-con e-child\" data-id=\"7f425a7\" data-element_type=\"container\">\n\t\t\t\t<div class=\"elementor-element elementor-element-929696d elementor-widget elementor-widget-heading\" data-id=\"929696d\" data-element_type=\"widget\" data-widget_type=\"heading.default\">\n\t\t\t\t\t<h2 class=\"elementor-heading-title elementor-size-default\">CREDIT SCOLAIRE &amp; GROUPES COMMER\u00c7ANTS<\/h2>\t\t\t\t<\/div>\n\t\t\t\t<div class=\"elementor-element elementor-element-1ac9b3e elementor-widget elementor-widget-text-editor\" data-id=\"1ac9b3e\" data-element_type=\"widget\" data-widget_type=\"text-editor.default\">\n\t\t\t\t\t\t\t\t\t<p><strong>Un cr\u00e9dit pens\u00e9 pour l\u2019\u00e9ducation et le d\u00e9veloppement des petits groupes de commer\u00e7ants<\/strong>, propos\u00e9 par la <strong>SOFEPAC s.a Microfinance<\/strong>. Ce produit facilite la scolarit\u00e9 des enfants tout en soutenant les activit\u00e9s des groupes commerciaux, avec un accompagnement adapt\u00e9 \u00e0 vos besoins.<\/p>\t\t\t\t\t\t\t\t<\/div>\n\t\t\t\t<div class=\"elementor-element elementor-element-afb9be4 elementor-widget elementor-widget-text-editor\" data-id=\"afb9be4\" data-element_type=\"widget\" data-widget_type=\"text-editor.default\">\n\t\t\t\t\t\t\t\t\t<p><em>Avec le Cr\u00e9dit Scolaire &amp; Groupes Commer\u00e7ants de la SOFEPAC s.a Microfinance, vous pr\u00e9parez l\u2019avenir de vos enfants et la r\u00e9ussite de votre groupe en toute tranquillit\u00e9. Chaque projet b\u00e9n\u00e9ficie d\u2019un accompagnement s\u00fbr pour grandir et r\u00e9ussir.<\/em><\/p>\t\t\t\t\t\t\t\t<\/div>\n\t\t\t\t<\/div>\n\t\t\t\t\t<\/div>\n\t\t\t\t<\/div>\n\t\t<div class=\"elementor-element elementor-element-dc2a5b2 e-flex e-con-boxed e-con e-parent\" data-id=\"dc2a5b2\" data-element_type=\"container\">\n\t\t\t\t\t<div class=\"e-con-inner\">\n\t\t\t\t<div class=\"elementor-element elementor-element-a4d53f3 elementor-widget elementor-widget-text-editor\" data-id=\"a4d53f3\" data-element_type=\"widget\" data-widget_type=\"text-editor.default\">\n\t\t\t\t\t\t\t\t\t<p><strong>Pourquoi ce cr\u00e9dit est une opportunit\u00e9 \u00e0 saisir :<\/strong><\/p>\n<ul>\n<li><strong>Remboursement flexible<\/strong> : un plan adapt\u00e9 \u00e0 votre budget et vos capacit\u00e9s.<\/li>\n<li><strong>Pr\u00e9paration sereine de la rentr\u00e9e scolaire<\/strong> : vos enfants peuvent \u00e9tudier sans inqui\u00e9tude.<\/li>\n<li><strong>Soutien solide pour les petits groupes<\/strong> : financement con\u00e7u pour booster l\u2019activit\u00e9 collective.<\/li>\n<li><strong>All\u00e8ge les d\u00e9penses importantes<\/strong> : vous permet de planifier vos projets \u00e9ducatifs et commerciaux sereinement.<\/li>\n<li><strong>Accompagnement fiable<\/strong> : la <strong>SOFEPAC s.a Microfinance<\/strong> vous guide \u00e0 chaque \u00e9tape pour s\u00e9curiser vos efforts.<\/li>\n<\/ul>\n<p><strong>Ce qui rend ce cr\u00e9dit irr\u00e9sistible :<\/strong><\/p>\n<ul>\n<li><strong>Flexibilit\u00e9 et accessibilit\u00e9<\/strong> : adapt\u00e9 \u00e0 vos besoins sp\u00e9cifiques.<\/li>\n<li><strong>S\u00e9curit\u00e9 et confiance<\/strong> : vous b\u00e9n\u00e9ficiez de l\u2019exp\u00e9rience et du soutien de  la&nbsp;<strong>SOFEPAC s.a Microfinance<\/strong>.<\/li>\n<li><strong>Opportunit\u00e9 de croissance<\/strong> : permet \u00e0 vos enfants et \u00e0 votre groupe de commer\u00e7ants de prosp\u00e9rer durablement.<\/li>\n<\/ul>\t\t\t\t\t\t\t\t<\/div>\n\t\t\t\t\t<\/div>\n\t\t\t\t<\/div>\n\t\t\t\t<\/div>\n\t\t","protected":false},"excerpt":{"rendered":"<p>Cr\u00e9dit scolaire &amp; groupes commer\u00e7ants CREDIT SCOLAIRE &amp; GROUPES COMMER\u00c7ANTS Un cr\u00e9dit pens\u00e9 pour l\u2019\u00e9ducation et le d\u00e9veloppement des petits groupes de commer\u00e7ants, propos\u00e9 par la SOFEPAC s.a Microfinance. Ce produit facilite la scolarit\u00e9 des enfants tout en soutenant les activit\u00e9s des groupes commerciaux, avec un accompagnement adapt\u00e9 \u00e0 vos besoins. Avec le Cr\u00e9dit Scolaire [&hellip;]<\/p>\n","protected":false},"author":1,"featured_media":0,"parent":109,"menu_order":0,"comment_status":"closed","ping_status":"closed","template":"","meta":{"ocean_post_layout":"","ocean_both_sidebars_style":"","ocean_both_sidebars_content_width":0,"ocean_both_sidebars_sidebars_width":0,"ocean_sidebar":"","ocean_second_sidebar":"","ocean_disable_margins":"enable","ocean_add_body_class":"","ocean_shortcode_before_top_bar":"","ocean_shortcode_after_top_bar":"","ocean_shortcode_before_header":"","ocean_shortcode_after_header":"","ocean_has_shortcode":"","ocean_shortcode_after_title":"","ocean_shortcode_before_footer_widgets":"","ocean_shortcode_after_footer_widgets":"","ocean_shortcode_before_footer_bottom":"","ocean_shortcode_after_footer_bottom":"","ocean_display_top_bar":"default","ocean_display_header":"default","ocean_header_style":"","ocean_center_header_left_menu":"","ocean_custom_header_template":"","ocean_custom_logo":0,"ocean_custom_retina_logo":0,"ocean_custom_logo_max_width":0,"ocean_custom_logo_tablet_max_width":0,"ocean_custom_logo_mobile_max_width":0,"ocean_custom_logo_max_height":0,"ocean_custom_logo_tablet_max_height":0,"ocean_custom_logo_mobile_max_height":0,"ocean_header_custom_menu":"","ocean_menu_typo_font_family":"","ocean_menu_typo_font_subset":"","ocean_menu_typo_font_size":0,"ocean_menu_typo_font_size_tablet":0,"ocean_menu_typo_font_size_mobile":0,"ocean_menu_typo_font_size_unit":"px","ocean_menu_typo_font_weight":"","ocean_menu_typo_font_weight_tablet":"","ocean_menu_typo_font_weight_mobile":"","ocean_menu_typo_transform":"","ocean_menu_typo_transform_tablet":"","ocean_menu_typo_transform_mobile":"","ocean_menu_typo_line_height":0,"ocean_menu_typo_line_height_tablet":0,"ocean_menu_typo_line_height_mobile":0,"ocean_menu_typo_line_height_unit":"","ocean_menu_typo_spacing":0,"ocean_menu_typo_spacing_tablet":0,"ocean_menu_typo_spacing_mobile":0,"ocean_menu_typo_spacing_unit":"","ocean_menu_link_color":"","ocean_menu_link_color_hover":"","ocean_menu_link_color_active":"","ocean_menu_link_background":"","ocean_menu_link_hover_background":"","ocean_menu_link_active_background":"","ocean_menu_social_links_bg":"","ocean_menu_social_hover_links_bg":"","ocean_menu_social_links_color":"","ocean_menu_social_hover_links_color":"","ocean_disable_title":"default","ocean_disable_heading":"default","ocean_post_title":"","ocean_post_subheading":"","ocean_post_title_style":"","ocean_post_title_background_color":"","ocean_post_title_background":0,"ocean_post_title_bg_image_position":"","ocean_post_title_bg_image_attachment":"","ocean_post_title_bg_image_repeat":"","ocean_post_title_bg_image_size":"","ocean_post_title_height":0,"ocean_post_title_bg_overlay":0.5,"ocean_post_title_bg_overlay_color":"","ocean_disable_breadcrumbs":"default","ocean_breadcrumbs_color":"","ocean_breadcrumbs_separator_color":"","ocean_breadcrumbs_links_color":"","ocean_breadcrumbs_links_hover_color":"","ocean_display_footer_widgets":"default","ocean_display_footer_bottom":"default","ocean_custom_footer_template":"","footnotes":""},"class_list":["post-752","page","type-page","status-publish","hentry","entry"],"_links":{"self":[{"href":"https:\/\/sofepac.bi\/index.php?rest_route=\/wp\/v2\/pages\/752","targetHints":{"allow":["GET"]}}],"collection":[{"href":"https:\/\/sofepac.bi\/index.php?rest_route=\/wp\/v2\/pages"}],"about":[{"href":"https:\/\/sofepac.bi\/index.php?rest_route=\/wp\/v2\/types\/page"}],"author":[{"embeddable":true,"href":"https:\/\/sofepac.bi\/index.php?rest_route=\/wp\/v2\/users\/1"}],"replies":[{"embeddable":true,"href":"https:\/\/sofepac.bi\/index.php?rest_route=%2Fwp%2Fv2%2Fcomments&post=752"}],"version-history":[{"count":20,"href":"https:\/\/sofepac.bi\/index.php?rest_route=\/wp\/v2\/pages\/752\/revisions"}],"predecessor-version":[{"id":1531,"href":"https:\/\/sofepac.bi\/index.php?rest_route=\/wp\/v2\/pages\/752\/revisions\/1531"}],"up":[{"embeddable":true,"href":"https:\/\/sofepac.bi\/index.php?rest_route=\/wp\/v2\/pages\/109"}],"wp:attachment":[{"href":"https:\/\/sofepac.bi\/index.php?rest_route=%2Fwp%2Fv2%2Fmedia&parent=752"}],"curies":[{"name":"wp","href":"https:\/\/api.w.org\/{rel}","templated":true}]}}