{"id":765,"date":"2025-11-28T22:43:52","date_gmt":"2025-11-28T22:43:52","guid":{"rendered":"http:\/\/localhost\/sofepac\/?page_id=765"},"modified":"2025-12-09T11:19:39","modified_gmt":"2025-12-09T11:19:39","slug":"credit-microentrepreneur-mt","status":"publish","type":"page","link":"https:\/\/sofepac.bi\/?page_id=765","title":{"rendered":"Cr\u00e9dit Microentrepreneur (MT)"},"content":{"rendered":"\t\t<div data-elementor-type=\"wp-page\" data-elementor-id=\"765\" class=\"elementor elementor-765\">\n\t\t\t\t<div class=\"elementor-element elementor-element-77f556b e-flex e-con-boxed e-con e-parent\" data-id=\"77f556b\" data-element_type=\"container\" data-settings=\"{&quot;background_background&quot;:&quot;classic&quot;,&quot;shape_divider_bottom&quot;:&quot;tilt&quot;}\">\n\t\t\t\t\t<div class=\"e-con-inner\">\n\t\t\t\t<div class=\"elementor-shape elementor-shape-bottom\" aria-hidden=\"true\" data-negative=\"false\">\n\t\t\t<svg xmlns=\"http:\/\/www.w3.org\/2000\/svg\" viewBox=\"0 0 1000 100\" preserveAspectRatio=\"none\">\n\t<path class=\"elementor-shape-fill\" d=\"M0,6V0h1000v100L0,6z\"\/>\n<\/svg>\t\t<\/div>\n\t\t\t\t<div class=\"elementor-element elementor-element-5883045 elementor-widget elementor-widget-heading\" data-id=\"5883045\" data-element_type=\"widget\" data-widget_type=\"heading.default\">\n\t\t\t\t\t<h1 class=\"elementor-heading-title elementor-size-default\"><br>Cr\u00e9dit Microentrepreneur (MT)<br><br><\/h1>\t\t\t\t<\/div>\n\t\t\t\t\t<\/div>\n\t\t\t\t<\/div>\n\t\t<div class=\"elementor-element elementor-element-5bd7965 e-flex e-con-boxed e-con e-parent\" data-id=\"5bd7965\" data-element_type=\"container\">\n\t\t\t\t\t<div class=\"e-con-inner\">\n\t\t<div class=\"elementor-element elementor-element-05b9ece e-con-full e-flex e-con e-child\" data-id=\"05b9ece\" data-element_type=\"container\">\n\t\t\t\t<div class=\"elementor-element elementor-element-57ec221 elementor-widget elementor-widget-image\" data-id=\"57ec221\" data-element_type=\"widget\" data-widget_type=\"image.default\">\n\t\t\t\t\t\t\t\t\t\t\t\t\t\t\t<img fetchpriority=\"high\" decoding=\"async\" width=\"1024\" height=\"682\" src=\"https:\/\/sofepac.bi\/wp-content\/uploads\/2025\/11\/Image4.jpeg\" class=\"attachment-large size-large wp-image-773\" alt=\"\" \/>\t\t\t\t\t\t\t\t\t\t\t\t\t\t\t<\/div>\n\t\t\t\t<\/div>\n\t\t<div class=\"elementor-element elementor-element-e25a1b6 e-con-full e-flex e-con e-child\" data-id=\"e25a1b6\" data-element_type=\"container\">\n\t\t\t\t<div class=\"elementor-element elementor-element-47c10fe elementor-widget elementor-widget-heading\" data-id=\"47c10fe\" data-element_type=\"widget\" data-widget_type=\"heading.default\">\n\t\t\t\t\t<h2 class=\"elementor-heading-title elementor-size-default\">CREDIT MICROENTREPRENEUR (MT)<\/h2>\t\t\t\t<\/div>\n\t\t\t\t<div class=\"elementor-element elementor-element-0ddd615 elementor-widget elementor-widget-text-editor\" data-id=\"0ddd615\" data-element_type=\"widget\" data-widget_type=\"text-editor.default\">\n\t\t\t\t\t\t\t\t\t<p><strong>Pour les entrepreneurs qui souhaitent avancer \u00e9tape par \u00e9tape<\/strong>, ce cr\u00e9dit de la <strong>SOFEPAC s.a Microfinance<\/strong> offre un appui structur\u00e9 et durable, id\u00e9al pour les projets \u00e0 moyen terme. Il permet de financer vos ambitions tout en maintenant un rythme de remboursement confortable et r\u00e9gulier.<\/p>\t\t\t\t\t\t\t\t<\/div>\n\t\t\t\t<div class=\"elementor-element elementor-element-1bb082a elementor-widget elementor-widget-text-editor\" data-id=\"1bb082a\" data-element_type=\"widget\" data-widget_type=\"text-editor.default\">\n\t\t\t\t\t\t\t\t\t<p><em>Avec le Cr\u00e9dit Microentrepreneur de la SOFEPAC s.a Microfinance, chaque \u00e9tape vous rapproche de votre grande r\u00e9ussite. Vos ambitions sont soutenues et vos projets deviennent r\u00e9alit\u00e9, pas \u00e0 pas.<\/em><\/p>\t\t\t\t\t\t\t\t<\/div>\n\t\t\t\t<\/div>\n\t\t\t\t\t<\/div>\n\t\t\t\t<\/div>\n\t\t<div class=\"elementor-element elementor-element-05677c6 e-flex e-con-boxed e-con e-parent\" data-id=\"05677c6\" data-element_type=\"container\">\n\t\t\t\t\t<div class=\"e-con-inner\">\n\t\t\t\t<div class=\"elementor-element elementor-element-37e734e elementor-widget elementor-widget-text-editor\" data-id=\"37e734e\" data-element_type=\"widget\" data-widget_type=\"text-editor.default\">\n\t\t\t\t\t\t\t\t\t<p><strong>Pourquoi ce cr\u00e9dit est une opportunit\u00e9 \u00e0 saisir :<\/strong><\/p><ul><li><strong>Id\u00e9al pour les projets \u00e0 moyen terme<\/strong> : vous permet de planifier et d\u00e9velopper votre activit\u00e9 progressivement.<\/li><li><strong>Stabilit\u00e9 du remboursement<\/strong> : chaque mensualit\u00e9 est pens\u00e9e pour \u00eatre simple et accessible.<\/li><li><strong>Croissance organis\u00e9e et r\u00e9guli\u00e8re<\/strong> : accompagne le d\u00e9veloppement de votre activit\u00e9 de mani\u00e8re s\u00e9curis\u00e9e et pr\u00e9visible.<\/li><li><strong>Accompagnement fiable<\/strong> : la <strong>SOFEPAC s.a Microfinance<\/strong> reste \u00e0 vos c\u00f4t\u00e9s \u00e0 chaque \u00e9tape pour s\u00e9curiser vos efforts et soutenir vos ambitions.<\/li><\/ul><p><strong>Ce qui rend ce cr\u00e9dit irr\u00e9sistible :<\/strong><\/p><ul><li><strong>Flexibilit\u00e9 et accessibilit\u00e9<\/strong> : adapt\u00e9 \u00e0 votre rythme et aux besoins de votre projet.<\/li><li><strong>S\u00e9curit\u00e9 et confiance<\/strong> : un partenaire solide pour faire cro\u00eetre votre microentreprise.<\/li><li><strong>Motivation et r\u00e9ussite<\/strong> : chaque petite \u00e9tape franchie vous rapproche d\u2019un succ\u00e8s durable.<\/li><\/ul>\t\t\t\t\t\t\t\t<\/div>\n\t\t\t\t\t<\/div>\n\t\t\t\t<\/div>\n\t\t\t\t<\/div>\n\t\t","protected":false},"excerpt":{"rendered":"<p>Cr\u00e9dit Microentrepreneur (MT) CREDIT MICROENTREPRENEUR (MT) Pour les entrepreneurs qui souhaitent avancer \u00e9tape par \u00e9tape, ce cr\u00e9dit de la SOFEPAC s.a Microfinance offre un appui structur\u00e9 et durable, id\u00e9al pour les projets \u00e0 moyen terme. Il permet de financer vos ambitions tout en maintenant un rythme de remboursement confortable et r\u00e9gulier. Avec le Cr\u00e9dit Microentrepreneur [&hellip;]<\/p>\n","protected":false},"author":1,"featured_media":0,"parent":109,"menu_order":0,"comment_status":"closed","ping_status":"closed","template":"","meta":{"ocean_post_layout":"","ocean_both_sidebars_style":"","ocean_both_sidebars_content_width":0,"ocean_both_sidebars_sidebars_width":0,"ocean_sidebar":"","ocean_second_sidebar":"","ocean_disable_margins":"enable","ocean_add_body_class":"","ocean_shortcode_before_top_bar":"","ocean_shortcode_after_top_bar":"","ocean_shortcode_before_header":"","ocean_shortcode_after_header":"","ocean_has_shortcode":"","ocean_shortcode_after_title":"","ocean_shortcode_before_footer_widgets":"","ocean_shortcode_after_footer_widgets":"","ocean_shortcode_before_footer_bottom":"","ocean_shortcode_after_footer_bottom":"","ocean_display_top_bar":"default","ocean_display_header":"default","ocean_header_style":"","ocean_center_header_left_menu":"","ocean_custom_header_template":"","ocean_custom_logo":0,"ocean_custom_retina_logo":0,"ocean_custom_logo_max_width":0,"ocean_custom_logo_tablet_max_width":0,"ocean_custom_logo_mobile_max_width":0,"ocean_custom_logo_max_height":0,"ocean_custom_logo_tablet_max_height":0,"ocean_custom_logo_mobile_max_height":0,"ocean_header_custom_menu":"","ocean_menu_typo_font_family":"","ocean_menu_typo_font_subset":"","ocean_menu_typo_font_size":0,"ocean_menu_typo_font_size_tablet":0,"ocean_menu_typo_font_size_mobile":0,"ocean_menu_typo_font_size_unit":"px","ocean_menu_typo_font_weight":"","ocean_menu_typo_font_weight_tablet":"","ocean_menu_typo_font_weight_mobile":"","ocean_menu_typo_transform":"","ocean_menu_typo_transform_tablet":"","ocean_menu_typo_transform_mobile":"","ocean_menu_typo_line_height":0,"ocean_menu_typo_line_height_tablet":0,"ocean_menu_typo_line_height_mobile":0,"ocean_menu_typo_line_height_unit":"","ocean_menu_typo_spacing":0,"ocean_menu_typo_spacing_tablet":0,"ocean_menu_typo_spacing_mobile":0,"ocean_menu_typo_spacing_unit":"","ocean_menu_link_color":"","ocean_menu_link_color_hover":"","ocean_menu_link_color_active":"","ocean_menu_link_background":"","ocean_menu_link_hover_background":"","ocean_menu_link_active_background":"","ocean_menu_social_links_bg":"","ocean_menu_social_hover_links_bg":"","ocean_menu_social_links_color":"","ocean_menu_social_hover_links_color":"","ocean_disable_title":"default","ocean_disable_heading":"default","ocean_post_title":"","ocean_post_subheading":"","ocean_post_title_style":"","ocean_post_title_background_color":"","ocean_post_title_background":0,"ocean_post_title_bg_image_position":"","ocean_post_title_bg_image_attachment":"","ocean_post_title_bg_image_repeat":"","ocean_post_title_bg_image_size":"","ocean_post_title_height":0,"ocean_post_title_bg_overlay":0.5,"ocean_post_title_bg_overlay_color":"","ocean_disable_breadcrumbs":"default","ocean_breadcrumbs_color":"","ocean_breadcrumbs_separator_color":"","ocean_breadcrumbs_links_color":"","ocean_breadcrumbs_links_hover_color":"","ocean_display_footer_widgets":"default","ocean_display_footer_bottom":"default","ocean_custom_footer_template":"","footnotes":""},"class_list":["post-765","page","type-page","status-publish","hentry","entry"],"_links":{"self":[{"href":"https:\/\/sofepac.bi\/index.php?rest_route=\/wp\/v2\/pages\/765","targetHints":{"allow":["GET"]}}],"collection":[{"href":"https:\/\/sofepac.bi\/index.php?rest_route=\/wp\/v2\/pages"}],"about":[{"href":"https:\/\/sofepac.bi\/index.php?rest_route=\/wp\/v2\/types\/page"}],"author":[{"embeddable":true,"href":"https:\/\/sofepac.bi\/index.php?rest_route=\/wp\/v2\/users\/1"}],"replies":[{"embeddable":true,"href":"https:\/\/sofepac.bi\/index.php?rest_route=%2Fwp%2Fv2%2Fcomments&post=765"}],"version-history":[{"count":19,"href":"https:\/\/sofepac.bi\/index.php?rest_route=\/wp\/v2\/pages\/765\/revisions"}],"predecessor-version":[{"id":1552,"href":"https:\/\/sofepac.bi\/index.php?rest_route=\/wp\/v2\/pages\/765\/revisions\/1552"}],"up":[{"embeddable":true,"href":"https:\/\/sofepac.bi\/index.php?rest_route=\/wp\/v2\/pages\/109"}],"wp:attachment":[{"href":"https:\/\/sofepac.bi\/index.php?rest_route=%2Fwp%2Fv2%2Fmedia&parent=765"}],"curies":[{"name":"wp","href":"https:\/\/api.w.org\/{rel}","templated":true}]}}