{"id":777,"date":"2025-11-28T22:50:06","date_gmt":"2025-11-28T22:50:06","guid":{"rendered":"http:\/\/localhost\/sofepac\/?page_id=777"},"modified":"2025-12-09T11:18:10","modified_gmt":"2025-12-09T11:18:10","slug":"credit-agricole-elevage-artisanat","status":"publish","type":"page","link":"https:\/\/sofepac.bi\/?page_id=777","title":{"rendered":"Cr\u00e9dit Agricole, \u00c9levage &amp; Artisanat"},"content":{"rendered":"\t\t<div data-elementor-type=\"wp-page\" data-elementor-id=\"777\" class=\"elementor elementor-777\">\n\t\t\t\t<div class=\"elementor-element elementor-element-75eb5fe e-flex e-con-boxed e-con e-parent\" data-id=\"75eb5fe\" data-element_type=\"container\" data-settings=\"{&quot;background_background&quot;:&quot;classic&quot;,&quot;shape_divider_bottom&quot;:&quot;tilt&quot;}\">\n\t\t\t\t\t<div class=\"e-con-inner\">\n\t\t\t\t<div class=\"elementor-shape elementor-shape-bottom\" aria-hidden=\"true\" data-negative=\"false\">\n\t\t\t<svg xmlns=\"http:\/\/www.w3.org\/2000\/svg\" viewBox=\"0 0 1000 100\" preserveAspectRatio=\"none\">\n\t<path class=\"elementor-shape-fill\" d=\"M0,6V0h1000v100L0,6z\"\/>\n<\/svg>\t\t<\/div>\n\t\t\t\t<div class=\"elementor-element elementor-element-d47c441 elementor-widget elementor-widget-heading\" data-id=\"d47c441\" data-element_type=\"widget\" data-widget_type=\"heading.default\">\n\t\t\t\t\t<h1 class=\"elementor-heading-title elementor-size-default\"><br>Cr\u00e9dit Agricole, \u00c9levage &amp; Artisanat<br><br><\/h1>\t\t\t\t<\/div>\n\t\t\t\t\t<\/div>\n\t\t\t\t<\/div>\n\t\t<div class=\"elementor-element elementor-element-8219a1f e-flex e-con-boxed e-con e-parent\" data-id=\"8219a1f\" data-element_type=\"container\">\n\t\t\t\t\t<div class=\"e-con-inner\">\n\t\t<div class=\"elementor-element elementor-element-a95ca50 e-con-full e-flex e-con e-child\" data-id=\"a95ca50\" data-element_type=\"container\">\n\t\t\t\t<div class=\"elementor-element elementor-element-85ce135 elementor-widget elementor-widget-image\" data-id=\"85ce135\" data-element_type=\"widget\" data-widget_type=\"image.default\">\n\t\t\t\t\t\t\t\t\t\t\t\t\t\t\t<img fetchpriority=\"high\" decoding=\"async\" width=\"440\" height=\"443\" src=\"https:\/\/sofepac.bi\/wp-content\/uploads\/2025\/11\/Image88.jpeg\" class=\"attachment-large size-large wp-image-781\" alt=\"\" \/>\t\t\t\t\t\t\t\t\t\t\t\t\t\t\t<\/div>\n\t\t\t\t<\/div>\n\t\t<div class=\"elementor-element elementor-element-8236895 e-con-full e-flex e-con e-child\" data-id=\"8236895\" data-element_type=\"container\">\n\t\t\t\t<div class=\"elementor-element elementor-element-4cb0149 elementor-widget elementor-widget-heading\" data-id=\"4cb0149\" data-element_type=\"widget\" data-widget_type=\"heading.default\">\n\t\t\t\t\t<h2 class=\"elementor-heading-title elementor-size-default\">CREDIT AGRICOLE, \u00c9LEVAGE &amp; ARTISANAT<\/h2>\t\t\t\t<\/div>\n\t\t\t\t<div class=\"elementor-element elementor-element-aad83ac elementor-widget elementor-widget-text-editor\" data-id=\"aad83ac\" data-element_type=\"widget\" data-widget_type=\"text-editor.default\">\n\t\t\t\t\t\t\t\t\t<p><strong>Un soutien financier pens\u00e9 pour les producteurs, \u00e9leveurs et artisans<\/strong>, propos\u00e9 par la <strong>SOFEPAC s.a Microfinance<\/strong>. Ce cr\u00e9dit alimente vos efforts, renforce votre production et vous permet de d\u00e9velopper vos projets ruraux avec s\u00e9r\u00e9nit\u00e9.<\/p>\t\t\t\t\t\t\t\t<\/div>\n\t\t\t\t<div class=\"elementor-element elementor-element-70a2c72 elementor-widget elementor-widget-text-editor\" data-id=\"70a2c72\" data-element_type=\"widget\" data-widget_type=\"text-editor.default\">\n\t\t\t\t\t\t\t\t\t<p><em>Avec le Cr\u00e9dit Agricole, \u00c9levage &amp; Artisanat de la SOFEPAC s.a Microfinance, vos terres, vos mains et vos id\u00e9es deviennent une source r\u00e9elle de prosp\u00e9rit\u00e9. Chaque investissement vous rapproche d\u2019un succ\u00e8s durable et d\u2019une autonomie renforc\u00e9e.<\/em><\/p>\t\t\t\t\t\t\t\t<\/div>\n\t\t\t\t<\/div>\n\t\t\t\t\t<\/div>\n\t\t\t\t<\/div>\n\t\t<div class=\"elementor-element elementor-element-0e8d7e4 e-flex e-con-boxed e-con e-parent\" data-id=\"0e8d7e4\" data-element_type=\"container\">\n\t\t\t\t\t<div class=\"e-con-inner\">\n\t\t\t\t<div class=\"elementor-element elementor-element-e78c776 elementor-widget elementor-widget-text-editor\" data-id=\"e78c776\" data-element_type=\"widget\" data-widget_type=\"text-editor.default\">\n\t\t\t\t\t\t\t\t\t<p><strong>Pourquoi ce cr\u00e9dit est une opportunit\u00e9 \u00e0 saisir :<\/strong><\/p>\n<ul>\n<li><strong>Parfait pour les projets ruraux<\/strong> : financez l\u2019achat de mat\u00e9riel, semences, animaux ou outils artisanaux.<\/li>\n<li><strong>Am\u00e9lioration du rendement<\/strong> : augmentez la productivit\u00e9 de vos terres ou de vos activit\u00e9s artisanales.<\/li>\n<li><strong>Id\u00e9al pour agrandir ou moderniser votre production<\/strong> : d\u00e9veloppez vos projets avec un soutien adapt\u00e9.<\/li>\n<li><strong>Adapt\u00e9 aux cycles agricoles et artisanaux<\/strong> : remboursement pens\u00e9 pour s\u2019ajuster \u00e0 vos besoins saisonniers.<\/li>\n<li><strong>Accompagnement fiable<\/strong> : chaque \u00e9tape est soutenue par  la&nbsp;<strong>SOFEPAC s.a Microfinance<\/strong>, partenaire de confiance pour votre r\u00e9ussite.<\/li>\n<\/ul>\n<p><strong>Ce qui rend ce cr\u00e9dit irr\u00e9sistible :<\/strong><\/p>\n<ul>\n<li><strong>Flexibilit\u00e9 et facilit\u00e9 d\u2019acc\u00e8s<\/strong> : des conditions adapt\u00e9es \u00e0 vos capacit\u00e9s et au rythme de votre activit\u00e9.<\/li>\n<li><strong>S\u00e9curit\u00e9 et fiabilit\u00e9<\/strong> : vos investissements sont prot\u00e9g\u00e9s par le savoir-faire de la <strong>SOFEPAC s.a Microfinance<\/strong>.<\/li>\n<li><strong>Potentiel de croissance durable<\/strong> : vos efforts se transforment en revenus solides et p\u00e9rennes.<\/li>\n<\/ul>\t\t\t\t\t\t\t\t<\/div>\n\t\t\t\t\t<\/div>\n\t\t\t\t<\/div>\n\t\t\t\t<\/div>\n\t\t","protected":false},"excerpt":{"rendered":"<p>Cr\u00e9dit Agricole, \u00c9levage &amp; Artisanat CREDIT AGRICOLE, \u00c9LEVAGE &amp; ARTISANAT Un soutien financier pens\u00e9 pour les producteurs, \u00e9leveurs et artisans, propos\u00e9 par la SOFEPAC s.a Microfinance. Ce cr\u00e9dit alimente vos efforts, renforce votre production et vous permet de d\u00e9velopper vos projets ruraux avec s\u00e9r\u00e9nit\u00e9. Avec le Cr\u00e9dit Agricole, \u00c9levage &amp; Artisanat de la SOFEPAC s.a [&hellip;]<\/p>\n","protected":false},"author":1,"featured_media":0,"parent":109,"menu_order":0,"comment_status":"closed","ping_status":"closed","template":"","meta":{"ocean_post_layout":"","ocean_both_sidebars_style":"","ocean_both_sidebars_content_width":0,"ocean_both_sidebars_sidebars_width":0,"ocean_sidebar":"","ocean_second_sidebar":"","ocean_disable_margins":"enable","ocean_add_body_class":"","ocean_shortcode_before_top_bar":"","ocean_shortcode_after_top_bar":"","ocean_shortcode_before_header":"","ocean_shortcode_after_header":"","ocean_has_shortcode":"","ocean_shortcode_after_title":"","ocean_shortcode_before_footer_widgets":"","ocean_shortcode_after_footer_widgets":"","ocean_shortcode_before_footer_bottom":"","ocean_shortcode_after_footer_bottom":"","ocean_display_top_bar":"default","ocean_display_header":"default","ocean_header_style":"","ocean_center_header_left_menu":"","ocean_custom_header_template":"","ocean_custom_logo":0,"ocean_custom_retina_logo":0,"ocean_custom_logo_max_width":0,"ocean_custom_logo_tablet_max_width":0,"ocean_custom_logo_mobile_max_width":0,"ocean_custom_logo_max_height":0,"ocean_custom_logo_tablet_max_height":0,"ocean_custom_logo_mobile_max_height":0,"ocean_header_custom_menu":"","ocean_menu_typo_font_family":"","ocean_menu_typo_font_subset":"","ocean_menu_typo_font_size":0,"ocean_menu_typo_font_size_tablet":0,"ocean_menu_typo_font_size_mobile":0,"ocean_menu_typo_font_size_unit":"px","ocean_menu_typo_font_weight":"","ocean_menu_typo_font_weight_tablet":"","ocean_menu_typo_font_weight_mobile":"","ocean_menu_typo_transform":"","ocean_menu_typo_transform_tablet":"","ocean_menu_typo_transform_mobile":"","ocean_menu_typo_line_height":0,"ocean_menu_typo_line_height_tablet":0,"ocean_menu_typo_line_height_mobile":0,"ocean_menu_typo_line_height_unit":"","ocean_menu_typo_spacing":0,"ocean_menu_typo_spacing_tablet":0,"ocean_menu_typo_spacing_mobile":0,"ocean_menu_typo_spacing_unit":"","ocean_menu_link_color":"","ocean_menu_link_color_hover":"","ocean_menu_link_color_active":"","ocean_menu_link_background":"","ocean_menu_link_hover_background":"","ocean_menu_link_active_background":"","ocean_menu_social_links_bg":"","ocean_menu_social_hover_links_bg":"","ocean_menu_social_links_color":"","ocean_menu_social_hover_links_color":"","ocean_disable_title":"default","ocean_disable_heading":"default","ocean_post_title":"","ocean_post_subheading":"","ocean_post_title_style":"","ocean_post_title_background_color":"","ocean_post_title_background":0,"ocean_post_title_bg_image_position":"","ocean_post_title_bg_image_attachment":"","ocean_post_title_bg_image_repeat":"","ocean_post_title_bg_image_size":"","ocean_post_title_height":0,"ocean_post_title_bg_overlay":0.5,"ocean_post_title_bg_overlay_color":"","ocean_disable_breadcrumbs":"default","ocean_breadcrumbs_color":"","ocean_breadcrumbs_separator_color":"","ocean_breadcrumbs_links_color":"","ocean_breadcrumbs_links_hover_color":"","ocean_display_footer_widgets":"default","ocean_display_footer_bottom":"default","ocean_custom_footer_template":"","footnotes":""},"class_list":["post-777","page","type-page","status-publish","hentry","entry"],"_links":{"self":[{"href":"https:\/\/sofepac.bi\/index.php?rest_route=\/wp\/v2\/pages\/777","targetHints":{"allow":["GET"]}}],"collection":[{"href":"https:\/\/sofepac.bi\/index.php?rest_route=\/wp\/v2\/pages"}],"about":[{"href":"https:\/\/sofepac.bi\/index.php?rest_route=\/wp\/v2\/types\/page"}],"author":[{"embeddable":true,"href":"https:\/\/sofepac.bi\/index.php?rest_route=\/wp\/v2\/users\/1"}],"replies":[{"embeddable":true,"href":"https:\/\/sofepac.bi\/index.php?rest_route=%2Fwp%2Fv2%2Fcomments&post=777"}],"version-history":[{"count":16,"href":"https:\/\/sofepac.bi\/index.php?rest_route=\/wp\/v2\/pages\/777\/revisions"}],"predecessor-version":[{"id":1540,"href":"https:\/\/sofepac.bi\/index.php?rest_route=\/wp\/v2\/pages\/777\/revisions\/1540"}],"up":[{"embeddable":true,"href":"https:\/\/sofepac.bi\/index.php?rest_route=\/wp\/v2\/pages\/109"}],"wp:attachment":[{"href":"https:\/\/sofepac.bi\/index.php?rest_route=%2Fwp%2Fv2%2Fmedia&parent=777"}],"curies":[{"name":"wp","href":"https:\/\/api.w.org\/{rel}","templated":true}]}}