{"id":785,"date":"2025-11-28T23:02:44","date_gmt":"2025-11-28T23:02:44","guid":{"rendered":"http:\/\/localhost\/sofepac\/?page_id=785"},"modified":"2025-12-09T11:13:06","modified_gmt":"2025-12-09T11:13:06","slug":"credit-scolaire-individuel","status":"publish","type":"page","link":"https:\/\/sofepac.bi\/?page_id=785","title":{"rendered":"Cr\u00e9dit Scolaire Individuel"},"content":{"rendered":"\t\t<div data-elementor-type=\"wp-page\" data-elementor-id=\"785\" class=\"elementor elementor-785\">\n\t\t\t\t<div class=\"elementor-element elementor-element-4f9451a e-flex e-con-boxed e-con e-parent\" data-id=\"4f9451a\" data-element_type=\"container\" data-settings=\"{&quot;background_background&quot;:&quot;classic&quot;,&quot;shape_divider_bottom&quot;:&quot;tilt&quot;}\">\n\t\t\t\t\t<div class=\"e-con-inner\">\n\t\t\t\t<div class=\"elementor-shape elementor-shape-bottom\" aria-hidden=\"true\" data-negative=\"false\">\n\t\t\t<svg xmlns=\"http:\/\/www.w3.org\/2000\/svg\" viewBox=\"0 0 1000 100\" preserveAspectRatio=\"none\">\n\t<path class=\"elementor-shape-fill\" d=\"M0,6V0h1000v100L0,6z\"\/>\n<\/svg>\t\t<\/div>\n\t\t\t\t<div class=\"elementor-element elementor-element-afdf062 elementor-widget elementor-widget-heading\" data-id=\"afdf062\" data-element_type=\"widget\" data-widget_type=\"heading.default\">\n\t\t\t\t\t<h1 class=\"elementor-heading-title elementor-size-default\"><br>Cr\u00e9dit Scolaire Individuel<br><br><\/h1>\t\t\t\t<\/div>\n\t\t\t\t\t<\/div>\n\t\t\t\t<\/div>\n\t\t<div class=\"elementor-element elementor-element-12e1b36 e-flex e-con-boxed e-con e-parent\" data-id=\"12e1b36\" data-element_type=\"container\">\n\t\t\t\t\t<div class=\"e-con-inner\">\n\t\t<div class=\"elementor-element elementor-element-0b9cfc2 e-con-full e-flex e-con e-child\" data-id=\"0b9cfc2\" data-element_type=\"container\">\n\t\t\t\t<div class=\"elementor-element elementor-element-f10005d elementor-widget elementor-widget-image\" data-id=\"f10005d\" data-element_type=\"widget\" data-widget_type=\"image.default\">\n\t\t\t\t\t\t\t\t\t\t\t\t\t\t\t<img fetchpriority=\"high\" decoding=\"async\" width=\"682\" height=\"718\" src=\"https:\/\/sofepac.bi\/wp-content\/uploads\/2025\/11\/Image188.jpeg\" class=\"attachment-large size-large wp-image-788\" alt=\"\" \/>\t\t\t\t\t\t\t\t\t\t\t\t\t\t\t<\/div>\n\t\t\t\t<\/div>\n\t\t<div class=\"elementor-element elementor-element-03fd63f e-con-full e-flex e-con e-child\" data-id=\"03fd63f\" data-element_type=\"container\">\n\t\t\t\t<div class=\"elementor-element elementor-element-4796056 elementor-widget elementor-widget-heading\" data-id=\"4796056\" data-element_type=\"widget\" data-widget_type=\"heading.default\">\n\t\t\t\t\t<h2 class=\"elementor-heading-title elementor-size-default\">CREDIT SCOLAIRE INDIVIDUEL<\/h2>\t\t\t\t<\/div>\n\t\t\t\t<div class=\"elementor-element elementor-element-62ac964 elementor-widget elementor-widget-text-editor\" data-id=\"62ac964\" data-element_type=\"widget\" data-widget_type=\"text-editor.default\">\n\t\t\t\t\t\t\t\t\t<p><strong>Investissez dans l\u2019\u00e9ducation de vos enfants et assurez leur r\u00e9ussite<\/strong>, gr\u00e2ce au cr\u00e9dit sp\u00e9cialement con\u00e7u par la <strong>SOFEPAC s.a Microfinance<\/strong>. Ce produit permet de <strong>financer calmement la scolarit\u00e9<\/strong> sans pression financi\u00e8re, tout en offrant un accompagnement rassurant pour chaque parent.<\/p>\t\t\t\t\t\t\t\t<\/div>\n\t\t\t\t<div class=\"elementor-element elementor-element-a556f30 elementor-widget elementor-widget-text-editor\" data-id=\"a556f30\" data-element_type=\"widget\" data-widget_type=\"text-editor.default\">\n\t\t\t\t\t\t\t\t\t<p><em>Avec le Cr\u00e9dit Scolaire Individuel de la SOFEPAC s.a Microfinance, offrir \u00e0 vos enfants une \u00e9ducation de qualit\u00e9 devient simple et rassurant. Chaque \u00e9tape de leur apprentissage est accompagn\u00e9e pour construire un avenir prometteur.<\/em><\/p>\t\t\t\t\t\t\t\t<\/div>\n\t\t\t\t<\/div>\n\t\t\t\t\t<\/div>\n\t\t\t\t<\/div>\n\t\t<div class=\"elementor-element elementor-element-947d5f0 e-flex e-con-boxed e-con e-parent\" data-id=\"947d5f0\" data-element_type=\"container\">\n\t\t\t\t\t<div class=\"e-con-inner\">\n\t\t\t\t<div class=\"elementor-element elementor-element-4f8536d elementor-widget elementor-widget-text-editor\" data-id=\"4f8536d\" data-element_type=\"widget\" data-widget_type=\"text-editor.default\">\n\t\t\t\t\t\t\t\t\t<p><strong>Pourquoi ce cr\u00e9dit est une opportunit\u00e9 \u00e0 saisir :<\/strong><\/p>\n<ul>\n<li><strong>Paiement simple et organis\u00e9<\/strong> : plan de remboursement adapt\u00e9 \u00e0 votre budget.<\/li>\n<li><strong>Soulagement financier<\/strong> : \u00e9vitez le stress des frais scolaires impr\u00e9vus.<\/li>\n<li><strong>Ann\u00e9e scolaire sereine<\/strong> : vos enfants peuvent se concentrer sur leurs \u00e9tudes sans inqui\u00e9tude.<\/li>\n<li><strong>Accompagnement fiable<\/strong> : chaque \u00e9tape est soutenue par la <strong>SOFEPAC s.a Microfinance<\/strong>, partenaire de confiance dans l\u2019\u00e9ducation.<\/li>\n<\/ul>\n<p><strong>Ce qui rend ce cr\u00e9dit irr\u00e9sistible :<\/strong><\/p>\n<ul>\n<li><strong>Flexibilit\u00e9 et accessibilit\u00e9<\/strong> : le cr\u00e9dit s\u2019adapte \u00e0 vos besoins sp\u00e9cifiques.<\/li>\n<li><strong>Soutien durable<\/strong> : vous permet d\u2019anticiper chaque d\u00e9pense scolaire majeure.<\/li>\n<li><strong>S\u00e9curit\u00e9 et confiance<\/strong> : avec  la&nbsp;<strong>SOFEPAC s.a Microfinance<\/strong>, vos projets \u00e9ducatifs sont entre de bonnes mains.<\/li>\n<\/ul>\t\t\t\t\t\t\t\t<\/div>\n\t\t\t\t\t<\/div>\n\t\t\t\t<\/div>\n\t\t\t\t<\/div>\n\t\t","protected":false},"excerpt":{"rendered":"<p>Cr\u00e9dit Scolaire Individuel CREDIT SCOLAIRE INDIVIDUEL Investissez dans l\u2019\u00e9ducation de vos enfants et assurez leur r\u00e9ussite, gr\u00e2ce au cr\u00e9dit sp\u00e9cialement con\u00e7u par la SOFEPAC s.a Microfinance. Ce produit permet de financer calmement la scolarit\u00e9 sans pression financi\u00e8re, tout en offrant un accompagnement rassurant pour chaque parent. Avec le Cr\u00e9dit Scolaire Individuel de la SOFEPAC s.a [&hellip;]<\/p>\n","protected":false},"author":1,"featured_media":0,"parent":109,"menu_order":0,"comment_status":"closed","ping_status":"closed","template":"","meta":{"ocean_post_layout":"","ocean_both_sidebars_style":"","ocean_both_sidebars_content_width":0,"ocean_both_sidebars_sidebars_width":0,"ocean_sidebar":"","ocean_second_sidebar":"","ocean_disable_margins":"enable","ocean_add_body_class":"","ocean_shortcode_before_top_bar":"","ocean_shortcode_after_top_bar":"","ocean_shortcode_before_header":"","ocean_shortcode_after_header":"","ocean_has_shortcode":"","ocean_shortcode_after_title":"","ocean_shortcode_before_footer_widgets":"","ocean_shortcode_after_footer_widgets":"","ocean_shortcode_before_footer_bottom":"","ocean_shortcode_after_footer_bottom":"","ocean_display_top_bar":"default","ocean_display_header":"default","ocean_header_style":"","ocean_center_header_left_menu":"","ocean_custom_header_template":"","ocean_custom_logo":0,"ocean_custom_retina_logo":0,"ocean_custom_logo_max_width":0,"ocean_custom_logo_tablet_max_width":0,"ocean_custom_logo_mobile_max_width":0,"ocean_custom_logo_max_height":0,"ocean_custom_logo_tablet_max_height":0,"ocean_custom_logo_mobile_max_height":0,"ocean_header_custom_menu":"","ocean_menu_typo_font_family":"","ocean_menu_typo_font_subset":"","ocean_menu_typo_font_size":0,"ocean_menu_typo_font_size_tablet":0,"ocean_menu_typo_font_size_mobile":0,"ocean_menu_typo_font_size_unit":"px","ocean_menu_typo_font_weight":"","ocean_menu_typo_font_weight_tablet":"","ocean_menu_typo_font_weight_mobile":"","ocean_menu_typo_transform":"","ocean_menu_typo_transform_tablet":"","ocean_menu_typo_transform_mobile":"","ocean_menu_typo_line_height":0,"ocean_menu_typo_line_height_tablet":0,"ocean_menu_typo_line_height_mobile":0,"ocean_menu_typo_line_height_unit":"","ocean_menu_typo_spacing":0,"ocean_menu_typo_spacing_tablet":0,"ocean_menu_typo_spacing_mobile":0,"ocean_menu_typo_spacing_unit":"","ocean_menu_link_color":"","ocean_menu_link_color_hover":"","ocean_menu_link_color_active":"","ocean_menu_link_background":"","ocean_menu_link_hover_background":"","ocean_menu_link_active_background":"","ocean_menu_social_links_bg":"","ocean_menu_social_hover_links_bg":"","ocean_menu_social_links_color":"","ocean_menu_social_hover_links_color":"","ocean_disable_title":"default","ocean_disable_heading":"default","ocean_post_title":"","ocean_post_subheading":"","ocean_post_title_style":"","ocean_post_title_background_color":"","ocean_post_title_background":0,"ocean_post_title_bg_image_position":"","ocean_post_title_bg_image_attachment":"","ocean_post_title_bg_image_repeat":"","ocean_post_title_bg_image_size":"","ocean_post_title_height":0,"ocean_post_title_bg_overlay":0.5,"ocean_post_title_bg_overlay_color":"","ocean_disable_breadcrumbs":"default","ocean_breadcrumbs_color":"","ocean_breadcrumbs_separator_color":"","ocean_breadcrumbs_links_color":"","ocean_breadcrumbs_links_hover_color":"","ocean_display_footer_widgets":"default","ocean_display_footer_bottom":"default","ocean_custom_footer_template":"","footnotes":""},"class_list":["post-785","page","type-page","status-publish","hentry","entry"],"_links":{"self":[{"href":"https:\/\/sofepac.bi\/index.php?rest_route=\/wp\/v2\/pages\/785","targetHints":{"allow":["GET"]}}],"collection":[{"href":"https:\/\/sofepac.bi\/index.php?rest_route=\/wp\/v2\/pages"}],"about":[{"href":"https:\/\/sofepac.bi\/index.php?rest_route=\/wp\/v2\/types\/page"}],"author":[{"embeddable":true,"href":"https:\/\/sofepac.bi\/index.php?rest_route=\/wp\/v2\/users\/1"}],"replies":[{"embeddable":true,"href":"https:\/\/sofepac.bi\/index.php?rest_route=%2Fwp%2Fv2%2Fcomments&post=785"}],"version-history":[{"count":13,"href":"https:\/\/sofepac.bi\/index.php?rest_route=\/wp\/v2\/pages\/785\/revisions"}],"predecessor-version":[{"id":1534,"href":"https:\/\/sofepac.bi\/index.php?rest_route=\/wp\/v2\/pages\/785\/revisions\/1534"}],"up":[{"embeddable":true,"href":"https:\/\/sofepac.bi\/index.php?rest_route=\/wp\/v2\/pages\/109"}],"wp:attachment":[{"href":"https:\/\/sofepac.bi\/index.php?rest_route=%2Fwp%2Fv2%2Fmedia&parent=785"}],"curies":[{"name":"wp","href":"https:\/\/api.w.org\/{rel}","templated":true}]}}