{"id":803,"date":"2025-11-29T08:59:37","date_gmt":"2025-11-29T08:59:37","guid":{"rendered":"http:\/\/localhost\/sofepac\/?page_id=803"},"modified":"2025-12-09T11:14:14","modified_gmt":"2025-12-09T11:14:14","slug":"credit-umukenyezi-urisanze","status":"publish","type":"page","link":"https:\/\/sofepac.bi\/?page_id=803","title":{"rendered":"Cr\u00e9dit UMUKENYEZI URISANZE"},"content":{"rendered":"\t\t<div data-elementor-type=\"wp-page\" data-elementor-id=\"803\" class=\"elementor elementor-803\">\n\t\t\t\t<div class=\"elementor-element elementor-element-4ad2a08 e-flex e-con-boxed e-con e-parent\" data-id=\"4ad2a08\" data-element_type=\"container\" data-settings=\"{&quot;background_background&quot;:&quot;classic&quot;,&quot;shape_divider_bottom&quot;:&quot;tilt&quot;}\">\n\t\t\t\t\t<div class=\"e-con-inner\">\n\t\t\t\t<div class=\"elementor-shape elementor-shape-bottom\" aria-hidden=\"true\" data-negative=\"false\">\n\t\t\t<svg xmlns=\"http:\/\/www.w3.org\/2000\/svg\" viewBox=\"0 0 1000 100\" preserveAspectRatio=\"none\">\n\t<path class=\"elementor-shape-fill\" d=\"M0,6V0h1000v100L0,6z\"\/>\n<\/svg>\t\t<\/div>\n\t\t\t\t<div class=\"elementor-element elementor-element-d71c881 elementor-widget elementor-widget-heading\" data-id=\"d71c881\" data-element_type=\"widget\" data-widget_type=\"heading.default\">\n\t\t\t\t\t<h1 class=\"elementor-heading-title elementor-size-default\"><br>Cr\u00e9dit UMUKENYEZI URISANZE<br><br><\/h1>\t\t\t\t<\/div>\n\t\t\t\t\t<\/div>\n\t\t\t\t<\/div>\n\t\t<div class=\"elementor-element elementor-element-f2ccf53 e-flex e-con-boxed e-con e-parent\" data-id=\"f2ccf53\" data-element_type=\"container\">\n\t\t\t\t\t<div class=\"e-con-inner\">\n\t\t<div class=\"elementor-element elementor-element-3fc596e e-con-full e-flex e-con e-child\" data-id=\"3fc596e\" data-element_type=\"container\">\n\t\t\t\t<div class=\"elementor-element elementor-element-55206d3 elementor-widget elementor-widget-image\" data-id=\"55206d3\" data-element_type=\"widget\" data-widget_type=\"image.default\">\n\t\t\t\t\t\t\t\t\t\t\t\t\t\t\t<img fetchpriority=\"high\" decoding=\"async\" width=\"682\" height=\"712\" src=\"https:\/\/sofepac.bi\/wp-content\/uploads\/2025\/11\/Image178.jpeg\" class=\"attachment-large size-large wp-image-806\" alt=\"\" \/>\t\t\t\t\t\t\t\t\t\t\t\t\t\t\t<\/div>\n\t\t\t\t<\/div>\n\t\t<div class=\"elementor-element elementor-element-0fc7d2c e-con-full e-flex e-con e-child\" data-id=\"0fc7d2c\" data-element_type=\"container\">\n\t\t\t\t<div class=\"elementor-element elementor-element-7f733e4 elementor-widget elementor-widget-heading\" data-id=\"7f733e4\" data-element_type=\"widget\" data-widget_type=\"heading.default\">\n\t\t\t\t\t<h2 class=\"elementor-heading-title elementor-size-default\">CREDIT UMUKENYEZI URISANZE<\/h2>\t\t\t\t<\/div>\n\t\t\t\t<div class=\"elementor-element elementor-element-3134f28 elementor-widget elementor-widget-text-editor\" data-id=\"3134f28\" data-element_type=\"widget\" data-widget_type=\"text-editor.default\">\n\t\t\t\t\t\t\t\t\t<p><strong>Un cr\u00e9dit unique et pens\u00e9 pour vous, femmes et jeunes filles ambitieuses<\/strong>, propos\u00e9 par la <strong>SOFEPAC s.a Microfinance<\/strong>. Ce produit a \u00e9t\u00e9 sp\u00e9cialement con\u00e7u pour <strong>favoriser votre autonomie, soutenir vos projets et vous donner le pouvoir de r\u00e9ussir<\/strong>.<\/p>\t\t\t\t\t\t\t\t<\/div>\n\t\t\t\t<div class=\"elementor-element elementor-element-24ea06d elementor-widget elementor-widget-text-editor\" data-id=\"24ea06d\" data-element_type=\"widget\" data-widget_type=\"text-editor.default\">\n\t\t\t\t\t\t\t\t\t<p><em>Avec le cr\u00e9dit UMUKENYEZI URISANZE de la SOFEPAC s.a Microfinance, chaque femme devient une force, chaque id\u00e9e prend vie, et chaque projet se transforme en r\u00e9ussite durable. Votre avenir est entre vos mains, et nous sommes l\u00e0 pour vous le rendre possible.<\/em><\/p>\t\t\t\t\t\t\t\t<\/div>\n\t\t\t\t<\/div>\n\t\t\t\t\t<\/div>\n\t\t\t\t<\/div>\n\t\t<div class=\"elementor-element elementor-element-4c3cffe e-flex e-con-boxed e-con e-parent\" data-id=\"4c3cffe\" data-element_type=\"container\">\n\t\t\t\t\t<div class=\"e-con-inner\">\n\t\t\t\t<div class=\"elementor-element elementor-element-055e4fa elementor-widget elementor-widget-text-editor\" data-id=\"055e4fa\" data-element_type=\"widget\" data-widget_type=\"text-editor.default\">\n\t\t\t\t\t\t\t\t\t<p><strong>Pourquoi ce cr\u00e9dit est exceptionnel :<\/strong><\/p><ul><li><strong>Exclusivement r\u00e9serv\u00e9 aux femmes<\/strong> : parce que vos ambitions m\u00e9ritent un accompagnement sur mesure.<\/li><li><strong>Soutien \u00e0 l\u2019autonomie \u00e9conomique<\/strong> : donnez vie \u00e0 vos id\u00e9es et prenez en main votre ind\u00e9pendance financi\u00e8re.<\/li><li><strong>Id\u00e9al pour lancer ou renforcer une activit\u00e9<\/strong> : d\u00e9veloppez votre entreprise, qu\u2019elle soit petite ou d\u00e9j\u00e0 en croissance, avec un financement pens\u00e9 pour vous.<\/li><li><strong>Plan de remboursement flexible et accessible<\/strong> : con\u00e7u pour \u00eatre simple et motivant, vous permettant de progresser sans pression excessive.<\/li><li><strong>Un avenir solide pour les jeunes filles entrepreneures<\/strong> : parce que chaque petit pas financier bien accompagn\u00e9 devient une grande r\u00e9ussite.<\/li><\/ul><p><strong>Ce qui rend ce cr\u00e9dit encore plus s\u00e9duisant<\/strong> :<\/p><ul><li><strong>Un plafond adapt\u00e9 \u00e0 vos besoins<\/strong> pour d\u00e9marrer ou consolider votre activit\u00e9.<\/li><li><strong>Une flexibilit\u00e9 de remboursement pens\u00e9e pour accompagner la croissance de votre projet<\/strong>.<\/li><li><strong>La s\u00e9curit\u00e9 et la confiance de la SOFEPAC s.a Microfinance<\/strong>, toujours \u00e0 vos c\u00f4t\u00e9s pour chaque \u00e9tape.<\/li><\/ul>\t\t\t\t\t\t\t\t<\/div>\n\t\t\t\t\t<\/div>\n\t\t\t\t<\/div>\n\t\t\t\t<\/div>\n\t\t","protected":false},"excerpt":{"rendered":"<p>Cr\u00e9dit UMUKENYEZI URISANZE CREDIT UMUKENYEZI URISANZE Un cr\u00e9dit unique et pens\u00e9 pour vous, femmes et jeunes filles ambitieuses, propos\u00e9 par la SOFEPAC s.a Microfinance. Ce produit a \u00e9t\u00e9 sp\u00e9cialement con\u00e7u pour favoriser votre autonomie, soutenir vos projets et vous donner le pouvoir de r\u00e9ussir. Avec le cr\u00e9dit UMUKENYEZI URISANZE de la SOFEPAC s.a Microfinance, chaque [&hellip;]<\/p>\n","protected":false},"author":1,"featured_media":0,"parent":109,"menu_order":0,"comment_status":"closed","ping_status":"closed","template":"","meta":{"ocean_post_layout":"","ocean_both_sidebars_style":"","ocean_both_sidebars_content_width":0,"ocean_both_sidebars_sidebars_width":0,"ocean_sidebar":"","ocean_second_sidebar":"","ocean_disable_margins":"enable","ocean_add_body_class":"","ocean_shortcode_before_top_bar":"","ocean_shortcode_after_top_bar":"","ocean_shortcode_before_header":"","ocean_shortcode_after_header":"","ocean_has_shortcode":"","ocean_shortcode_after_title":"","ocean_shortcode_before_footer_widgets":"","ocean_shortcode_after_footer_widgets":"","ocean_shortcode_before_footer_bottom":"","ocean_shortcode_after_footer_bottom":"","ocean_display_top_bar":"default","ocean_display_header":"default","ocean_header_style":"","ocean_center_header_left_menu":"","ocean_custom_header_template":"","ocean_custom_logo":0,"ocean_custom_retina_logo":0,"ocean_custom_logo_max_width":0,"ocean_custom_logo_tablet_max_width":0,"ocean_custom_logo_mobile_max_width":0,"ocean_custom_logo_max_height":0,"ocean_custom_logo_tablet_max_height":0,"ocean_custom_logo_mobile_max_height":0,"ocean_header_custom_menu":"","ocean_menu_typo_font_family":"","ocean_menu_typo_font_subset":"","ocean_menu_typo_font_size":0,"ocean_menu_typo_font_size_tablet":0,"ocean_menu_typo_font_size_mobile":0,"ocean_menu_typo_font_size_unit":"px","ocean_menu_typo_font_weight":"","ocean_menu_typo_font_weight_tablet":"","ocean_menu_typo_font_weight_mobile":"","ocean_menu_typo_transform":"","ocean_menu_typo_transform_tablet":"","ocean_menu_typo_transform_mobile":"","ocean_menu_typo_line_height":0,"ocean_menu_typo_line_height_tablet":0,"ocean_menu_typo_line_height_mobile":0,"ocean_menu_typo_line_height_unit":"","ocean_menu_typo_spacing":0,"ocean_menu_typo_spacing_tablet":0,"ocean_menu_typo_spacing_mobile":0,"ocean_menu_typo_spacing_unit":"","ocean_menu_link_color":"","ocean_menu_link_color_hover":"","ocean_menu_link_color_active":"","ocean_menu_link_background":"","ocean_menu_link_hover_background":"","ocean_menu_link_active_background":"","ocean_menu_social_links_bg":"","ocean_menu_social_hover_links_bg":"","ocean_menu_social_links_color":"","ocean_menu_social_hover_links_color":"","ocean_disable_title":"default","ocean_disable_heading":"default","ocean_post_title":"","ocean_post_subheading":"","ocean_post_title_style":"","ocean_post_title_background_color":"","ocean_post_title_background":0,"ocean_post_title_bg_image_position":"","ocean_post_title_bg_image_attachment":"","ocean_post_title_bg_image_repeat":"","ocean_post_title_bg_image_size":"","ocean_post_title_height":0,"ocean_post_title_bg_overlay":0.5,"ocean_post_title_bg_overlay_color":"","ocean_disable_breadcrumbs":"default","ocean_breadcrumbs_color":"","ocean_breadcrumbs_separator_color":"","ocean_breadcrumbs_links_color":"","ocean_breadcrumbs_links_hover_color":"","ocean_display_footer_widgets":"default","ocean_display_footer_bottom":"default","ocean_custom_footer_template":"","footnotes":""},"class_list":["post-803","page","type-page","status-publish","hentry","entry"],"_links":{"self":[{"href":"https:\/\/sofepac.bi\/index.php?rest_route=\/wp\/v2\/pages\/803","targetHints":{"allow":["GET"]}}],"collection":[{"href":"https:\/\/sofepac.bi\/index.php?rest_route=\/wp\/v2\/pages"}],"about":[{"href":"https:\/\/sofepac.bi\/index.php?rest_route=\/wp\/v2\/types\/page"}],"author":[{"embeddable":true,"href":"https:\/\/sofepac.bi\/index.php?rest_route=\/wp\/v2\/users\/1"}],"replies":[{"embeddable":true,"href":"https:\/\/sofepac.bi\/index.php?rest_route=%2Fwp%2Fv2%2Fcomments&post=803"}],"version-history":[{"count":13,"href":"https:\/\/sofepac.bi\/index.php?rest_route=\/wp\/v2\/pages\/803\/revisions"}],"predecessor-version":[{"id":1537,"href":"https:\/\/sofepac.bi\/index.php?rest_route=\/wp\/v2\/pages\/803\/revisions\/1537"}],"up":[{"embeddable":true,"href":"https:\/\/sofepac.bi\/index.php?rest_route=\/wp\/v2\/pages\/109"}],"wp:attachment":[{"href":"https:\/\/sofepac.bi\/index.php?rest_route=%2Fwp%2Fv2%2Fmedia&parent=803"}],"curies":[{"name":"wp","href":"https:\/\/api.w.org\/{rel}","templated":true}]}}