{"id":850,"date":"2025-11-29T09:56:00","date_gmt":"2025-11-29T09:56:00","guid":{"rendered":"http:\/\/localhost\/sofepac\/?page_id=850"},"modified":"2025-12-09T10:59:32","modified_gmt":"2025-12-09T10:59:32","slug":"depot-a-terme","status":"publish","type":"page","link":"https:\/\/sofepac.bi\/?page_id=850","title":{"rendered":"D\u00e9p\u00f4t \u00e0 Terme"},"content":{"rendered":"\t\t<div data-elementor-type=\"wp-page\" data-elementor-id=\"850\" class=\"elementor elementor-850\">\n\t\t\t\t<div class=\"elementor-element elementor-element-ecee399 e-flex e-con-boxed e-con e-parent\" data-id=\"ecee399\" data-element_type=\"container\" data-settings=\"{&quot;background_background&quot;:&quot;classic&quot;,&quot;shape_divider_bottom&quot;:&quot;tilt&quot;}\">\n\t\t\t\t\t<div class=\"e-con-inner\">\n\t\t\t\t<div class=\"elementor-shape elementor-shape-bottom\" aria-hidden=\"true\" data-negative=\"false\">\n\t\t\t<svg xmlns=\"http:\/\/www.w3.org\/2000\/svg\" viewBox=\"0 0 1000 100\" preserveAspectRatio=\"none\">\n\t<path class=\"elementor-shape-fill\" d=\"M0,6V0h1000v100L0,6z\"\/>\n<\/svg>\t\t<\/div>\n\t\t\t\t<div class=\"elementor-element elementor-element-582d03d elementor-widget elementor-widget-heading\" data-id=\"582d03d\" data-element_type=\"widget\" data-widget_type=\"heading.default\">\n\t\t\t\t\t<h1 class=\"elementor-heading-title elementor-size-default\"><br>D\u00e9p\u00f4t \u00e0 Terme <br><br><\/h1>\t\t\t\t<\/div>\n\t\t\t\t\t<\/div>\n\t\t\t\t<\/div>\n\t\t<div class=\"elementor-element elementor-element-ae004f3 e-flex e-con-boxed e-con e-parent\" data-id=\"ae004f3\" data-element_type=\"container\">\n\t\t\t\t\t<div class=\"e-con-inner\">\n\t\t<div class=\"elementor-element elementor-element-09cbcd9 e-con-full e-flex e-con e-child\" data-id=\"09cbcd9\" data-element_type=\"container\">\n\t\t\t\t<div class=\"elementor-element elementor-element-e7cc8c8 elementor-widget elementor-widget-image\" data-id=\"e7cc8c8\" data-element_type=\"widget\" data-widget_type=\"image.default\">\n\t\t\t\t\t\t\t\t\t\t\t\t\t\t\t<img fetchpriority=\"high\" decoding=\"async\" width=\"1024\" height=\"683\" src=\"https:\/\/sofepac.bi\/wp-content\/uploads\/2025\/11\/radission-us-_XeQ8XEWb4Q-unsplash.jpg\" class=\"attachment-large size-large wp-image-855\" alt=\"\" \/>\t\t\t\t\t\t\t\t\t\t\t\t\t\t\t<\/div>\n\t\t\t\t<\/div>\n\t\t<div class=\"elementor-element elementor-element-7014ef3 e-con-full e-flex e-con e-child\" data-id=\"7014ef3\" data-element_type=\"container\">\n\t\t\t\t<div class=\"elementor-element elementor-element-af97a27 elementor-widget elementor-widget-heading\" data-id=\"af97a27\" data-element_type=\"widget\" data-widget_type=\"heading.default\">\n\t\t\t\t\t<h2 class=\"elementor-heading-title elementor-size-default\">DEPOT A TERME : FAITES TRAVAILLER VOTRE ARGENT POUR VOS PROJETS<\/h2>\t\t\t\t<\/div>\n\t\t\t\t<div class=\"elementor-element elementor-element-e4836c7 elementor-widget elementor-widget-text-editor\" data-id=\"e4836c7\" data-element_type=\"widget\" data-widget_type=\"text-editor.default\">\n\t\t\t\t\t\t\t\t\t<p>Le <strong>D\u00e9p\u00f4t \u00e0 Terme<\/strong> de la <strong>SOFEPAC s.a Microfinance<\/strong> est <strong>la solution id\u00e9ale pour s\u00e9curiser votre capital tout en le faisant cro\u00eetre<\/strong>. Avec ce produit, vous placez un montant fixe d\u2019argent pour une p\u00e9riode d\u00e9termin\u00e9e, et profitez d\u2019une croissance stable et garantie.<\/p>\t\t\t\t\t\t\t\t<\/div>\n\t\t\t\t<div class=\"elementor-element elementor-element-99f56fa elementor-widget elementor-widget-text-editor\" data-id=\"99f56fa\" data-element_type=\"widget\" data-widget_type=\"text-editor.default\">\n\t\t\t\t\t\t\t\t\t<p><em>Avec le D\u00e9p\u00f4t \u00e0 Terme de la SOFEPAC s.a Microfinance, chaque franc plac\u00e9 devient un pas vers la r\u00e9alisation de vos ambitions. Vous s\u00e9curisez votre capital, gagnez des int\u00e9r\u00eats et pr\u00e9parez un avenir prosp\u00e8re avec simplicit\u00e9 et s\u00e9r\u00e9nit\u00e9.<\/em><\/p>\t\t\t\t\t\t\t\t<\/div>\n\t\t\t\t<\/div>\n\t\t\t\t\t<\/div>\n\t\t\t\t<\/div>\n\t\t<div class=\"elementor-element elementor-element-c9e9098 e-flex e-con-boxed e-con e-parent\" data-id=\"c9e9098\" data-element_type=\"container\">\n\t\t\t\t\t<div class=\"e-con-inner\">\n\t\t\t\t<div class=\"elementor-element elementor-element-8a35f7a elementor-widget elementor-widget-text-editor\" data-id=\"8a35f7a\" data-element_type=\"widget\" data-widget_type=\"text-editor.default\">\n\t\t\t\t\t\t\t\t\t<p><strong>Avantages et fonctionnalit\u00e9s :<\/strong><\/p><ul><li><strong>Placement s\u00e9curis\u00e9 sur une p\u00e9riode d\u00e9finie<\/strong> : choisissez une dur\u00e9e allant de <strong>1 \u00e0 12 mois<\/strong> pour atteindre vos objectifs financiers.<\/li><li><strong>Croissance garantie<\/strong> : vos \u00e9conomies g\u00e9n\u00e8rent des int\u00e9r\u00eats tout au long de la p\u00e9riode de d\u00e9p\u00f4t, vous permettant de planifier vos projets futurs.<\/li><li><strong>Pas de retrait pendant la p\u00e9riode<\/strong> : assure la stabilit\u00e9 et la s\u00e9curit\u00e9 de votre capital.<\/li><li><strong>Compte gratuit<\/strong> : <strong>frais d\u2019ouverture et de gestion gratuits<\/strong>, pour maximiser vos gains sans co\u00fbts suppl\u00e9mentaires.<\/li><li><strong>Planification facile<\/strong> : parfait pour financer un projet pr\u00e9cis, pr\u00e9parer un investissement ou constituer une \u00e9pargne r\u00e9guli\u00e8re.<\/li><li><strong>S\u00e9curit\u00e9 assur\u00e9e<\/strong> : votre argent est prot\u00e9g\u00e9 et suivi par la <strong>SOFEPAC s.a Microfinance<\/strong>, partenaire de confiance.<\/li><\/ul><p><strong>Pourquoi ce produit est une opportunit\u00e9 \u00e0 saisir :<\/strong><\/p><ul><li>Il vous permet de <strong>pr\u00e9voir vos projets avec s\u00e9r\u00e9nit\u00e9<\/strong> gr\u00e2ce \u00e0 un placement stable et garanti.<\/li><li>Vos \u00e9conomies travaillent pour vous, <strong>sans effort suppl\u00e9mentaire<\/strong>.<\/li><\/ul><p>Vous b\u00e9n\u00e9ficiez d\u2019un <strong>service simple, s\u00fbr et sans frais<\/strong>, id\u00e9al pour faire cro\u00eetre votre capital progressivement.<\/p>\t\t\t\t\t\t\t\t<\/div>\n\t\t\t\t\t<\/div>\n\t\t\t\t<\/div>\n\t\t\t\t<\/div>\n\t\t","protected":false},"excerpt":{"rendered":"<p>D\u00e9p\u00f4t \u00e0 Terme DEPOT A TERME : FAITES TRAVAILLER VOTRE ARGENT POUR VOS PROJETS Le D\u00e9p\u00f4t \u00e0 Terme de la SOFEPAC s.a Microfinance est la solution id\u00e9ale pour s\u00e9curiser votre capital tout en le faisant cro\u00eetre. Avec ce produit, vous placez un montant fixe d\u2019argent pour une p\u00e9riode d\u00e9termin\u00e9e, et profitez d\u2019une croissance stable et [&hellip;]<\/p>\n","protected":false},"author":1,"featured_media":0,"parent":327,"menu_order":0,"comment_status":"closed","ping_status":"closed","template":"","meta":{"ocean_post_layout":"","ocean_both_sidebars_style":"","ocean_both_sidebars_content_width":0,"ocean_both_sidebars_sidebars_width":0,"ocean_sidebar":"","ocean_second_sidebar":"","ocean_disable_margins":"enable","ocean_add_body_class":"","ocean_shortcode_before_top_bar":"","ocean_shortcode_after_top_bar":"","ocean_shortcode_before_header":"","ocean_shortcode_after_header":"","ocean_has_shortcode":"","ocean_shortcode_after_title":"","ocean_shortcode_before_footer_widgets":"","ocean_shortcode_after_footer_widgets":"","ocean_shortcode_before_footer_bottom":"","ocean_shortcode_after_footer_bottom":"","ocean_display_top_bar":"default","ocean_display_header":"default","ocean_header_style":"","ocean_center_header_left_menu":"","ocean_custom_header_template":"","ocean_custom_logo":0,"ocean_custom_retina_logo":0,"ocean_custom_logo_max_width":0,"ocean_custom_logo_tablet_max_width":0,"ocean_custom_logo_mobile_max_width":0,"ocean_custom_logo_max_height":0,"ocean_custom_logo_tablet_max_height":0,"ocean_custom_logo_mobile_max_height":0,"ocean_header_custom_menu":"","ocean_menu_typo_font_family":"","ocean_menu_typo_font_subset":"","ocean_menu_typo_font_size":0,"ocean_menu_typo_font_size_tablet":0,"ocean_menu_typo_font_size_mobile":0,"ocean_menu_typo_font_size_unit":"px","ocean_menu_typo_font_weight":"","ocean_menu_typo_font_weight_tablet":"","ocean_menu_typo_font_weight_mobile":"","ocean_menu_typo_transform":"","ocean_menu_typo_transform_tablet":"","ocean_menu_typo_transform_mobile":"","ocean_menu_typo_line_height":0,"ocean_menu_typo_line_height_tablet":0,"ocean_menu_typo_line_height_mobile":0,"ocean_menu_typo_line_height_unit":"","ocean_menu_typo_spacing":0,"ocean_menu_typo_spacing_tablet":0,"ocean_menu_typo_spacing_mobile":0,"ocean_menu_typo_spacing_unit":"","ocean_menu_link_color":"","ocean_menu_link_color_hover":"","ocean_menu_link_color_active":"","ocean_menu_link_background":"","ocean_menu_link_hover_background":"","ocean_menu_link_active_background":"","ocean_menu_social_links_bg":"","ocean_menu_social_hover_links_bg":"","ocean_menu_social_links_color":"","ocean_menu_social_hover_links_color":"","ocean_disable_title":"default","ocean_disable_heading":"default","ocean_post_title":"","ocean_post_subheading":"","ocean_post_title_style":"","ocean_post_title_background_color":"","ocean_post_title_background":0,"ocean_post_title_bg_image_position":"","ocean_post_title_bg_image_attachment":"","ocean_post_title_bg_image_repeat":"","ocean_post_title_bg_image_size":"","ocean_post_title_height":0,"ocean_post_title_bg_overlay":0.5,"ocean_post_title_bg_overlay_color":"","ocean_disable_breadcrumbs":"default","ocean_breadcrumbs_color":"","ocean_breadcrumbs_separator_color":"","ocean_breadcrumbs_links_color":"","ocean_breadcrumbs_links_hover_color":"","ocean_display_footer_widgets":"default","ocean_display_footer_bottom":"default","ocean_custom_footer_template":"","footnotes":""},"class_list":["post-850","page","type-page","status-publish","hentry","entry"],"_links":{"self":[{"href":"https:\/\/sofepac.bi\/index.php?rest_route=\/wp\/v2\/pages\/850","targetHints":{"allow":["GET"]}}],"collection":[{"href":"https:\/\/sofepac.bi\/index.php?rest_route=\/wp\/v2\/pages"}],"about":[{"href":"https:\/\/sofepac.bi\/index.php?rest_route=\/wp\/v2\/types\/page"}],"author":[{"embeddable":true,"href":"https:\/\/sofepac.bi\/index.php?rest_route=\/wp\/v2\/users\/1"}],"replies":[{"embeddable":true,"href":"https:\/\/sofepac.bi\/index.php?rest_route=%2Fwp%2Fv2%2Fcomments&post=850"}],"version-history":[{"count":16,"href":"https:\/\/sofepac.bi\/index.php?rest_route=\/wp\/v2\/pages\/850\/revisions"}],"predecessor-version":[{"id":1504,"href":"https:\/\/sofepac.bi\/index.php?rest_route=\/wp\/v2\/pages\/850\/revisions\/1504"}],"up":[{"embeddable":true,"href":"https:\/\/sofepac.bi\/index.php?rest_route=\/wp\/v2\/pages\/327"}],"wp:attachment":[{"href":"https:\/\/sofepac.bi\/index.php?rest_route=%2Fwp%2Fv2%2Fmedia&parent=850"}],"curies":[{"name":"wp","href":"https:\/\/api.w.org\/{rel}","templated":true}]}}