{"id":859,"date":"2025-11-29T10:01:17","date_gmt":"2025-11-29T10:01:17","guid":{"rendered":"http:\/\/localhost\/sofepac\/?page_id=859"},"modified":"2025-12-09T00:38:06","modified_gmt":"2025-12-09T00:38:06","slug":"compte-epargne","status":"publish","type":"page","link":"https:\/\/sofepac.bi\/?page_id=859","title":{"rendered":"Compte \u00c9pargne"},"content":{"rendered":"\t\t<div data-elementor-type=\"wp-page\" data-elementor-id=\"859\" class=\"elementor elementor-859\">\n\t\t\t\t<div class=\"elementor-element elementor-element-a1f9d25 e-flex e-con-boxed e-con e-parent\" data-id=\"a1f9d25\" data-element_type=\"container\" data-settings=\"{&quot;background_background&quot;:&quot;classic&quot;,&quot;shape_divider_bottom&quot;:&quot;tilt&quot;}\">\n\t\t\t\t\t<div class=\"e-con-inner\">\n\t\t\t\t<div class=\"elementor-shape elementor-shape-bottom\" aria-hidden=\"true\" data-negative=\"false\">\n\t\t\t<svg xmlns=\"http:\/\/www.w3.org\/2000\/svg\" viewBox=\"0 0 1000 100\" preserveAspectRatio=\"none\">\n\t<path class=\"elementor-shape-fill\" d=\"M0,6V0h1000v100L0,6z\"\/>\n<\/svg>\t\t<\/div>\n\t\t\t\t<div class=\"elementor-element elementor-element-6f73001 elementor-widget elementor-widget-heading\" data-id=\"6f73001\" data-element_type=\"widget\" data-widget_type=\"heading.default\">\n\t\t\t\t\t<h1 class=\"elementor-heading-title elementor-size-default\"><br>Compte \u00c9pargne<br><br><\/h1>\t\t\t\t<\/div>\n\t\t\t\t\t<\/div>\n\t\t\t\t<\/div>\n\t\t<div class=\"elementor-element elementor-element-fe5e86e e-flex e-con-boxed e-con e-parent\" data-id=\"fe5e86e\" data-element_type=\"container\">\n\t\t\t\t\t<div class=\"e-con-inner\">\n\t\t<div class=\"elementor-element elementor-element-d56f359 e-con-full e-flex e-con e-child\" data-id=\"d56f359\" data-element_type=\"container\">\n\t\t\t\t<div class=\"elementor-element elementor-element-a3f50b1 elementor-widget elementor-widget-image\" data-id=\"a3f50b1\" data-element_type=\"widget\" data-widget_type=\"image.default\">\n\t\t\t\t\t\t\t\t\t\t\t\t\t\t\t<img fetchpriority=\"high\" decoding=\"async\" width=\"1024\" height=\"683\" src=\"https:\/\/sofepac.bi\/wp-content\/uploads\/2025\/11\/towfiqu-barbhuiya-0ITvgXAU5Oo-unsplash.jpg\" class=\"attachment-large size-large wp-image-862\" alt=\"\" \/>\t\t\t\t\t\t\t\t\t\t\t\t\t\t\t<\/div>\n\t\t\t\t<\/div>\n\t\t<div class=\"elementor-element elementor-element-8cd90df e-con-full e-flex e-con e-child\" data-id=\"8cd90df\" data-element_type=\"container\">\n\t\t\t\t<div class=\"elementor-element elementor-element-b486813 elementor-widget elementor-widget-heading\" data-id=\"b486813\" data-element_type=\"widget\" data-widget_type=\"heading.default\">\n\t\t\t\t\t<h2 class=\"elementor-heading-title elementor-size-default\">COMPTE \u00c9PARGNE : LE MEILLEUR MOYEN DE PREPARER SEREINEMENT VOTRE AVENIR<\/h2>\t\t\t\t<\/div>\n\t\t\t\t<div class=\"elementor-element elementor-element-518968d elementor-widget elementor-widget-text-editor\" data-id=\"518968d\" data-element_type=\"widget\" data-widget_type=\"text-editor.default\">\n\t\t\t\t\t\t\t\t\t<p>Le <strong>Compte \u00c9pargne<\/strong> de la <strong>SOFEPAC s.a Microfinance<\/strong> est la solution id\u00e9ale pour ceux qui veulent <strong>mettre de l\u2019argent de c\u00f4t\u00e9 tout en le faisant fructifier<\/strong>, mois apr\u00e8s mois.<br \/>C\u2019est un compte simple, s\u00e9curis\u00e9 et accessible \u00e0 tout moment, qui transforme chaque d\u00e9p\u00f4t en une v\u00e9ritable opportunit\u00e9 de croissance.<\/p>\t\t\t\t\t\t\t\t<\/div>\n\t\t\t\t<\/div>\n\t\t\t\t\t<\/div>\n\t\t\t\t<\/div>\n\t\t<div class=\"elementor-element elementor-element-7d4f8a0 e-flex e-con-boxed e-con e-parent\" data-id=\"7d4f8a0\" data-element_type=\"container\">\n\t\t\t\t\t<div class=\"e-con-inner\">\n\t\t\t\t<div class=\"elementor-element elementor-element-102e042 elementor-widget elementor-widget-text-editor\" data-id=\"102e042\" data-element_type=\"widget\" data-widget_type=\"text-editor.default\">\n\t\t\t\t\t\t\t\t\t<h3><strong>Avantages du Compte \u00c9pargne :<\/strong><\/h3><ul><li><strong>\u00c9pargnez \u00e0 votre rythme<\/strong><br \/>Vous d\u00e9posez quand vous voulez, selon vos moyens et vos objectifs. Aucun montant minimum impos\u00e9 : vous avancez \u00e0 votre propre cadence.<\/li><li><strong>R\u00e9mun\u00e9ration sur 12 mois<\/strong><br \/>Votre argent <strong>g\u00e9n\u00e8re des int\u00e9r\u00eats tout au long de l\u2019ann\u00e9e<\/strong>, ce qui vous permet de voir vos \u00e9conomies grandir progressivement.<\/li><li><strong>Retraits et d\u00e9p\u00f4ts faciles<\/strong><br \/>Besoin d\u2019acc\u00e9der \u00e0 vos fonds ? C\u2019est simple, rapide et sans complications. Vous gardez toujours le contr\u00f4le.<\/li><li><strong>S\u00e9curit\u00e9 totale<\/strong><br \/>Votre \u00e9pargne est prot\u00e9g\u00e9e et g\u00e9r\u00e9e par une institution fiable et agr\u00e9\u00e9e : <strong>SOFEPAC s.a Microfinance<\/strong>.<\/li><li><strong>Un accompagnement de confiance<\/strong><br \/>Nos \u00e9quipes vous guident dans votre d\u00e9marche d\u2019\u00e9pargne pour que chaque d\u00e9cision contribue r\u00e9ellement \u00e0 vos projets.<\/li><\/ul><h3><strong>Pourquoi ouvrir un Compte \u00c9pargne ?<\/strong><\/h3><p>Parce que <strong>chaque franc d\u00e9pos\u00e9 aujourd\u2019hui devient une valeur ajout\u00e9e demain<\/strong>.<br \/>Ce compte vous aide \u00e0 :<\/p><ul><li>Pr\u00e9parer un projet important<\/li><li>Faire face aux impr\u00e9vus<\/li><li>Constituer une r\u00e9serve financi\u00e8re stable<\/li><li>Construire un avenir plus s\u00fbr pour vous et votre famille<\/li><\/ul>\t\t\t\t\t\t\t\t<\/div>\n\t\t\t\t\t<\/div>\n\t\t\t\t<\/div>\n\t\t\t\t<\/div>\n\t\t","protected":false},"excerpt":{"rendered":"<p>Compte \u00c9pargne COMPTE \u00c9PARGNE : LE MEILLEUR MOYEN DE PREPARER SEREINEMENT VOTRE AVENIR Le Compte \u00c9pargne de la SOFEPAC s.a Microfinance est la solution id\u00e9ale pour ceux qui veulent mettre de l\u2019argent de c\u00f4t\u00e9 tout en le faisant fructifier, mois apr\u00e8s mois.C\u2019est un compte simple, s\u00e9curis\u00e9 et accessible \u00e0 tout moment, qui transforme chaque d\u00e9p\u00f4t [&hellip;]<\/p>\n","protected":false},"author":1,"featured_media":0,"parent":327,"menu_order":0,"comment_status":"closed","ping_status":"closed","template":"","meta":{"ocean_post_layout":"","ocean_both_sidebars_style":"","ocean_both_sidebars_content_width":0,"ocean_both_sidebars_sidebars_width":0,"ocean_sidebar":"","ocean_second_sidebar":"","ocean_disable_margins":"enable","ocean_add_body_class":"","ocean_shortcode_before_top_bar":"","ocean_shortcode_after_top_bar":"","ocean_shortcode_before_header":"","ocean_shortcode_after_header":"","ocean_has_shortcode":"","ocean_shortcode_after_title":"","ocean_shortcode_before_footer_widgets":"","ocean_shortcode_after_footer_widgets":"","ocean_shortcode_before_footer_bottom":"","ocean_shortcode_after_footer_bottom":"","ocean_display_top_bar":"default","ocean_display_header":"default","ocean_header_style":"","ocean_center_header_left_menu":"","ocean_custom_header_template":"","ocean_custom_logo":0,"ocean_custom_retina_logo":0,"ocean_custom_logo_max_width":0,"ocean_custom_logo_tablet_max_width":0,"ocean_custom_logo_mobile_max_width":0,"ocean_custom_logo_max_height":0,"ocean_custom_logo_tablet_max_height":0,"ocean_custom_logo_mobile_max_height":0,"ocean_header_custom_menu":"","ocean_menu_typo_font_family":"","ocean_menu_typo_font_subset":"","ocean_menu_typo_font_size":0,"ocean_menu_typo_font_size_tablet":0,"ocean_menu_typo_font_size_mobile":0,"ocean_menu_typo_font_size_unit":"px","ocean_menu_typo_font_weight":"","ocean_menu_typo_font_weight_tablet":"","ocean_menu_typo_font_weight_mobile":"","ocean_menu_typo_transform":"","ocean_menu_typo_transform_tablet":"","ocean_menu_typo_transform_mobile":"","ocean_menu_typo_line_height":0,"ocean_menu_typo_line_height_tablet":0,"ocean_menu_typo_line_height_mobile":0,"ocean_menu_typo_line_height_unit":"","ocean_menu_typo_spacing":0,"ocean_menu_typo_spacing_tablet":0,"ocean_menu_typo_spacing_mobile":0,"ocean_menu_typo_spacing_unit":"","ocean_menu_link_color":"","ocean_menu_link_color_hover":"","ocean_menu_link_color_active":"","ocean_menu_link_background":"","ocean_menu_link_hover_background":"","ocean_menu_link_active_background":"","ocean_menu_social_links_bg":"","ocean_menu_social_hover_links_bg":"","ocean_menu_social_links_color":"","ocean_menu_social_hover_links_color":"","ocean_disable_title":"default","ocean_disable_heading":"default","ocean_post_title":"","ocean_post_subheading":"","ocean_post_title_style":"","ocean_post_title_background_color":"","ocean_post_title_background":0,"ocean_post_title_bg_image_position":"","ocean_post_title_bg_image_attachment":"","ocean_post_title_bg_image_repeat":"","ocean_post_title_bg_image_size":"","ocean_post_title_height":0,"ocean_post_title_bg_overlay":0.5,"ocean_post_title_bg_overlay_color":"","ocean_disable_breadcrumbs":"default","ocean_breadcrumbs_color":"","ocean_breadcrumbs_separator_color":"","ocean_breadcrumbs_links_color":"","ocean_breadcrumbs_links_hover_color":"","ocean_display_footer_widgets":"default","ocean_display_footer_bottom":"default","ocean_custom_footer_template":"","footnotes":""},"class_list":["post-859","page","type-page","status-publish","hentry","entry"],"_links":{"self":[{"href":"https:\/\/sofepac.bi\/index.php?rest_route=\/wp\/v2\/pages\/859","targetHints":{"allow":["GET"]}}],"collection":[{"href":"https:\/\/sofepac.bi\/index.php?rest_route=\/wp\/v2\/pages"}],"about":[{"href":"https:\/\/sofepac.bi\/index.php?rest_route=\/wp\/v2\/types\/page"}],"author":[{"embeddable":true,"href":"https:\/\/sofepac.bi\/index.php?rest_route=\/wp\/v2\/users\/1"}],"replies":[{"embeddable":true,"href":"https:\/\/sofepac.bi\/index.php?rest_route=%2Fwp%2Fv2%2Fcomments&post=859"}],"version-history":[{"count":13,"href":"https:\/\/sofepac.bi\/index.php?rest_route=\/wp\/v2\/pages\/859\/revisions"}],"predecessor-version":[{"id":1431,"href":"https:\/\/sofepac.bi\/index.php?rest_route=\/wp\/v2\/pages\/859\/revisions\/1431"}],"up":[{"embeddable":true,"href":"https:\/\/sofepac.bi\/index.php?rest_route=\/wp\/v2\/pages\/327"}],"wp:attachment":[{"href":"https:\/\/sofepac.bi\/index.php?rest_route=%2Fwp%2Fv2%2Fmedia&parent=859"}],"curies":[{"name":"wp","href":"https:\/\/api.w.org\/{rel}","templated":true}]}}