{"id":893,"date":"2025-11-29T11:00:21","date_gmt":"2025-11-29T11:00:21","guid":{"rendered":"http:\/\/localhost\/sofepac\/?page_id=893"},"modified":"2025-12-09T11:09:44","modified_gmt":"2025-12-09T11:09:44","slug":"services-de-gestion-de-comptes-epargne","status":"publish","type":"page","link":"https:\/\/sofepac.bi\/?page_id=893","title":{"rendered":"Services de Gestion de Comptes &amp; \u00c9pargne"},"content":{"rendered":"\t\t<div data-elementor-type=\"wp-page\" data-elementor-id=\"893\" class=\"elementor elementor-893\">\n\t\t\t\t<div class=\"elementor-element elementor-element-305ca9c e-flex e-con-boxed e-con e-parent\" data-id=\"305ca9c\" data-element_type=\"container\" data-settings=\"{&quot;background_background&quot;:&quot;classic&quot;,&quot;shape_divider_bottom&quot;:&quot;tilt&quot;}\">\n\t\t\t\t\t<div class=\"e-con-inner\">\n\t\t\t\t<div class=\"elementor-shape elementor-shape-bottom\" aria-hidden=\"true\" data-negative=\"false\">\n\t\t\t<svg xmlns=\"http:\/\/www.w3.org\/2000\/svg\" viewBox=\"0 0 1000 100\" preserveAspectRatio=\"none\">\n\t<path class=\"elementor-shape-fill\" d=\"M0,6V0h1000v100L0,6z\"\/>\n<\/svg>\t\t<\/div>\n\t\t\t\t<div class=\"elementor-element elementor-element-49a6394 elementor-widget elementor-widget-heading\" data-id=\"49a6394\" data-element_type=\"widget\" data-widget_type=\"heading.default\">\n\t\t\t\t\t<h1 class=\"elementor-heading-title elementor-size-default\"><br>Services de Gestion de Comptes &amp; \u00c9pargne<br><br><\/h1>\t\t\t\t<\/div>\n\t\t\t\t\t<\/div>\n\t\t\t\t<\/div>\n\t\t<div class=\"elementor-element elementor-element-97757d3 e-flex e-con-boxed e-con e-parent\" data-id=\"97757d3\" data-element_type=\"container\">\n\t\t\t\t\t<div class=\"e-con-inner\">\n\t\t<div class=\"elementor-element elementor-element-0f8ca9b e-con-full e-flex e-con e-child\" data-id=\"0f8ca9b\" data-element_type=\"container\">\n\t\t\t\t<div class=\"elementor-element elementor-element-c21e4eb elementor-widget elementor-widget-image\" data-id=\"c21e4eb\" data-element_type=\"widget\" data-widget_type=\"image.default\">\n\t\t\t\t\t\t\t\t\t\t\t\t\t\t\t<img fetchpriority=\"high\" decoding=\"async\" width=\"1024\" height=\"683\" src=\"https:\/\/sofepac.bi\/wp-content\/uploads\/2025\/11\/towfiqu-barbhuiya-0ITvgXAU5Oo-unsplash.jpg\" class=\"attachment-large size-large wp-image-862\" alt=\"\" \/>\t\t\t\t\t\t\t\t\t\t\t\t\t\t\t<\/div>\n\t\t\t\t<\/div>\n\t\t<div class=\"elementor-element elementor-element-f465567 e-con-full e-flex e-con e-child\" data-id=\"f465567\" data-element_type=\"container\">\n\t\t\t\t<div class=\"elementor-element elementor-element-875d596 elementor-widget elementor-widget-heading\" data-id=\"875d596\" data-element_type=\"widget\" data-widget_type=\"heading.default\">\n\t\t\t\t\t<h2 class=\"elementor-heading-title elementor-size-default\">SERVICES DE GESTION DE COMPTES &amp; \u00c9PARGNE<\/h2>\t\t\t\t<\/div>\n\t\t\t\t<div class=\"elementor-element elementor-element-adbafbb elementor-widget elementor-widget-text-editor\" data-id=\"adbafbb\" data-element_type=\"widget\" data-widget_type=\"text-editor.default\">\n\t\t\t\t\t\t\t\t\t<p>Chez <strong>SOFEPAC s.a Microfinance<\/strong>, nous savons que <strong>bien g\u00e9rer son argent est la cl\u00e9 pour atteindre ses r\u00eaves et s\u00e9curiser son avenir<\/strong>. Nos services de gestion de comptes et d\u2019\u00e9pargne vous permettent de suivre, prot\u00e9ger et faire cro\u00eetre vos \u00e9conomies avec confiance.<\/p>\t\t\t\t\t\t\t\t<\/div>\n\t\t\t\t<\/div>\n\t\t\t\t\t<\/div>\n\t\t\t\t<\/div>\n\t\t<div class=\"elementor-element elementor-element-f2871f0 e-flex e-con-boxed e-con e-parent\" data-id=\"f2871f0\" data-element_type=\"container\">\n\t\t\t\t\t<div class=\"e-con-inner\">\n\t\t\t\t<div class=\"elementor-element elementor-element-1b2407d elementor-widget elementor-widget-text-editor\" data-id=\"1b2407d\" data-element_type=\"widget\" data-widget_type=\"text-editor.default\">\n\t\t\t\t\t\t\t\t\t<h3><strong>Gestion et suivi des comptes d\u2019\u00e9pargne<\/strong><\/h3><p>Votre argent est suivi en temps r\u00e9el et prot\u00e9g\u00e9 contre tout risque.<br \/><strong>Avantages cl\u00e9s :<\/strong><\/p><ul><li>Suivi complet de vos d\u00e9p\u00f4ts et retraits<\/li><li>Service client disponible pour toute assistance<\/li><li>Gestion facile et transparente de votre argent<\/li><\/ul><p><em>Avec SOFEPAC s.a Microfinance, votre \u00e9pargne n\u2019est jamais laiss\u00e9e au hasard : elle est s\u00e9curis\u00e9e et travaille pour vous, pas contre vous.<\/em><\/p><h3><strong>Conseils pour l\u2019\u00e9pargne et l\u2019investissement<\/strong><\/h3><p>Nos conseillers experts vous guident pour <strong>maximiser vos \u00e9conomies et planifier votre avenir financier<\/strong>.<br \/><strong>Ce que vous obtenez :<\/strong><\/p><ul><li>Orientation pour choisir la solution la mieux adapt\u00e9e \u00e0 vos besoins<\/li><li>Astuces pour augmenter vos gains et s\u00e9curiser vos projets<\/li><li>Strat\u00e9gies personnalis\u00e9es pour pr\u00e9parer des investissements r\u00e9ussis<\/li><\/ul><p><em>Avec la SOFEPAC s.a Microfinance, chaque franc \u00e9conomis\u00e9 est un pas vers vos objectifs et vos r\u00eaves.<\/em><\/p>\t\t\t\t\t\t\t\t<\/div>\n\t\t\t\t\t<\/div>\n\t\t\t\t<\/div>\n\t\t\t\t<\/div>\n\t\t","protected":false},"excerpt":{"rendered":"<p>Services de Gestion de Comptes &amp; \u00c9pargne SERVICES DE GESTION DE COMPTES &amp; \u00c9PARGNE Chez SOFEPAC s.a Microfinance, nous savons que bien g\u00e9rer son argent est la cl\u00e9 pour atteindre ses r\u00eaves et s\u00e9curiser son avenir. Nos services de gestion de comptes et d\u2019\u00e9pargne vous permettent de suivre, prot\u00e9ger et faire cro\u00eetre vos \u00e9conomies avec [&hellip;]<\/p>\n","protected":false},"author":1,"featured_media":0,"parent":315,"menu_order":0,"comment_status":"closed","ping_status":"closed","template":"","meta":{"ocean_post_layout":"","ocean_both_sidebars_style":"","ocean_both_sidebars_content_width":0,"ocean_both_sidebars_sidebars_width":0,"ocean_sidebar":"","ocean_second_sidebar":"","ocean_disable_margins":"enable","ocean_add_body_class":"","ocean_shortcode_before_top_bar":"","ocean_shortcode_after_top_bar":"","ocean_shortcode_before_header":"","ocean_shortcode_after_header":"","ocean_has_shortcode":"","ocean_shortcode_after_title":"","ocean_shortcode_before_footer_widgets":"","ocean_shortcode_after_footer_widgets":"","ocean_shortcode_before_footer_bottom":"","ocean_shortcode_after_footer_bottom":"","ocean_display_top_bar":"default","ocean_display_header":"default","ocean_header_style":"","ocean_center_header_left_menu":"","ocean_custom_header_template":"","ocean_custom_logo":0,"ocean_custom_retina_logo":0,"ocean_custom_logo_max_width":0,"ocean_custom_logo_tablet_max_width":0,"ocean_custom_logo_mobile_max_width":0,"ocean_custom_logo_max_height":0,"ocean_custom_logo_tablet_max_height":0,"ocean_custom_logo_mobile_max_height":0,"ocean_header_custom_menu":"","ocean_menu_typo_font_family":"","ocean_menu_typo_font_subset":"","ocean_menu_typo_font_size":0,"ocean_menu_typo_font_size_tablet":0,"ocean_menu_typo_font_size_mobile":0,"ocean_menu_typo_font_size_unit":"px","ocean_menu_typo_font_weight":"","ocean_menu_typo_font_weight_tablet":"","ocean_menu_typo_font_weight_mobile":"","ocean_menu_typo_transform":"","ocean_menu_typo_transform_tablet":"","ocean_menu_typo_transform_mobile":"","ocean_menu_typo_line_height":0,"ocean_menu_typo_line_height_tablet":0,"ocean_menu_typo_line_height_mobile":0,"ocean_menu_typo_line_height_unit":"","ocean_menu_typo_spacing":0,"ocean_menu_typo_spacing_tablet":0,"ocean_menu_typo_spacing_mobile":0,"ocean_menu_typo_spacing_unit":"","ocean_menu_link_color":"","ocean_menu_link_color_hover":"","ocean_menu_link_color_active":"","ocean_menu_link_background":"","ocean_menu_link_hover_background":"","ocean_menu_link_active_background":"","ocean_menu_social_links_bg":"","ocean_menu_social_hover_links_bg":"","ocean_menu_social_links_color":"","ocean_menu_social_hover_links_color":"","ocean_disable_title":"default","ocean_disable_heading":"default","ocean_post_title":"","ocean_post_subheading":"","ocean_post_title_style":"","ocean_post_title_background_color":"","ocean_post_title_background":0,"ocean_post_title_bg_image_position":"","ocean_post_title_bg_image_attachment":"","ocean_post_title_bg_image_repeat":"","ocean_post_title_bg_image_size":"","ocean_post_title_height":0,"ocean_post_title_bg_overlay":0.5,"ocean_post_title_bg_overlay_color":"","ocean_disable_breadcrumbs":"default","ocean_breadcrumbs_color":"","ocean_breadcrumbs_separator_color":"","ocean_breadcrumbs_links_color":"","ocean_breadcrumbs_links_hover_color":"","ocean_display_footer_widgets":"default","ocean_display_footer_bottom":"default","ocean_custom_footer_template":"","footnotes":""},"class_list":["post-893","page","type-page","status-publish","hentry","entry"],"_links":{"self":[{"href":"https:\/\/sofepac.bi\/index.php?rest_route=\/wp\/v2\/pages\/893","targetHints":{"allow":["GET"]}}],"collection":[{"href":"https:\/\/sofepac.bi\/index.php?rest_route=\/wp\/v2\/pages"}],"about":[{"href":"https:\/\/sofepac.bi\/index.php?rest_route=\/wp\/v2\/types\/page"}],"author":[{"embeddable":true,"href":"https:\/\/sofepac.bi\/index.php?rest_route=\/wp\/v2\/users\/1"}],"replies":[{"embeddable":true,"href":"https:\/\/sofepac.bi\/index.php?rest_route=%2Fwp%2Fv2%2Fcomments&post=893"}],"version-history":[{"count":13,"href":"https:\/\/sofepac.bi\/index.php?rest_route=\/wp\/v2\/pages\/893\/revisions"}],"predecessor-version":[{"id":1525,"href":"https:\/\/sofepac.bi\/index.php?rest_route=\/wp\/v2\/pages\/893\/revisions\/1525"}],"up":[{"embeddable":true,"href":"https:\/\/sofepac.bi\/index.php?rest_route=\/wp\/v2\/pages\/315"}],"wp:attachment":[{"href":"https:\/\/sofepac.bi\/index.php?rest_route=%2Fwp%2Fv2%2Fmedia&parent=893"}],"curies":[{"name":"wp","href":"https:\/\/api.w.org\/{rel}","templated":true}]}}