{"id":898,"date":"2025-11-29T11:04:42","date_gmt":"2025-11-29T11:04:42","guid":{"rendered":"http:\/\/localhost\/sofepac\/?page_id=898"},"modified":"2025-12-09T11:07:05","modified_gmt":"2025-12-09T11:07:05","slug":"services-daccompagnement-aux-credits","status":"publish","type":"page","link":"https:\/\/sofepac.bi\/?page_id=898","title":{"rendered":"Services d\u2019Accompagnement aux Cr\u00e9dits"},"content":{"rendered":"\t\t<div data-elementor-type=\"wp-page\" data-elementor-id=\"898\" class=\"elementor elementor-898\">\n\t\t\t\t<div class=\"elementor-element elementor-element-de255f8 e-flex e-con-boxed e-con e-parent\" data-id=\"de255f8\" data-element_type=\"container\" data-settings=\"{&quot;background_background&quot;:&quot;classic&quot;,&quot;shape_divider_bottom&quot;:&quot;tilt&quot;}\">\n\t\t\t\t\t<div class=\"e-con-inner\">\n\t\t\t\t<div class=\"elementor-shape elementor-shape-bottom\" aria-hidden=\"true\" data-negative=\"false\">\n\t\t\t<svg xmlns=\"http:\/\/www.w3.org\/2000\/svg\" viewBox=\"0 0 1000 100\" preserveAspectRatio=\"none\">\n\t<path class=\"elementor-shape-fill\" d=\"M0,6V0h1000v100L0,6z\"\/>\n<\/svg>\t\t<\/div>\n\t\t\t\t<div class=\"elementor-element elementor-element-fff2267 elementor-widget elementor-widget-heading\" data-id=\"fff2267\" data-element_type=\"widget\" data-widget_type=\"heading.default\">\n\t\t\t\t\t<h1 class=\"elementor-heading-title elementor-size-default\"><br>Services d\u2019Accompagnement aux Cr\u00e9dits<br><br><\/h1>\t\t\t\t<\/div>\n\t\t\t\t\t<\/div>\n\t\t\t\t<\/div>\n\t\t<div class=\"elementor-element elementor-element-88f379d e-flex e-con-boxed e-con e-parent\" data-id=\"88f379d\" data-element_type=\"container\">\n\t\t\t\t\t<div class=\"e-con-inner\">\n\t\t<div class=\"elementor-element elementor-element-f499dbc e-con-full e-flex e-con e-child\" data-id=\"f499dbc\" data-element_type=\"container\">\n\t\t\t\t<div class=\"elementor-element elementor-element-04f566f elementor-widget elementor-widget-image\" data-id=\"04f566f\" data-element_type=\"widget\" data-widget_type=\"image.default\">\n\t\t\t\t\t\t\t\t\t\t\t\t\t\t\t<img fetchpriority=\"high\" decoding=\"async\" width=\"683\" height=\"512\" src=\"https:\/\/sofepac.bi\/wp-content\/uploads\/2025\/11\/Image1.jpeg\" class=\"attachment-large size-large wp-image-123\" alt=\"\" \/>\t\t\t\t\t\t\t\t\t\t\t\t\t\t\t<\/div>\n\t\t\t\t<\/div>\n\t\t<div class=\"elementor-element elementor-element-2634fda e-con-full e-flex e-con e-child\" data-id=\"2634fda\" data-element_type=\"container\">\n\t\t\t\t<div class=\"elementor-element elementor-element-5d895af elementor-widget elementor-widget-heading\" data-id=\"5d895af\" data-element_type=\"widget\" data-widget_type=\"heading.default\">\n\t\t\t\t\t<h2 class=\"elementor-heading-title elementor-size-default\">SERVICES D\u2019ACCOMPAGNEMENT AUX CREDITS<\/h2>\t\t\t\t<\/div>\n\t\t\t\t<div class=\"elementor-element elementor-element-ddb5bf4 elementor-widget elementor-widget-text-editor\" data-id=\"ddb5bf4\" data-element_type=\"widget\" data-widget_type=\"text-editor.default\">\n\t\t\t\t\t\t\t\t\t<p>Chez <strong>SOFEPAC s.a Microfinance<\/strong>, nous croyons que <strong>chaque projet m\u00e9rite un financement adapt\u00e9 et un suivi personnalis\u00e9<\/strong>. Nous sommes \u00e0 vos c\u00f4t\u00e9s \u00e0 chaque \u00e9tape pour vous aider \u00e0 r\u00e9ussir.<\/p>\t\t\t\t\t\t\t\t<\/div>\n\t\t\t\t<\/div>\n\t\t\t\t\t<\/div>\n\t\t\t\t<\/div>\n\t\t<div class=\"elementor-element elementor-element-c1397f9 e-flex e-con-boxed e-con e-parent\" data-id=\"c1397f9\" data-element_type=\"container\">\n\t\t\t\t\t<div class=\"e-con-inner\">\n\t\t\t\t<div class=\"elementor-element elementor-element-f84c62e elementor-widget elementor-widget-text-editor\" data-id=\"f84c62e\" data-element_type=\"widget\" data-widget_type=\"text-editor.default\">\n\t\t\t\t\t\t\t\t\t<h3><strong>Conseil et accompagnement dans la demande de cr\u00e9dit<\/strong><\/h3>\n<p>Nous vous aidons \u00e0 choisir <strong>le cr\u00e9dit id\u00e9al pour votre projet<\/strong>, qu\u2019il s\u2019agisse d\u2019un investissement, d\u2019une activit\u00e9 commerciale ou de besoins personnels.<br><strong>Avantages :<\/strong><\/p>\n<ul>\n<li>Choix du produit adapt\u00e9 \u00e0 votre situation<\/li>\n<li>Explication claire des conditions et modalit\u00e9s<\/li>\n<li>Accompagnement complet dans le processus de demande<\/li>\n<\/ul>\n<p><em>Avec SOFEPAC s.a Microfinance, vous ne demandez pas un cr\u00e9dit seul : nous marchons avec vous jusqu\u2019au succ\u00e8s.<\/em><\/p>\n<h3><strong>Planification du remboursement<\/strong><\/h3>\n<p>Nous cr\u00e9ons un <strong>plan de remboursement simple, clair et flexible<\/strong>, adapt\u00e9 \u00e0 vos revenus et \u00e0 votre projet.<br><strong>Ce que vous gagnez :<\/strong><\/p>\n<ul>\n<li>S\u00e9r\u00e9nit\u00e9 financi\u00e8re gr\u00e2ce \u00e0 des \u00e9ch\u00e9ances adapt\u00e9es<\/li>\n<li>Meilleure organisation de vos finances personnelles ou professionnelles<\/li>\n<li>R\u00e9duction du stress li\u00e9 aux obligations financi\u00e8res<\/li>\n<\/ul>\n<p><em>Avec&nbsp;<\/em><span style=\"font-size: 14px;\">la&nbsp;<\/span><em style=\"font-size: 14px;\">SOFEPAC s.a Microfinance, rembourser votre cr\u00e9dit devient un geste simple et contr\u00f4l\u00e9.<\/em><\/p>\n<h3><strong>Suivi et accompagnement des projets financ\u00e9s<\/strong><\/h3>\n<p>Nous restons \u00e0 vos c\u00f4t\u00e9s pendant toute la dur\u00e9e du projet pour garantir <strong>sa r\u00e9ussite et sa rentabilit\u00e9<\/strong>.<br><strong>Avantages :<\/strong><\/p>\n<ul>\n<li>Assistance r\u00e9guli\u00e8re et personnalis\u00e9e<\/li>\n<li>Conseils pour optimiser l\u2019usage du cr\u00e9dit<\/li>\n<li>Suivi des performances et r\u00e9sultats du projet<\/li>\n<\/ul>\n<p><em>Avec SOFEPAC s.a Microfinance, votre succ\u00e8s est notre priorit\u00e9 : nous investissons dans vos id\u00e9es autant que vous.<\/em><\/p>\n<h3><strong>S\u00e9curisation et encadrement des remboursements<\/strong><\/h3>\n<p>Nous vous aidons \u00e0 <strong>assurer une gestion saine et responsable<\/strong> de vos cr\u00e9dits.<br><strong>Pourquoi c\u2019est important :<\/strong><\/p>\n<ul>\n<li>\u00c9viter les retards ou incidents de paiement<\/li>\n<li>Maintenir une bonne sant\u00e9 financi\u00e8re<\/li>\n<li>Cr\u00e9er un historique solide pour vos futurs cr\u00e9dits<\/li>\n<\/ul>\n<p><em>Avec&nbsp;<\/em><span style=\"font-size: 14px;\">la&nbsp;<\/span><em style=\"font-size: 14px;\">SOFEPAC s.a Microfinance, chaque remboursement devient un pas de plus vers la confiance et la libert\u00e9 financi\u00e8re.<\/em><\/p>\t\t\t\t\t\t\t\t<\/div>\n\t\t\t\t\t<\/div>\n\t\t\t\t<\/div>\n\t\t\t\t<\/div>\n\t\t","protected":false},"excerpt":{"rendered":"<p>Services d\u2019Accompagnement aux Cr\u00e9dits SERVICES D\u2019ACCOMPAGNEMENT AUX CREDITS Chez SOFEPAC s.a Microfinance, nous croyons que chaque projet m\u00e9rite un financement adapt\u00e9 et un suivi personnalis\u00e9. Nous sommes \u00e0 vos c\u00f4t\u00e9s \u00e0 chaque \u00e9tape pour vous aider \u00e0 r\u00e9ussir. Conseil et accompagnement dans la demande de cr\u00e9dit Nous vous aidons \u00e0 choisir le cr\u00e9dit id\u00e9al pour [&hellip;]<\/p>\n","protected":false},"author":1,"featured_media":0,"parent":315,"menu_order":0,"comment_status":"closed","ping_status":"closed","template":"","meta":{"ocean_post_layout":"","ocean_both_sidebars_style":"","ocean_both_sidebars_content_width":0,"ocean_both_sidebars_sidebars_width":0,"ocean_sidebar":"","ocean_second_sidebar":"","ocean_disable_margins":"enable","ocean_add_body_class":"","ocean_shortcode_before_top_bar":"","ocean_shortcode_after_top_bar":"","ocean_shortcode_before_header":"","ocean_shortcode_after_header":"","ocean_has_shortcode":"","ocean_shortcode_after_title":"","ocean_shortcode_before_footer_widgets":"","ocean_shortcode_after_footer_widgets":"","ocean_shortcode_before_footer_bottom":"","ocean_shortcode_after_footer_bottom":"","ocean_display_top_bar":"default","ocean_display_header":"default","ocean_header_style":"","ocean_center_header_left_menu":"","ocean_custom_header_template":"","ocean_custom_logo":0,"ocean_custom_retina_logo":0,"ocean_custom_logo_max_width":0,"ocean_custom_logo_tablet_max_width":0,"ocean_custom_logo_mobile_max_width":0,"ocean_custom_logo_max_height":0,"ocean_custom_logo_tablet_max_height":0,"ocean_custom_logo_mobile_max_height":0,"ocean_header_custom_menu":"","ocean_menu_typo_font_family":"","ocean_menu_typo_font_subset":"","ocean_menu_typo_font_size":0,"ocean_menu_typo_font_size_tablet":0,"ocean_menu_typo_font_size_mobile":0,"ocean_menu_typo_font_size_unit":"px","ocean_menu_typo_font_weight":"","ocean_menu_typo_font_weight_tablet":"","ocean_menu_typo_font_weight_mobile":"","ocean_menu_typo_transform":"","ocean_menu_typo_transform_tablet":"","ocean_menu_typo_transform_mobile":"","ocean_menu_typo_line_height":0,"ocean_menu_typo_line_height_tablet":0,"ocean_menu_typo_line_height_mobile":0,"ocean_menu_typo_line_height_unit":"","ocean_menu_typo_spacing":0,"ocean_menu_typo_spacing_tablet":0,"ocean_menu_typo_spacing_mobile":0,"ocean_menu_typo_spacing_unit":"","ocean_menu_link_color":"","ocean_menu_link_color_hover":"","ocean_menu_link_color_active":"","ocean_menu_link_background":"","ocean_menu_link_hover_background":"","ocean_menu_link_active_background":"","ocean_menu_social_links_bg":"","ocean_menu_social_hover_links_bg":"","ocean_menu_social_links_color":"","ocean_menu_social_hover_links_color":"","ocean_disable_title":"default","ocean_disable_heading":"default","ocean_post_title":"","ocean_post_subheading":"","ocean_post_title_style":"","ocean_post_title_background_color":"","ocean_post_title_background":0,"ocean_post_title_bg_image_position":"","ocean_post_title_bg_image_attachment":"","ocean_post_title_bg_image_repeat":"","ocean_post_title_bg_image_size":"","ocean_post_title_height":0,"ocean_post_title_bg_overlay":0.5,"ocean_post_title_bg_overlay_color":"","ocean_disable_breadcrumbs":"default","ocean_breadcrumbs_color":"","ocean_breadcrumbs_separator_color":"","ocean_breadcrumbs_links_color":"","ocean_breadcrumbs_links_hover_color":"","ocean_display_footer_widgets":"default","ocean_display_footer_bottom":"default","ocean_custom_footer_template":"","footnotes":""},"class_list":["post-898","page","type-page","status-publish","hentry","entry"],"_links":{"self":[{"href":"https:\/\/sofepac.bi\/index.php?rest_route=\/wp\/v2\/pages\/898","targetHints":{"allow":["GET"]}}],"collection":[{"href":"https:\/\/sofepac.bi\/index.php?rest_route=\/wp\/v2\/pages"}],"about":[{"href":"https:\/\/sofepac.bi\/index.php?rest_route=\/wp\/v2\/types\/page"}],"author":[{"embeddable":true,"href":"https:\/\/sofepac.bi\/index.php?rest_route=\/wp\/v2\/users\/1"}],"replies":[{"embeddable":true,"href":"https:\/\/sofepac.bi\/index.php?rest_route=%2Fwp%2Fv2%2Fcomments&post=898"}],"version-history":[{"count":16,"href":"https:\/\/sofepac.bi\/index.php?rest_route=\/wp\/v2\/pages\/898\/revisions"}],"predecessor-version":[{"id":1513,"href":"https:\/\/sofepac.bi\/index.php?rest_route=\/wp\/v2\/pages\/898\/revisions\/1513"}],"up":[{"embeddable":true,"href":"https:\/\/sofepac.bi\/index.php?rest_route=\/wp\/v2\/pages\/315"}],"wp:attachment":[{"href":"https:\/\/sofepac.bi\/index.php?rest_route=%2Fwp%2Fv2%2Fmedia&parent=898"}],"curies":[{"name":"wp","href":"https:\/\/api.w.org\/{rel}","templated":true}]}}