{"id":904,"date":"2025-11-29T11:08:49","date_gmt":"2025-11-29T11:08:49","guid":{"rendered":"http:\/\/localhost\/sofepac\/?page_id=904"},"modified":"2025-12-09T11:08:03","modified_gmt":"2025-12-09T11:08:03","slug":"services-de-formation-developpement","status":"publish","type":"page","link":"https:\/\/sofepac.bi\/?page_id=904","title":{"rendered":"Services de Formation &amp; D\u00e9veloppement"},"content":{"rendered":"\t\t<div data-elementor-type=\"wp-page\" data-elementor-id=\"904\" class=\"elementor elementor-904\">\n\t\t\t\t<div class=\"elementor-element elementor-element-d8173a1 e-flex e-con-boxed e-con e-parent\" data-id=\"d8173a1\" data-element_type=\"container\" data-settings=\"{&quot;background_background&quot;:&quot;classic&quot;,&quot;shape_divider_bottom&quot;:&quot;tilt&quot;}\">\n\t\t\t\t\t<div class=\"e-con-inner\">\n\t\t\t\t<div class=\"elementor-shape elementor-shape-bottom\" aria-hidden=\"true\" data-negative=\"false\">\n\t\t\t<svg xmlns=\"http:\/\/www.w3.org\/2000\/svg\" viewBox=\"0 0 1000 100\" preserveAspectRatio=\"none\">\n\t<path class=\"elementor-shape-fill\" d=\"M0,6V0h1000v100L0,6z\"\/>\n<\/svg>\t\t<\/div>\n\t\t\t\t<div class=\"elementor-element elementor-element-5a2536c elementor-widget elementor-widget-heading\" data-id=\"5a2536c\" data-element_type=\"widget\" data-widget_type=\"heading.default\">\n\t\t\t\t\t<h1 class=\"elementor-heading-title elementor-size-default\"><br>Services de Formation &amp; D\u00e9veloppement<br><br><\/h1>\t\t\t\t<\/div>\n\t\t\t\t\t<\/div>\n\t\t\t\t<\/div>\n\t\t<div class=\"elementor-element elementor-element-174ec24 e-flex e-con-boxed e-con e-parent\" data-id=\"174ec24\" data-element_type=\"container\">\n\t\t\t\t\t<div class=\"e-con-inner\">\n\t\t<div class=\"elementor-element elementor-element-4e5c126 e-con-full e-flex e-con e-child\" data-id=\"4e5c126\" data-element_type=\"container\">\n\t\t\t\t<div class=\"elementor-element elementor-element-62a8d07 elementor-widget elementor-widget-image\" data-id=\"62a8d07\" data-element_type=\"widget\" data-widget_type=\"image.default\">\n\t\t\t\t\t\t\t\t\t\t\t\t\t\t\t<img fetchpriority=\"high\" decoding=\"async\" width=\"683\" height=\"512\" src=\"https:\/\/sofepac.bi\/wp-content\/uploads\/2025\/11\/Image1.jpeg\" class=\"attachment-large size-large wp-image-123\" alt=\"\" \/>\t\t\t\t\t\t\t\t\t\t\t\t\t\t\t<\/div>\n\t\t\t\t<\/div>\n\t\t<div class=\"elementor-element elementor-element-afd0910 e-con-full e-flex e-con e-child\" data-id=\"afd0910\" data-element_type=\"container\">\n\t\t\t\t<div class=\"elementor-element elementor-element-2b80e5c elementor-widget elementor-widget-heading\" data-id=\"2b80e5c\" data-element_type=\"widget\" data-widget_type=\"heading.default\">\n\t\t\t\t\t<h2 class=\"elementor-heading-title elementor-size-default\">SERVICES DE FORMATION &amp; DEVELOPPEMENT<\/h2>\t\t\t\t<\/div>\n\t\t\t\t<div class=\"elementor-element elementor-element-2dd5d75 elementor-widget elementor-widget-text-editor\" data-id=\"2dd5d75\" data-element_type=\"widget\" data-widget_type=\"text-editor.default\">\n\t\t\t\t\t\t\t\t\t<p>Chez <strong>SOFEPAC s.a Microfinance<\/strong>, nous croyons fermement que <strong>la connaissance et les comp\u00e9tences sont des cl\u00e9s essentielles pour r\u00e9ussir<\/strong>. Nos services de formation et de d\u00e9veloppement vous permettent de renforcer vos capacit\u00e9s, am\u00e9liorer vos projets et mieux g\u00e9rer vos finances.<\/p>\t\t\t\t\t\t\t\t<\/div>\n\t\t\t\t<\/div>\n\t\t\t\t\t<\/div>\n\t\t\t\t<\/div>\n\t\t<div class=\"elementor-element elementor-element-73cb58b e-flex e-con-boxed e-con e-parent\" data-id=\"73cb58b\" data-element_type=\"container\">\n\t\t\t\t\t<div class=\"e-con-inner\">\n\t\t\t\t<div class=\"elementor-element elementor-element-06a8bbb elementor-widget elementor-widget-text-editor\" data-id=\"06a8bbb\" data-element_type=\"widget\" data-widget_type=\"text-editor.default\">\n\t\t\t\t\t\t\t\t\t<h3><strong>Formation entrepreneuriale<\/strong><\/h3><p>Apprenez \u00e0 g\u00e9rer, d\u00e9velopper et faire prosp\u00e9rer votre entreprise gr\u00e2ce \u00e0 des modules pratiques et adapt\u00e9s \u00e0 votre profil.<br \/><strong>Avantages :<\/strong><\/p><ul><li>Techniques de gestion et planification d\u2019entreprise<\/li><li>Strat\u00e9gies pour augmenter vos ventes et votre productivit\u00e9<\/li><li>Conseils pour am\u00e9liorer votre rentabilit\u00e9 et votre comp\u00e9titivit\u00e9<\/li><\/ul><p><em>Avec la SOFEPAC s.a Microfinance, vous transformez vos id\u00e9es en projets concrets et durables.<\/em><\/p><h3><strong>Formation financi\u00e8re<\/strong><\/h3><p>Comprenez vos finances, ma\u00eetrisez vos d\u00e9penses et optimisez vos revenus pour mieux construire votre avenir.<br \/><strong>Ce que vous gagnez :<\/strong><\/p><ul><li>Savoir g\u00e9rer un budget efficacement<\/li><li>Comprendre les produits financiers et leur fonctionnement<\/li><li>D\u00e9velopper des habitudes financi\u00e8res saines et responsables<\/li><\/ul><p><em>Avec SOFEPAC s.a Microfinance, vos d\u00e9cisions financi\u00e8res deviennent \u00e9clair\u00e9es et puissantes.<\/em><\/p><h3><strong>Sensibilisation \u00e0 l\u2019\u00e9pargne et \u00e0 la gestion financi\u00e8re<\/strong><\/h3><p>Nous vous aidons \u00e0 adopter de bonnes pratiques pour s\u00e9curiser votre argent et maximiser vos gains.<br \/><strong>Avantages :<\/strong><\/p><ul><li>\u00c9ducation financi\u00e8re adapt\u00e9e \u00e0 tous les \u00e2ges<\/li><li>Techniques simples pour \u00e9conomiser et investir<\/li><li>Accompagnement pour cr\u00e9er des habitudes financi\u00e8res solides<\/li><\/ul><p><em>Avec la SOFEPAC s.a Microfinance, \u00e9pargner et g\u00e9rer son argent devient naturel et motivant.<\/em><\/p>\t\t\t\t\t\t\t\t<\/div>\n\t\t\t\t\t<\/div>\n\t\t\t\t<\/div>\n\t\t\t\t<\/div>\n\t\t","protected":false},"excerpt":{"rendered":"<p>Services de Formation &amp; D\u00e9veloppement SERVICES DE FORMATION &amp; DEVELOPPEMENT Chez SOFEPAC s.a Microfinance, nous croyons fermement que la connaissance et les comp\u00e9tences sont des cl\u00e9s essentielles pour r\u00e9ussir. Nos services de formation et de d\u00e9veloppement vous permettent de renforcer vos capacit\u00e9s, am\u00e9liorer vos projets et mieux g\u00e9rer vos finances. Formation entrepreneuriale Apprenez \u00e0 g\u00e9rer, [&hellip;]<\/p>\n","protected":false},"author":1,"featured_media":0,"parent":315,"menu_order":0,"comment_status":"closed","ping_status":"closed","template":"","meta":{"ocean_post_layout":"","ocean_both_sidebars_style":"","ocean_both_sidebars_content_width":0,"ocean_both_sidebars_sidebars_width":0,"ocean_sidebar":"","ocean_second_sidebar":"","ocean_disable_margins":"enable","ocean_add_body_class":"","ocean_shortcode_before_top_bar":"","ocean_shortcode_after_top_bar":"","ocean_shortcode_before_header":"","ocean_shortcode_after_header":"","ocean_has_shortcode":"","ocean_shortcode_after_title":"","ocean_shortcode_before_footer_widgets":"","ocean_shortcode_after_footer_widgets":"","ocean_shortcode_before_footer_bottom":"","ocean_shortcode_after_footer_bottom":"","ocean_display_top_bar":"default","ocean_display_header":"default","ocean_header_style":"","ocean_center_header_left_menu":"","ocean_custom_header_template":"","ocean_custom_logo":0,"ocean_custom_retina_logo":0,"ocean_custom_logo_max_width":0,"ocean_custom_logo_tablet_max_width":0,"ocean_custom_logo_mobile_max_width":0,"ocean_custom_logo_max_height":0,"ocean_custom_logo_tablet_max_height":0,"ocean_custom_logo_mobile_max_height":0,"ocean_header_custom_menu":"","ocean_menu_typo_font_family":"","ocean_menu_typo_font_subset":"","ocean_menu_typo_font_size":0,"ocean_menu_typo_font_size_tablet":0,"ocean_menu_typo_font_size_mobile":0,"ocean_menu_typo_font_size_unit":"px","ocean_menu_typo_font_weight":"","ocean_menu_typo_font_weight_tablet":"","ocean_menu_typo_font_weight_mobile":"","ocean_menu_typo_transform":"","ocean_menu_typo_transform_tablet":"","ocean_menu_typo_transform_mobile":"","ocean_menu_typo_line_height":0,"ocean_menu_typo_line_height_tablet":0,"ocean_menu_typo_line_height_mobile":0,"ocean_menu_typo_line_height_unit":"","ocean_menu_typo_spacing":0,"ocean_menu_typo_spacing_tablet":0,"ocean_menu_typo_spacing_mobile":0,"ocean_menu_typo_spacing_unit":"","ocean_menu_link_color":"","ocean_menu_link_color_hover":"","ocean_menu_link_color_active":"","ocean_menu_link_background":"","ocean_menu_link_hover_background":"","ocean_menu_link_active_background":"","ocean_menu_social_links_bg":"","ocean_menu_social_hover_links_bg":"","ocean_menu_social_links_color":"","ocean_menu_social_hover_links_color":"","ocean_disable_title":"default","ocean_disable_heading":"default","ocean_post_title":"","ocean_post_subheading":"","ocean_post_title_style":"","ocean_post_title_background_color":"","ocean_post_title_background":0,"ocean_post_title_bg_image_position":"","ocean_post_title_bg_image_attachment":"","ocean_post_title_bg_image_repeat":"","ocean_post_title_bg_image_size":"","ocean_post_title_height":0,"ocean_post_title_bg_overlay":0.5,"ocean_post_title_bg_overlay_color":"","ocean_disable_breadcrumbs":"default","ocean_breadcrumbs_color":"","ocean_breadcrumbs_separator_color":"","ocean_breadcrumbs_links_color":"","ocean_breadcrumbs_links_hover_color":"","ocean_display_footer_widgets":"default","ocean_display_footer_bottom":"default","ocean_custom_footer_template":"","footnotes":""},"class_list":["post-904","page","type-page","status-publish","hentry","entry"],"_links":{"self":[{"href":"https:\/\/sofepac.bi\/index.php?rest_route=\/wp\/v2\/pages\/904","targetHints":{"allow":["GET"]}}],"collection":[{"href":"https:\/\/sofepac.bi\/index.php?rest_route=\/wp\/v2\/pages"}],"about":[{"href":"https:\/\/sofepac.bi\/index.php?rest_route=\/wp\/v2\/types\/page"}],"author":[{"embeddable":true,"href":"https:\/\/sofepac.bi\/index.php?rest_route=\/wp\/v2\/users\/1"}],"replies":[{"embeddable":true,"href":"https:\/\/sofepac.bi\/index.php?rest_route=%2Fwp%2Fv2%2Fcomments&post=904"}],"version-history":[{"count":13,"href":"https:\/\/sofepac.bi\/index.php?rest_route=\/wp\/v2\/pages\/904\/revisions"}],"predecessor-version":[{"id":1519,"href":"https:\/\/sofepac.bi\/index.php?rest_route=\/wp\/v2\/pages\/904\/revisions\/1519"}],"up":[{"embeddable":true,"href":"https:\/\/sofepac.bi\/index.php?rest_route=\/wp\/v2\/pages\/315"}],"wp:attachment":[{"href":"https:\/\/sofepac.bi\/index.php?rest_route=%2Fwp%2Fv2%2Fmedia&parent=904"}],"curies":[{"name":"wp","href":"https:\/\/api.w.org\/{rel}","templated":true}]}}