{"id":909,"date":"2025-11-29T11:13:08","date_gmt":"2025-11-29T11:13:08","guid":{"rendered":"http:\/\/localhost\/sofepac\/?page_id=909"},"modified":"2025-12-09T11:07:42","modified_gmt":"2025-12-09T11:07:42","slug":"services-dassistance-accompagnement-social","status":"publish","type":"page","link":"https:\/\/sofepac.bi\/?page_id=909","title":{"rendered":"Services d\u2019Assistance &amp; Accompagnement Social"},"content":{"rendered":"\t\t<div data-elementor-type=\"wp-page\" data-elementor-id=\"909\" class=\"elementor elementor-909\">\n\t\t\t\t<div class=\"elementor-element elementor-element-1734d56 e-flex e-con-boxed e-con e-parent\" data-id=\"1734d56\" data-element_type=\"container\" data-settings=\"{&quot;background_background&quot;:&quot;classic&quot;,&quot;shape_divider_bottom&quot;:&quot;tilt&quot;}\">\n\t\t\t\t\t<div class=\"e-con-inner\">\n\t\t\t\t<div class=\"elementor-shape elementor-shape-bottom\" aria-hidden=\"true\" data-negative=\"false\">\n\t\t\t<svg xmlns=\"http:\/\/www.w3.org\/2000\/svg\" viewBox=\"0 0 1000 100\" preserveAspectRatio=\"none\">\n\t<path class=\"elementor-shape-fill\" d=\"M0,6V0h1000v100L0,6z\"\/>\n<\/svg>\t\t<\/div>\n\t\t\t\t<div class=\"elementor-element elementor-element-278106f elementor-widget elementor-widget-heading\" data-id=\"278106f\" data-element_type=\"widget\" data-widget_type=\"heading.default\">\n\t\t\t\t\t<h1 class=\"elementor-heading-title elementor-size-default\"><br>Services d\u2019Assistance &amp; Accompagnement Social<br><br><\/h1>\t\t\t\t<\/div>\n\t\t\t\t\t<\/div>\n\t\t\t\t<\/div>\n\t\t<div class=\"elementor-element elementor-element-8e0bf8a e-flex e-con-boxed e-con e-parent\" data-id=\"8e0bf8a\" data-element_type=\"container\">\n\t\t\t\t\t<div class=\"e-con-inner\">\n\t\t<div class=\"elementor-element elementor-element-09e02cf e-con-full e-flex e-con e-child\" data-id=\"09e02cf\" data-element_type=\"container\">\n\t\t\t\t<div class=\"elementor-element elementor-element-9d00c63 elementor-widget elementor-widget-image\" data-id=\"9d00c63\" data-element_type=\"widget\" data-widget_type=\"image.default\">\n\t\t\t\t\t\t\t\t\t\t\t\t\t\t\t<img fetchpriority=\"high\" decoding=\"async\" width=\"683\" height=\"512\" src=\"https:\/\/sofepac.bi\/wp-content\/uploads\/2025\/11\/Image1.jpeg\" class=\"attachment-large size-large wp-image-123\" alt=\"\" \/>\t\t\t\t\t\t\t\t\t\t\t\t\t\t\t<\/div>\n\t\t\t\t<\/div>\n\t\t<div class=\"elementor-element elementor-element-a1a33e6 e-con-full e-flex e-con e-child\" data-id=\"a1a33e6\" data-element_type=\"container\">\n\t\t\t\t<div class=\"elementor-element elementor-element-a23ac73 elementor-widget elementor-widget-heading\" data-id=\"a23ac73\" data-element_type=\"widget\" data-widget_type=\"heading.default\">\n\t\t\t\t\t<h2 class=\"elementor-heading-title elementor-size-default\">SERVICES D\u2019ASSISTANCE &amp; ACCOMPAGNEMENT SOCIAL<\/h2>\t\t\t\t<\/div>\n\t\t\t\t<div class=\"elementor-element elementor-element-a1e8334 elementor-widget elementor-widget-text-editor\" data-id=\"a1e8334\" data-element_type=\"widget\" data-widget_type=\"text-editor.default\">\n\t\t\t\t\t\t\t\t\t<p>La vie r\u00e9serve parfois des impr\u00e9vus. Chez <strong>SOFEPAC s.a Microfinance<\/strong>, nous sommes \u00e0 vos c\u00f4t\u00e9s pour vous soutenir dans toutes les situations, financi\u00e8res ou personnelles.<\/p>\t\t\t\t\t\t\t\t<\/div>\n\t\t\t\t<\/div>\n\t\t\t\t\t<\/div>\n\t\t\t\t<\/div>\n\t\t<div class=\"elementor-element elementor-element-86e4818 e-flex e-con-boxed e-con e-parent\" data-id=\"86e4818\" data-element_type=\"container\">\n\t\t\t\t\t<div class=\"e-con-inner\">\n\t\t\t\t<div class=\"elementor-element elementor-element-06d49e8 elementor-widget elementor-widget-text-editor\" data-id=\"06d49e8\" data-element_type=\"widget\" data-widget_type=\"text-editor.default\">\n\t\t\t\t\t\t\t\t\t<h3><strong>Assistance en cas de probl\u00e8me financier<\/strong><\/h3>\n<p>Nous vous aidons \u00e0 trouver des solutions adapt\u00e9es \u00e0 votre situation.<br><strong>Avantages :<\/strong><\/p>\n<ul>\n<li>Analyse personnalis\u00e9e de votre situation<\/li>\n<li>Conseils pratiques et rapides pour g\u00e9rer les urgences<\/li>\n<li>Accompagnement pour \u00e9viter les probl\u00e8mes r\u00e9currents<\/li>\n<\/ul>\n<p><em>Avec&nbsp;<\/em><span style=\"font-size: 14px;\">la&nbsp;<\/span><em style=\"font-size: 14px;\">SOFEPAC s.a Microfinance, vous n\u2019\u00eates jamais seul face aux difficult\u00e9s.<\/em><\/p>\n<h3><strong>Accompagnement des projets agricoles, commerciaux ou artisanaux<\/strong><\/h3>\n<p>Nous soutenons vos initiatives et vous aidons \u00e0 atteindre vos objectifs de mani\u00e8re efficace et rentable.<br><strong>Ce que cela apporte :<\/strong><\/p>\n<ul>\n<li>Appui technique et strat\u00e9gique pour vos activit\u00e9s<\/li>\n<li>Conseils pour am\u00e9liorer votre productivit\u00e9 et vos profits<\/li>\n<li>Suivi personnalis\u00e9 pour s\u00e9curiser et d\u00e9velopper vos projets<\/li>\n<\/ul>\n<p><em>Avec&nbsp;<\/em><span style=\"font-size: 14px;\">la<\/span><em style=\"font-size: 14px;\">&nbsp;SOFEPAC s.a Microfinance, vos projets prennent vie et se transforment en succ\u00e8s.<\/em><\/p>\n<h3><strong>Aide en cas d\u2019urgence ou impr\u00e9vu<\/strong><\/h3>\n<p>Nous restons \u00e0 vos c\u00f4t\u00e9s m\u00eame lorsque la vie r\u00e9serve des surprises inattendues.<br><strong>Pourquoi c\u2019est essentiel :<\/strong><\/p>\n<ul>\n<li>R\u00e9activit\u00e9 imm\u00e9diate face aux situations critiques<\/li>\n<li>Solutions adapt\u00e9es pour prot\u00e9ger votre famille et vos biens<\/li>\n<li>Soutien financier et pratique pour surmonter les difficult\u00e9s<\/li>\n<\/ul>\n<p><em>Avec&nbsp;<\/em><span style=\"font-size: 14px;\">la<\/span><em style=\"font-size: 14px;\">&nbsp;SOFEPAC s.a Microfinance, chaque impr\u00e9vu devient g\u00e9rable et chaque obstacle surmontable.<\/em><\/p>\t\t\t\t\t\t\t\t<\/div>\n\t\t\t\t\t<\/div>\n\t\t\t\t<\/div>\n\t\t\t\t<\/div>\n\t\t","protected":false},"excerpt":{"rendered":"<p>Services d\u2019Assistance &amp; Accompagnement Social SERVICES D\u2019ASSISTANCE &amp; ACCOMPAGNEMENT SOCIAL La vie r\u00e9serve parfois des impr\u00e9vus. Chez SOFEPAC s.a Microfinance, nous sommes \u00e0 vos c\u00f4t\u00e9s pour vous soutenir dans toutes les situations, financi\u00e8res ou personnelles. Assistance en cas de probl\u00e8me financier Nous vous aidons \u00e0 trouver des solutions adapt\u00e9es \u00e0 votre situation.Avantages : Analyse personnalis\u00e9e [&hellip;]<\/p>\n","protected":false},"author":1,"featured_media":0,"parent":315,"menu_order":0,"comment_status":"closed","ping_status":"closed","template":"","meta":{"ocean_post_layout":"","ocean_both_sidebars_style":"","ocean_both_sidebars_content_width":0,"ocean_both_sidebars_sidebars_width":0,"ocean_sidebar":"","ocean_second_sidebar":"","ocean_disable_margins":"enable","ocean_add_body_class":"","ocean_shortcode_before_top_bar":"","ocean_shortcode_after_top_bar":"","ocean_shortcode_before_header":"","ocean_shortcode_after_header":"","ocean_has_shortcode":"","ocean_shortcode_after_title":"","ocean_shortcode_before_footer_widgets":"","ocean_shortcode_after_footer_widgets":"","ocean_shortcode_before_footer_bottom":"","ocean_shortcode_after_footer_bottom":"","ocean_display_top_bar":"default","ocean_display_header":"default","ocean_header_style":"","ocean_center_header_left_menu":"","ocean_custom_header_template":"","ocean_custom_logo":0,"ocean_custom_retina_logo":0,"ocean_custom_logo_max_width":0,"ocean_custom_logo_tablet_max_width":0,"ocean_custom_logo_mobile_max_width":0,"ocean_custom_logo_max_height":0,"ocean_custom_logo_tablet_max_height":0,"ocean_custom_logo_mobile_max_height":0,"ocean_header_custom_menu":"","ocean_menu_typo_font_family":"","ocean_menu_typo_font_subset":"","ocean_menu_typo_font_size":0,"ocean_menu_typo_font_size_tablet":0,"ocean_menu_typo_font_size_mobile":0,"ocean_menu_typo_font_size_unit":"px","ocean_menu_typo_font_weight":"","ocean_menu_typo_font_weight_tablet":"","ocean_menu_typo_font_weight_mobile":"","ocean_menu_typo_transform":"","ocean_menu_typo_transform_tablet":"","ocean_menu_typo_transform_mobile":"","ocean_menu_typo_line_height":0,"ocean_menu_typo_line_height_tablet":0,"ocean_menu_typo_line_height_mobile":0,"ocean_menu_typo_line_height_unit":"","ocean_menu_typo_spacing":0,"ocean_menu_typo_spacing_tablet":0,"ocean_menu_typo_spacing_mobile":0,"ocean_menu_typo_spacing_unit":"","ocean_menu_link_color":"","ocean_menu_link_color_hover":"","ocean_menu_link_color_active":"","ocean_menu_link_background":"","ocean_menu_link_hover_background":"","ocean_menu_link_active_background":"","ocean_menu_social_links_bg":"","ocean_menu_social_hover_links_bg":"","ocean_menu_social_links_color":"","ocean_menu_social_hover_links_color":"","ocean_disable_title":"default","ocean_disable_heading":"default","ocean_post_title":"","ocean_post_subheading":"","ocean_post_title_style":"","ocean_post_title_background_color":"","ocean_post_title_background":0,"ocean_post_title_bg_image_position":"","ocean_post_title_bg_image_attachment":"","ocean_post_title_bg_image_repeat":"","ocean_post_title_bg_image_size":"","ocean_post_title_height":0,"ocean_post_title_bg_overlay":0.5,"ocean_post_title_bg_overlay_color":"","ocean_disable_breadcrumbs":"default","ocean_breadcrumbs_color":"","ocean_breadcrumbs_separator_color":"","ocean_breadcrumbs_links_color":"","ocean_breadcrumbs_links_hover_color":"","ocean_display_footer_widgets":"default","ocean_display_footer_bottom":"default","ocean_custom_footer_template":"","footnotes":""},"class_list":["post-909","page","type-page","status-publish","hentry","entry"],"_links":{"self":[{"href":"https:\/\/sofepac.bi\/index.php?rest_route=\/wp\/v2\/pages\/909","targetHints":{"allow":["GET"]}}],"collection":[{"href":"https:\/\/sofepac.bi\/index.php?rest_route=\/wp\/v2\/pages"}],"about":[{"href":"https:\/\/sofepac.bi\/index.php?rest_route=\/wp\/v2\/types\/page"}],"author":[{"embeddable":true,"href":"https:\/\/sofepac.bi\/index.php?rest_route=\/wp\/v2\/users\/1"}],"replies":[{"embeddable":true,"href":"https:\/\/sofepac.bi\/index.php?rest_route=%2Fwp%2Fv2%2Fcomments&post=909"}],"version-history":[{"count":13,"href":"https:\/\/sofepac.bi\/index.php?rest_route=\/wp\/v2\/pages\/909\/revisions"}],"predecessor-version":[{"id":1516,"href":"https:\/\/sofepac.bi\/index.php?rest_route=\/wp\/v2\/pages\/909\/revisions\/1516"}],"up":[{"embeddable":true,"href":"https:\/\/sofepac.bi\/index.php?rest_route=\/wp\/v2\/pages\/315"}],"wp:attachment":[{"href":"https:\/\/sofepac.bi\/index.php?rest_route=%2Fwp%2Fv2%2Fmedia&parent=909"}],"curies":[{"name":"wp","href":"https:\/\/api.w.org\/{rel}","templated":true}]}}